{"id":10,"date":"2023-09-14T09:38:33","date_gmt":"2023-09-14T07:38:33","guid":{"rendered":"https:\/\/serwer2225583.home.pl\/autoinstalator\/wordpressplugins\/?page_id=10"},"modified":"2024-09-25T16:10:38","modified_gmt":"2024-09-25T14:10:38","slug":"dzialania","status":"publish","type":"page","link":"https:\/\/auxiliumfoundation.eu\/index.php\/dzialania\/","title":{"rendered":"Dzia\u0142ania"},"content":{"rendered":"\t\t<div data-elementor-type=\"wp-page\" data-elementor-id=\"10\" class=\"elementor elementor-10\">\n\t\t\t\t<div class=\"elementor-element elementor-element-6a578ee e-flex e-con-boxed wpr-particle-no wpr-jarallax-no wpr-parallax-no wpr-sticky-section-no wpr-equal-height-no e-con e-parent\" data-id=\"6a578ee\" data-element_type=\"container\" data-e-type=\"container\">\n\t\t\t\t\t<div class=\"e-con-inner\">\n\t\t\t\t<div class=\"elementor-element elementor-element-1019a87 elementor-widget elementor-widget-heading\" data-id=\"1019a87\" data-element_type=\"widget\" data-e-type=\"widget\" data-widget_type=\"heading.default\">\n\t\t\t\t<div class=\"elementor-widget-container\">\n\t\t\t\t\t<h2 class=\"elementor-heading-title elementor-size-default\"><h1 class=\"font_6 wixui-rich-text__text\" style=\"background: transparent;border: 0px;padding: 0px;vertical-align: baseline;font-size: 40px;line-height: 1.35em;color: #D8AC53;margin: 0px;text-align: center\"><span class=\"color_18 wixui-rich-text__text\" style=\"background: transparent;border: 0px;margin: 0px;padding: 0px;vertical-align: baseline\">Auxilium znaczy POMOC<\/span><\/h1><\/h2>\t\t\t\t<\/div>\n\t\t\t\t<\/div>\n\t\t\t\t<div class=\"elementor-element elementor-element-4deff59 elementor-widget elementor-widget-text-editor\" data-id=\"4deff59\" data-element_type=\"widget\" data-e-type=\"widget\" data-widget_type=\"text-editor.default\">\n\t\t\t\t<div class=\"elementor-widget-container\">\n\t\t\t\t\t\t\t\t\t<p><strong>Spe\u0142niamy si\u0119 pomagaj\u0105c s\u0142abszym i potrzebuj\u0105cym<\/strong><\/p><p>Celem fundacji jest przeciwdzia\u0142anie i zapobieganie marginalizacji spo\u0142ecznej oraz prowadzenie, wspieranie i inicjowanie porgram\u00f3w na rzecz przeciwdzia\u0142ania wykluczenia spo\u0142eczenmu<\/p><p>\u00a0<\/p>\t\t\t\t\t\t\t\t<\/div>\n\t\t\t\t<\/div>\n\t\t\t\t\t<\/div>\n\t\t\t\t<\/div>\n\t\t<div class=\"elementor-element elementor-element-68c2d20 e-flex e-con-boxed wpr-particle-no wpr-jarallax-no wpr-parallax-no wpr-sticky-section-no wpr-equal-height-no e-con e-parent\" data-id=\"68c2d20\" data-element_type=\"container\" data-e-type=\"container\">\n\t\t\t\t\t<div class=\"e-con-inner\">\n\t\t<div class=\"elementor-element elementor-element-6d6662d e-con-full e-flex wpr-particle-no wpr-jarallax-no wpr-parallax-no wpr-sticky-section-no wpr-equal-height-no e-con e-child\" data-id=\"6d6662d\" data-element_type=\"container\" data-e-type=\"container\">\n\t\t\t\t<div class=\"elementor-element elementor-element-1401aab elementor-widget elementor-widget-image\" data-id=\"1401aab\" data-element_type=\"widget\" data-e-type=\"widget\" data-widget_type=\"image.default\">\n\t\t\t\t<div class=\"elementor-widget-container\">\n\t\t\t\t\t\t\t\t\t\t\t\t\t\t\t<img fetchpriority=\"high\" decoding=\"async\" width=\"862\" height=\"600\" src=\"https:\/\/auxiliumfoundation.eu\/wp-content\/uploads\/2023\/10\/11062b_f319f4391a8b46529f39435aed124990mv2-1.webp\" class=\"attachment-full size-full wp-image-498\" alt=\"\" srcset=\"https:\/\/auxiliumfoundation.eu\/wp-content\/uploads\/2023\/10\/11062b_f319f4391a8b46529f39435aed124990mv2-1.webp 862w, https:\/\/auxiliumfoundation.eu\/wp-content\/uploads\/2023\/10\/11062b_f319f4391a8b46529f39435aed124990mv2-1-300x209.webp 300w, https:\/\/auxiliumfoundation.eu\/wp-content\/uploads\/2023\/10\/11062b_f319f4391a8b46529f39435aed124990mv2-1-768x535.webp 768w\" sizes=\"(max-width: 862px) 100vw, 862px\" \/>\t\t\t\t\t\t\t\t\t\t\t\t\t\t\t<\/div>\n\t\t\t\t<\/div>\n\t\t\t\t<\/div>\n\t\t<div class=\"elementor-element elementor-element-cb6182f e-con-full e-flex wpr-particle-no wpr-jarallax-no wpr-parallax-no wpr-sticky-section-no wpr-equal-height-no e-con e-child\" data-id=\"cb6182f\" data-element_type=\"container\" data-e-type=\"container\" data-settings=\"{&quot;background_background&quot;:&quot;classic&quot;}\">\n\t\t\t\t<div class=\"elementor-element elementor-element-4ef453a elementor-widget elementor-widget-heading\" data-id=\"4ef453a\" data-element_type=\"widget\" data-e-type=\"widget\" data-widget_type=\"heading.default\">\n\t\t\t\t<div class=\"elementor-widget-container\">\n\t\t\t\t\t<h3 class=\"elementor-heading-title elementor-size-default\">Jak Pomagamy?<\/h3>\t\t\t\t<\/div>\n\t\t\t\t<\/div>\n\t\t\t\t<div class=\"elementor-element elementor-element-e103a7c elementor-widget elementor-widget-text-editor\" data-id=\"e103a7c\" data-element_type=\"widget\" data-e-type=\"widget\" data-widget_type=\"text-editor.default\">\n\t\t\t\t<div class=\"elementor-widget-container\">\n\t\t\t\t\t\t\t\t\t<div data-testid=\"richTextElement\" data-angle=\"0\" data-angle-style-location=\"style\" data-screen-in-hide=\"done\">\n<p><strong><span><span>Inspiracja, wsparcie i opieka<\/span><\/span><\/strong><\/p>\n<\/div>\n<div data-testid=\"richTextElement\" data-angle=\"0\" data-angle-style-location=\"style\" data-screen-in-hide=\"done\">\n<p><span>Fundacja od pocz\u0105tku powstania realizuje zadania statutowe szczeg\u00f3lnie w zakresie dostaw us\u0142ug opieku\u0144czych, wsparcia psychologicznego os\u00f3b starszych, z zakresu terapii zaj\u0119ciowej, arteterapii. a tak\u017ce wspiera dzieci i m\u0142odzie\u017c poprzez kreatywne i aktywne zaj\u0119cia reintegracji spo\u0142ecznej.<\/span><\/p>\n<\/div>\t\t\t\t\t\t\t\t<\/div>\n\t\t\t\t<\/div>\n\t\t\t\t<\/div>\n\t\t\t\t\t<\/div>\n\t\t\t\t<\/div>\n\t\t<div class=\"elementor-element elementor-element-9516a24 e-flex e-con-boxed wpr-particle-no wpr-jarallax-no wpr-parallax-no wpr-sticky-section-no wpr-equal-height-no e-con e-parent\" data-id=\"9516a24\" data-element_type=\"container\" data-e-type=\"container\">\n\t\t\t\t\t<div class=\"e-con-inner\">\n\t\t<div class=\"elementor-element elementor-element-d5802c5 e-con-full e-flex wpr-particle-no wpr-jarallax-no wpr-parallax-no wpr-sticky-section-no wpr-equal-height-no e-con e-child\" data-id=\"d5802c5\" data-element_type=\"container\" data-e-type=\"container\" data-settings=\"{&quot;background_background&quot;:&quot;classic&quot;}\">\n\t\t\t\t<div class=\"elementor-element elementor-element-6e0ce80 elementor-widget elementor-widget-heading\" data-id=\"6e0ce80\" data-element_type=\"widget\" data-e-type=\"widget\" data-widget_type=\"heading.default\">\n\t\t\t\t<div class=\"elementor-widget-container\">\n\t\t\t\t\t<h3 class=\"elementor-heading-title elementor-size-default\">Komu pomagamy?<\/h3>\t\t\t\t<\/div>\n\t\t\t\t<\/div>\n\t\t\t\t<div class=\"elementor-element elementor-element-480c980 elementor-widget elementor-widget-text-editor\" data-id=\"480c980\" data-element_type=\"widget\" data-e-type=\"widget\" data-widget_type=\"text-editor.default\">\n\t\t\t\t<div class=\"elementor-widget-container\">\n\t\t\t\t\t\t\t\t\t<div data-testid=\"richTextElement\" data-angle=\"0\" data-angle-style-location=\"style\" data-screen-in-hide=\"done\"><div id=\"comp-l0sk2koz\" class=\"BaOVQ8 tz5f0K comp-l0sk2koz wixui-rich-text\" data-testid=\"richTextElement\" data-angle=\"0\" data-angle-style-location=\"style\" data-screen-in-hide=\"done\"><p class=\"font_8 wixui-rich-text__text\"><strong><span class=\"color_11 wixui-rich-text__text\"><span class=\"wixui-rich-text__text\">Potrzebuj\u0105cy s\u0105 wsz\u0119dzie, wystarczy si\u0119 rozejrze\u0107<\/span><\/span><\/strong><\/p><\/div><div id=\"comp-l0sjf95b\" class=\"BaOVQ8 tz5f0K comp-l0sjf95b wixui-rich-text\" data-testid=\"richTextElement\" data-angle=\"0\" data-angle-style-location=\"style\" data-screen-in-hide=\"done\"><p class=\"font_9 wixui-rich-text__text\"><span class=\"color_11 wixui-rich-text__text\">Najcz\u0119\u015bciej pracujemy z dzie\u0107mi i m\u0142odzie\u017c\u0105 oraz seniorami znajduj\u0105cymi si\u0119 w trudnej sytuacji \u017cyciowej. Stawiamy na dzia\u0142ania mi\u0119dzypokoleniowe, \u0142\u0105cz\u0105ce w sobie poczucie szacunku, przynale\u017cno\u015bci, wi\u0119zi, uczu\u0107, postawy odpowiedzialno\u015bci wobec innego pokolenia.<\/span><\/p><\/div><\/div>\t\t\t\t\t\t\t\t<\/div>\n\t\t\t\t<\/div>\n\t\t\t\t<\/div>\n\t\t<div class=\"elementor-element elementor-element-8b38048 e-con-full e-flex wpr-particle-no wpr-jarallax-no wpr-parallax-no wpr-sticky-section-no wpr-equal-height-no e-con e-child\" data-id=\"8b38048\" data-element_type=\"container\" data-e-type=\"container\">\n\t\t\t\t<div class=\"elementor-element elementor-element-3526180 elementor-widget elementor-widget-image\" data-id=\"3526180\" data-element_type=\"widget\" data-e-type=\"widget\" data-widget_type=\"image.default\">\n\t\t\t\t<div class=\"elementor-widget-container\">\n\t\t\t\t\t\t\t\t\t\t\t\t\t\t\t<img decoding=\"async\" src=\"https:\/\/auxiliumfoundation.eu\/wp-content\/uploads\/2023\/09\/11062b_238d1d69b57c49df92124e1219dfb98fmv2.webp\" title=\"11062b_238d1d69b57c49df92124e1219dfb98f~mv2\" alt=\"11062b_238d1d69b57c49df92124e1219dfb98f~mv2\" loading=\"lazy\" \/>\t\t\t\t\t\t\t\t\t\t\t\t\t\t\t<\/div>\n\t\t\t\t<\/div>\n\t\t\t\t<\/div>\n\t\t\t\t\t<\/div>\n\t\t\t\t<\/div>\n\t\t<div class=\"elementor-element elementor-element-beef31c e-flex e-con-boxed wpr-particle-no wpr-jarallax-no wpr-parallax-no wpr-sticky-section-no wpr-equal-height-no e-con e-parent\" data-id=\"beef31c\" data-element_type=\"container\" data-e-type=\"container\">\n\t\t\t\t\t<div class=\"e-con-inner\">\n\t\t<div class=\"elementor-element elementor-element-c71eb08 e-con-full e-flex wpr-particle-no wpr-jarallax-no wpr-parallax-no wpr-sticky-section-no wpr-equal-height-no e-con e-child\" data-id=\"c71eb08\" data-element_type=\"container\" data-e-type=\"container\">\n\t\t\t\t<div class=\"elementor-element elementor-element-8a02954 elementor-widget elementor-widget-image\" data-id=\"8a02954\" data-element_type=\"widget\" data-e-type=\"widget\" data-widget_type=\"image.default\">\n\t\t\t\t<div class=\"elementor-widget-container\">\n\t\t\t\t\t\t\t\t\t\t\t\t\t\t\t<img decoding=\"async\" width=\"862\" height=\"600\" src=\"https:\/\/auxiliumfoundation.eu\/wp-content\/uploads\/2023\/09\/4a3435_2c53c8c0c7da47708c80ff4af55e62b1mv2.webp\" class=\"attachment-full size-full wp-image-61\" alt=\"\" srcset=\"https:\/\/auxiliumfoundation.eu\/wp-content\/uploads\/2023\/09\/4a3435_2c53c8c0c7da47708c80ff4af55e62b1mv2.webp 862w, https:\/\/auxiliumfoundation.eu\/wp-content\/uploads\/2023\/09\/4a3435_2c53c8c0c7da47708c80ff4af55e62b1mv2-300x209.webp 300w, https:\/\/auxiliumfoundation.eu\/wp-content\/uploads\/2023\/09\/4a3435_2c53c8c0c7da47708c80ff4af55e62b1mv2-768x535.webp 768w\" sizes=\"(max-width: 862px) 100vw, 862px\" \/>\t\t\t\t\t\t\t\t\t\t\t\t\t\t\t<\/div>\n\t\t\t\t<\/div>\n\t\t\t\t<\/div>\n\t\t<div class=\"elementor-element elementor-element-2189c28 e-con-full e-flex wpr-particle-no wpr-jarallax-no wpr-parallax-no wpr-sticky-section-no wpr-equal-height-no e-con e-child\" data-id=\"2189c28\" data-element_type=\"container\" data-e-type=\"container\" data-settings=\"{&quot;background_background&quot;:&quot;classic&quot;}\">\n\t\t\t\t<div class=\"elementor-element elementor-element-75205b8 elementor-widget elementor-widget-heading\" data-id=\"75205b8\" data-element_type=\"widget\" data-e-type=\"widget\" data-widget_type=\"heading.default\">\n\t\t\t\t<div class=\"elementor-widget-container\">\n\t\t\t\t\t<h3 class=\"elementor-heading-title elementor-size-default\">Z kim pomagamy?<\/h3>\t\t\t\t<\/div>\n\t\t\t\t<\/div>\n\t\t\t\t<div class=\"elementor-element elementor-element-5c12055 elementor-widget elementor-widget-text-editor\" data-id=\"5c12055\" data-element_type=\"widget\" data-e-type=\"widget\" data-widget_type=\"text-editor.default\">\n\t\t\t\t<div class=\"elementor-widget-container\">\n\t\t\t\t\t\t\t\t\t<div id=\"comp-l0sk2kp1\" class=\"BaOVQ8 tz5f0K comp-l0sk2kp1 wixui-rich-text\" data-testid=\"richTextElement\" data-angle=\"0\" data-angle-style-location=\"style\" data-screen-in-hide=\"done\"><p class=\"font_8 wixui-rich-text__text\"><strong><span class=\"color_11 wixui-rich-text__text\"><span class=\"wixui-rich-text__text\">Pracownicy i wolontariusze<\/span><\/span><\/strong><\/p><\/div><div id=\"comp-l0sjf95g\" class=\"BaOVQ8 tz5f0K comp-l0sjf95g wixui-rich-text\" data-testid=\"richTextElement\" data-angle=\"0\" data-angle-style-location=\"style\" data-screen-in-hide=\"done\"><p class=\"font_9 wixui-rich-text__text\"><span class=\"color_11 wixui-rich-text__text\">Realizujemy programy\u00a0wolontaryjne dzia\u0142aj\u0105ce na rzecz reintegracji spo\u0142ecznej i zawodowej os\u00f3b zagro\u017conych wykluczeniem spo\u0142ecznym.<br class=\"wixui-rich-text__text\" \/>Pr\u00f3cz grona wolontariuszy Fundacja zatrudnia 11 wykwalifikowanych opiekunek, 3 piel\u0119gniarki, 15 asystent\u00f3w os\u00f3b niepe\u0142nosprawnych. Na sta\u0142e wsp\u00f3\u0142pracujemy te\u017c z lekarzem, psychologiem oraz terapeut\u0105 zaj\u0119ciowym.<\/span><\/p><\/div>\t\t\t\t\t\t\t\t<\/div>\n\t\t\t\t<\/div>\n\t\t\t\t<\/div>\n\t\t\t\t\t<\/div>\n\t\t\t\t<\/div>\n\t\t\t\t<\/div>\n\t\t","protected":false},"excerpt":{"rendered":"<p>Auxilium znaczy POMOC Spe\u0142niamy si\u0119 pomagaj\u0105c s\u0142abszym i potrzebuj\u0105cym Celem fundacji jest przeciwdzia\u0142anie i zapobieganie marginalizacji spo\u0142ecznej oraz prowadzenie, wspieranie i inicjowanie porgram\u00f3w na rzecz przeciwdzia\u0142ania wykluczenia spo\u0142eczenmu \u00a0 Jak Pomagamy? Inspiracja, wsparcie i opieka Fundacja od pocz\u0105tku powstania realizuje zadania statutowe szczeg\u00f3lnie w zakresie dostaw us\u0142ug opieku\u0144czych, wsparcia psychologicznego os\u00f3b starszych, z zakresu terapii zaj\u0119ciowej, arteterapii. a tak\u017ce wspiera dzieci i m\u0142odzie\u017c poprzez kreatywne i aktywne zaj\u0119cia reintegracji spo\u0142ecznej. Komu pomagamy? Potrzebuj\u0105cy s\u0105 wsz\u0119dzie, wystarczy si\u0119 rozejrze\u0107 Najcz\u0119\u015bciej pracujemy z dzie\u0107mi i m\u0142odzie\u017c\u0105 oraz seniorami znajduj\u0105cymi si\u0119 w trudnej sytuacji \u017cyciowej. Stawiamy na dzia\u0142ania mi\u0119dzypokoleniowe, \u0142\u0105cz\u0105ce w sobie poczucie szacunku, przynale\u017cno\u015bci, wi\u0119zi, uczu\u0107, postawy odpowiedzialno\u015bci wobec innego pokolenia. Z kim pomagamy? Pracownicy i wolontariusze Realizujemy programy\u00a0wolontaryjne dzia\u0142aj\u0105ce na rzecz reintegracji spo\u0142ecznej i zawodowej os\u00f3b zagro\u017conych wykluczeniem spo\u0142ecznym.Pr\u00f3cz grona wolontariuszy Fundacja zatrudnia 11 wykwalifikowanych opiekunek, 3 piel\u0119gniarki, 15 asystent\u00f3w os\u00f3b niepe\u0142nosprawnych. Na sta\u0142e wsp\u00f3\u0142pracujemy te\u017c z lekarzem, psychologiem oraz terapeut\u0105 zaj\u0119ciowym.<\/p>\n","protected":false},"author":1,"featured_media":0,"parent":0,"menu_order":0,"comment_status":"closed","ping_status":"closed","template":"elementor_header_footer","meta":{"footnotes":""},"class_list":["post-10","page","type-page","status-publish","hentry"],"yoast_head":"<!-- This site is optimized with the Yoast SEO plugin v27.4 - https:\/\/yoast.com\/product\/yoast-seo-wordpress\/ -->\n<title>Dzia\u0142ania - wordpressplugins<\/title>\n<meta name=\"robots\" content=\"index, follow, max-snippet:-1, max-image-preview:large, max-video-preview:-1\" \/>\n<link rel=\"canonical\" href=\"https:\/\/auxiliumfoundation.eu\/index.php\/dzialania\/\" \/>\n<meta property=\"og:locale\" content=\"pl_PL\" \/>\n<meta property=\"og:type\" content=\"article\" \/>\n<meta property=\"og:title\" content=\"Dzia\u0142ania - wordpressplugins\" \/>\n<meta property=\"og:description\" content=\"Auxilium znaczy POMOC Spe\u0142niamy si\u0119 pomagaj\u0105c s\u0142abszym i potrzebuj\u0105cym Celem fundacji jest przeciwdzia\u0142anie i zapobieganie marginalizacji spo\u0142ecznej oraz prowadzenie, wspieranie i inicjowanie porgram\u00f3w na rzecz przeciwdzia\u0142ania wykluczenia spo\u0142eczenmu \u00a0 Jak Pomagamy? Inspiracja, wsparcie i opieka Fundacja od pocz\u0105tku powstania realizuje zadania statutowe szczeg\u00f3lnie w zakresie dostaw us\u0142ug opieku\u0144czych, wsparcia psychologicznego os\u00f3b starszych, z zakresu terapii zaj\u0119ciowej, arteterapii. a tak\u017ce wspiera dzieci i m\u0142odzie\u017c poprzez kreatywne i aktywne zaj\u0119cia reintegracji spo\u0142ecznej. Komu pomagamy? Potrzebuj\u0105cy s\u0105 wsz\u0119dzie, wystarczy si\u0119 rozejrze\u0107 Najcz\u0119\u015bciej pracujemy z dzie\u0107mi i m\u0142odzie\u017c\u0105 oraz seniorami znajduj\u0105cymi si\u0119 w trudnej sytuacji \u017cyciowej. Stawiamy na dzia\u0142ania mi\u0119dzypokoleniowe, \u0142\u0105cz\u0105ce w sobie poczucie szacunku, przynale\u017cno\u015bci, wi\u0119zi, uczu\u0107, postawy odpowiedzialno\u015bci wobec innego pokolenia. Z kim pomagamy? Pracownicy i wolontariusze Realizujemy programy\u00a0wolontaryjne dzia\u0142aj\u0105ce na rzecz reintegracji spo\u0142ecznej i zawodowej os\u00f3b zagro\u017conych wykluczeniem spo\u0142ecznym.Pr\u00f3cz grona wolontariuszy Fundacja zatrudnia 11 wykwalifikowanych opiekunek, 3 piel\u0119gniarki, 15 asystent\u00f3w os\u00f3b niepe\u0142nosprawnych. Na sta\u0142e wsp\u00f3\u0142pracujemy te\u017c z lekarzem, psychologiem oraz terapeut\u0105 zaj\u0119ciowym.\" \/>\n<meta property=\"og:url\" content=\"https:\/\/auxiliumfoundation.eu\/index.php\/dzialania\/\" \/>\n<meta property=\"og:site_name\" content=\"wordpressplugins\" \/>\n<meta property=\"article:modified_time\" content=\"2024-09-25T14:10:38+00:00\" \/>\n<meta property=\"og:image\" content=\"https:\/\/auxiliumfoundation.eu\/wp-content\/uploads\/2023\/10\/11062b_f319f4391a8b46529f39435aed124990mv2-1.webp\" \/>\n<meta name=\"twitter:card\" content=\"summary_large_image\" \/>\n<meta name=\"twitter:label1\" content=\"Szacowany czas czytania\" \/>\n\t<meta name=\"twitter:data1\" content=\"2 minuty\" \/>\n<script type=\"application\/ld+json\" class=\"yoast-schema-graph\">{\"@context\":\"https:\\\/\\\/schema.org\",\"@graph\":[{\"@type\":\"WebPage\",\"@id\":\"https:\\\/\\\/auxiliumfoundation.eu\\\/index.php\\\/dzialania\\\/\",\"url\":\"https:\\\/\\\/auxiliumfoundation.eu\\\/index.php\\\/dzialania\\\/\",\"name\":\"Dzia\u0142ania - wordpressplugins\",\"isPartOf\":{\"@id\":\"https:\\\/\\\/auxiliumfoundation.eu\\\/#website\"},\"primaryImageOfPage\":{\"@id\":\"https:\\\/\\\/auxiliumfoundation.eu\\\/index.php\\\/dzialania\\\/#primaryimage\"},\"image\":{\"@id\":\"https:\\\/\\\/auxiliumfoundation.eu\\\/index.php\\\/dzialania\\\/#primaryimage\"},\"thumbnailUrl\":\"https:\\\/\\\/auxiliumfoundation.eu\\\/wp-content\\\/uploads\\\/2023\\\/10\\\/11062b_f319f4391a8b46529f39435aed124990mv2-1.webp\",\"datePublished\":\"2023-09-14T07:38:33+00:00\",\"dateModified\":\"2024-09-25T14:10:38+00:00\",\"breadcrumb\":{\"@id\":\"https:\\\/\\\/auxiliumfoundation.eu\\\/index.php\\\/dzialania\\\/#breadcrumb\"},\"inLanguage\":\"pl-PL\",\"potentialAction\":[{\"@type\":\"ReadAction\",\"target\":[\"https:\\\/\\\/auxiliumfoundation.eu\\\/index.php\\\/dzialania\\\/\"]}]},{\"@type\":\"ImageObject\",\"inLanguage\":\"pl-PL\",\"@id\":\"https:\\\/\\\/auxiliumfoundation.eu\\\/index.php\\\/dzialania\\\/#primaryimage\",\"url\":\"https:\\\/\\\/auxiliumfoundation.eu\\\/wp-content\\\/uploads\\\/2023\\\/10\\\/11062b_f319f4391a8b46529f39435aed124990mv2-1.webp\",\"contentUrl\":\"https:\\\/\\\/auxiliumfoundation.eu\\\/wp-content\\\/uploads\\\/2023\\\/10\\\/11062b_f319f4391a8b46529f39435aed124990mv2-1.webp\",\"width\":862,\"height\":600},{\"@type\":\"BreadcrumbList\",\"@id\":\"https:\\\/\\\/auxiliumfoundation.eu\\\/index.php\\\/dzialania\\\/#breadcrumb\",\"itemListElement\":[{\"@type\":\"ListItem\",\"position\":1,\"name\":\"Home\",\"item\":\"https:\\\/\\\/auxiliumfoundation.eu\\\/\"},{\"@type\":\"ListItem\",\"position\":2,\"name\":\"Dzia\u0142ania\"}]},{\"@type\":\"WebSite\",\"@id\":\"https:\\\/\\\/auxiliumfoundation.eu\\\/#website\",\"url\":\"https:\\\/\\\/auxiliumfoundation.eu\\\/\",\"name\":\"wordpressplugins\",\"description\":\"\",\"potentialAction\":[{\"@type\":\"SearchAction\",\"target\":{\"@type\":\"EntryPoint\",\"urlTemplate\":\"https:\\\/\\\/auxiliumfoundation.eu\\\/?s={search_term_string}\"},\"query-input\":{\"@type\":\"PropertyValueSpecification\",\"valueRequired\":true,\"valueName\":\"search_term_string\"}}],\"inLanguage\":\"pl-PL\"}]}<\/script>\n<!-- \/ Yoast SEO plugin. -->","yoast_head_json":{"title":"Dzia\u0142ania - wordpressplugins","robots":{"index":"index","follow":"follow","max-snippet":"max-snippet:-1","max-image-preview":"max-image-preview:large","max-video-preview":"max-video-preview:-1"},"canonical":"https:\/\/auxiliumfoundation.eu\/index.php\/dzialania\/","og_locale":"pl_PL","og_type":"article","og_title":"Dzia\u0142ania - wordpressplugins","og_description":"Auxilium znaczy POMOC Spe\u0142niamy si\u0119 pomagaj\u0105c s\u0142abszym i potrzebuj\u0105cym Celem fundacji jest przeciwdzia\u0142anie i zapobieganie marginalizacji spo\u0142ecznej oraz prowadzenie, wspieranie i inicjowanie porgram\u00f3w na rzecz przeciwdzia\u0142ania wykluczenia spo\u0142eczenmu \u00a0 Jak Pomagamy? Inspiracja, wsparcie i opieka Fundacja od pocz\u0105tku powstania realizuje zadania statutowe szczeg\u00f3lnie w zakresie dostaw us\u0142ug opieku\u0144czych, wsparcia psychologicznego os\u00f3b starszych, z zakresu terapii zaj\u0119ciowej, arteterapii. a tak\u017ce wspiera dzieci i m\u0142odzie\u017c poprzez kreatywne i aktywne zaj\u0119cia reintegracji spo\u0142ecznej. Komu pomagamy? Potrzebuj\u0105cy s\u0105 wsz\u0119dzie, wystarczy si\u0119 rozejrze\u0107 Najcz\u0119\u015bciej pracujemy z dzie\u0107mi i m\u0142odzie\u017c\u0105 oraz seniorami znajduj\u0105cymi si\u0119 w trudnej sytuacji \u017cyciowej. Stawiamy na dzia\u0142ania mi\u0119dzypokoleniowe, \u0142\u0105cz\u0105ce w sobie poczucie szacunku, przynale\u017cno\u015bci, wi\u0119zi, uczu\u0107, postawy odpowiedzialno\u015bci wobec innego pokolenia. Z kim pomagamy? Pracownicy i wolontariusze Realizujemy programy\u00a0wolontaryjne dzia\u0142aj\u0105ce na rzecz reintegracji spo\u0142ecznej i zawodowej os\u00f3b zagro\u017conych wykluczeniem spo\u0142ecznym.Pr\u00f3cz grona wolontariuszy Fundacja zatrudnia 11 wykwalifikowanych opiekunek, 3 piel\u0119gniarki, 15 asystent\u00f3w os\u00f3b niepe\u0142nosprawnych. Na sta\u0142e wsp\u00f3\u0142pracujemy te\u017c z lekarzem, psychologiem oraz terapeut\u0105 zaj\u0119ciowym.","og_url":"https:\/\/auxiliumfoundation.eu\/index.php\/dzialania\/","og_site_name":"wordpressplugins","article_modified_time":"2024-09-25T14:10:38+00:00","og_image":[{"url":"https:\/\/auxiliumfoundation.eu\/wp-content\/uploads\/2023\/10\/11062b_f319f4391a8b46529f39435aed124990mv2-1.webp","type":"","width":"","height":""}],"twitter_card":"summary_large_image","twitter_misc":{"Szacowany czas czytania":"2 minuty"},"schema":{"@context":"https:\/\/schema.org","@graph":[{"@type":"WebPage","@id":"https:\/\/auxiliumfoundation.eu\/index.php\/dzialania\/","url":"https:\/\/auxiliumfoundation.eu\/index.php\/dzialania\/","name":"Dzia\u0142ania - wordpressplugins","isPartOf":{"@id":"https:\/\/auxiliumfoundation.eu\/#website"},"primaryImageOfPage":{"@id":"https:\/\/auxiliumfoundation.eu\/index.php\/dzialania\/#primaryimage"},"image":{"@id":"https:\/\/auxiliumfoundation.eu\/index.php\/dzialania\/#primaryimage"},"thumbnailUrl":"https:\/\/auxiliumfoundation.eu\/wp-content\/uploads\/2023\/10\/11062b_f319f4391a8b46529f39435aed124990mv2-1.webp","datePublished":"2023-09-14T07:38:33+00:00","dateModified":"2024-09-25T14:10:38+00:00","breadcrumb":{"@id":"https:\/\/auxiliumfoundation.eu\/index.php\/dzialania\/#breadcrumb"},"inLanguage":"pl-PL","potentialAction":[{"@type":"ReadAction","target":["https:\/\/auxiliumfoundation.eu\/index.php\/dzialania\/"]}]},{"@type":"ImageObject","inLanguage":"pl-PL","@id":"https:\/\/auxiliumfoundation.eu\/index.php\/dzialania\/#primaryimage","url":"https:\/\/auxiliumfoundation.eu\/wp-content\/uploads\/2023\/10\/11062b_f319f4391a8b46529f39435aed124990mv2-1.webp","contentUrl":"https:\/\/auxiliumfoundation.eu\/wp-content\/uploads\/2023\/10\/11062b_f319f4391a8b46529f39435aed124990mv2-1.webp","width":862,"height":600},{"@type":"BreadcrumbList","@id":"https:\/\/auxiliumfoundation.eu\/index.php\/dzialania\/#breadcrumb","itemListElement":[{"@type":"ListItem","position":1,"name":"Home","item":"https:\/\/auxiliumfoundation.eu\/"},{"@type":"ListItem","position":2,"name":"Dzia\u0142ania"}]},{"@type":"WebSite","@id":"https:\/\/auxiliumfoundation.eu\/#website","url":"https:\/\/auxiliumfoundation.eu\/","name":"wordpressplugins","description":"","potentialAction":[{"@type":"SearchAction","target":{"@type":"EntryPoint","urlTemplate":"https:\/\/auxiliumfoundation.eu\/?s={search_term_string}"},"query-input":{"@type":"PropertyValueSpecification","valueRequired":true,"valueName":"search_term_string"}}],"inLanguage":"pl-PL"}]}},"_links":{"self":[{"href":"https:\/\/auxiliumfoundation.eu\/index.php\/wp-json\/wp\/v2\/pages\/10","targetHints":{"allow":["GET"]}}],"collection":[{"href":"https:\/\/auxiliumfoundation.eu\/index.php\/wp-json\/wp\/v2\/pages"}],"about":[{"href":"https:\/\/auxiliumfoundation.eu\/index.php\/wp-json\/wp\/v2\/types\/page"}],"author":[{"embeddable":true,"href":"https:\/\/auxiliumfoundation.eu\/index.php\/wp-json\/wp\/v2\/users\/1"}],"replies":[{"embeddable":true,"href":"https:\/\/auxiliumfoundation.eu\/index.php\/wp-json\/wp\/v2\/comments?post=10"}],"version-history":[{"count":76,"href":"https:\/\/auxiliumfoundation.eu\/index.php\/wp-json\/wp\/v2\/pages\/10\/revisions"}],"predecessor-version":[{"id":1163,"href":"https:\/\/auxiliumfoundation.eu\/index.php\/wp-json\/wp\/v2\/pages\/10\/revisions\/1163"}],"wp:attachment":[{"href":"https:\/\/auxiliumfoundation.eu\/index.php\/wp-json\/wp\/v2\/media?parent=10"}],"curies":[{"name":"wp","href":"https:\/\/api.w.org\/{rel}","templated":true}]}}