{"id":14,"date":"2023-09-14T09:39:48","date_gmt":"2023-09-14T07:39:48","guid":{"rendered":"https:\/\/serwer2225583.home.pl\/autoinstalator\/wordpressplugins\/?page_id=14"},"modified":"2025-09-12T10:56:19","modified_gmt":"2025-09-12T08:56:19","slug":"nasza-wspolpraca","status":"publish","type":"page","link":"https:\/\/auxiliumfoundation.eu\/index.php\/nasza-wspolpraca\/","title":{"rendered":"Nasza wsp\u00f3\u0142praca"},"content":{"rendered":"\t\t<div data-elementor-type=\"wp-page\" data-elementor-id=\"14\" class=\"elementor elementor-14\">\n\t\t\t\t<div class=\"elementor-element elementor-element-b4ff737 e-flex e-con-boxed wpr-particle-no wpr-jarallax-no wpr-parallax-no wpr-sticky-section-no wpr-equal-height-no e-con e-parent\" data-id=\"b4ff737\" data-element_type=\"container\" data-e-type=\"container\">\n\t\t\t\t\t<div class=\"e-con-inner\">\n\t\t\t\t<div class=\"elementor-element elementor-element-b5e9668 elementor-widget elementor-widget-heading\" data-id=\"b5e9668\" data-element_type=\"widget\" data-e-type=\"widget\" data-widget_type=\"heading.default\">\n\t\t\t\t<div class=\"elementor-widget-container\">\n\t\t\t\t\t<h2 class=\"elementor-heading-title elementor-size-default\">Razem mo\u017cemy wi\u0119cej<\/h2>\t\t\t\t<\/div>\n\t\t\t\t<\/div>\n\t\t\t\t<div class=\"elementor-element elementor-element-e19e001 elementor-widget elementor-widget-text-editor\" data-id=\"e19e001\" data-element_type=\"widget\" data-e-type=\"widget\" data-widget_type=\"text-editor.default\">\n\t\t\t\t<div class=\"elementor-widget-container\">\n\t\t\t\t\t\t\t\t\t<p style=\"text-align: center;\"><span style=\"color: #000000;\">Z kim wsp\u00f3\u0142pracujemy<\/span><\/p>\t\t\t\t\t\t\t\t<\/div>\n\t\t\t\t<\/div>\n\t\t\t\t\t<\/div>\n\t\t\t\t<\/div>\n\t\t<div class=\"elementor-element elementor-element-58ec0c8 e-flex e-con-boxed wpr-particle-no wpr-jarallax-no wpr-parallax-no wpr-sticky-section-no wpr-equal-height-no e-con e-parent\" data-id=\"58ec0c8\" data-element_type=\"container\" data-e-type=\"container\">\n\t\t\t\t\t<div class=\"e-con-inner\">\n\t\t\t\t<div class=\"elementor-element elementor-element-0abfe63 elementor-position-left elementor-vertical-align-middle elementor-widget elementor-widget-image-box\" data-id=\"0abfe63\" data-element_type=\"widget\" data-e-type=\"widget\" data-widget_type=\"image-box.default\">\n\t\t\t\t<div class=\"elementor-widget-container\">\n\t\t\t\t\t<div class=\"elementor-image-box-wrapper\"><figure class=\"elementor-image-box-img\"><img decoding=\"async\" width=\"140\" height=\"69\" src=\"https:\/\/auxiliumfoundation.eu\/wp-content\/uploads\/2023\/09\/logo-normabaria.webp\" class=\"attachment-medium size-medium wp-image-142\" alt=\"\" \/><\/figure><div class=\"elementor-image-box-content\"><h4 class=\"elementor-image-box-title\">BariMed Bielsko-Bia\u0142a<\/h4><p class=\"elementor-image-box-description\"><b>Normabaria<\/b><br><br>\nNasza Fundacja wsp\u00f3\u0142pracuje z firm\u0105 Barimed od roku 2022.  Wsp\u00f3\u0142praca umo\u017cliwia nam jeszcze skuteczniejsze wspieranie naszych podopiecznych. Komora normabaryczna to sprawdzone rozwi\u0105zanie, kt\u00f3re  polega na przebywaniu w komorze normobarycznej o zwi\u0119kszonym ci\u015bnieniu, wi\u0119kszej zawarto\u015bci tlenu i dwutlenku w\u0119gla, a tak\u017ce atmosferze wzbogaconej o cz\u0105steczkowy wod\u00f3r. Dzi\u0119kujemy firmie Barimed za zaufanie i gotowo\u015b\u0107 do wsparcia naszej misji. Razem dzia\u0142amy na rzecz zdrowia i dobrobytu naszych podopiecznych.<\/p><\/div><\/div>\t\t\t\t<\/div>\n\t\t\t\t<\/div>\n\t\t\t\t<div class=\"elementor-element elementor-element-cb3e210 elementor-position-left elementor-vertical-align-middle elementor-widget elementor-widget-image-box\" data-id=\"cb3e210\" data-element_type=\"widget\" data-e-type=\"widget\" data-widget_type=\"image-box.default\">\n\t\t\t\t<div class=\"elementor-widget-container\">\n\t\t\t\t\t<div class=\"elementor-image-box-wrapper\"><figure class=\"elementor-image-box-img\"><img fetchpriority=\"high\" decoding=\"async\" width=\"300\" height=\"257\" src=\"https:\/\/auxiliumfoundation.eu\/wp-content\/uploads\/2023\/10\/Logo_CUS_Laziska_G_bez_tla_RGB-300x257.png\" class=\"attachment-medium size-medium wp-image-372\" alt=\"\" srcset=\"https:\/\/auxiliumfoundation.eu\/wp-content\/uploads\/2023\/10\/Logo_CUS_Laziska_G_bez_tla_RGB-300x257.png 300w, https:\/\/auxiliumfoundation.eu\/wp-content\/uploads\/2023\/10\/Logo_CUS_Laziska_G_bez_tla_RGB.png 500w\" sizes=\"(max-width: 300px) 100vw, 300px\" \/><\/figure><div class=\"elementor-image-box-content\"><h4 class=\"elementor-image-box-title\">Centrum Us\u0142ug Spo\u0142ecznych<\/h4><p class=\"elementor-image-box-description\"><b>w \u0141aziskach G\u00f3rnych<\/b><br><br>\nFundacja AUXILIUM dla CUS w \u0141aziskach G\u00f3rnych w latach 2022 i 2023 mieli\u015bmy przyjemno\u015b\u0107 prowadzi\u0107 projekt zwi\u0105zany z us\u0142ugami wytchnieniowymi, kt\u00f3ry oferowa\u0142 wsparcie rodzicom i opiekunom os\u00f3b niepe\u0142nosprawnych. Nasza wsp\u00f3\u0142praca pozwoli\u0142a wielu rodzinom znale\u017a\u0107 chwil\u0119 oddechu i wsparcia w trudnych chwilach.\n\nW roku 2023, w ramach projektu \"Aktywizacja 40+\", kontynuujemy nasz\u0105 misj\u0119 wspierania spo\u0142eczno\u015bci. D\u0105\u017cymy do aktywizacji os\u00f3b powy\u017cej 40. roku \u017cycia, pomagaj\u0105c im rozwija\u0107 swoje zainteresowania i umiej\u0119tno\u015bci. Ta wsp\u00f3\u0142praca to kolejny krok w naszym wsp\u00f3lnym wysi\u0142ku na rzecz lepszego \u017cycia i wsparcia dla tych, kt\u00f3rzy tego potrzebuj\u0105.\n\nDzi\u0119kujemy Centrum Us\u0142ug Spo\u0142ecznych w \u0141aziskach G\u00f3rnych za zaufanie i mo\u017cliwo\u015b\u0107 dzia\u0142ania razem. Razem zmieniamy \u017cycie wielu os\u00f3b i tworzymy lepsz\u0105 przysz\u0142o\u015b\u0107 dla naszej spo\u0142eczno\u015bci.<\/p><\/div><\/div>\t\t\t\t<\/div>\n\t\t\t\t<\/div>\n\t\t\t\t<div class=\"elementor-element elementor-element-53d70c3 elementor-position-left elementor-vertical-align-middle elementor-widget elementor-widget-image-box\" data-id=\"53d70c3\" data-element_type=\"widget\" data-e-type=\"widget\" data-widget_type=\"image-box.default\">\n\t\t\t\t<div class=\"elementor-widget-container\">\n\t\t\t\t\t<div class=\"elementor-image-box-wrapper\"><figure class=\"elementor-image-box-img\"><img decoding=\"async\" width=\"140\" height=\"51\" src=\"https:\/\/auxiliumfoundation.eu\/wp-content\/uploads\/2023\/09\/UlicaOGO.webp\" class=\"attachment-medium size-medium wp-image-143\" alt=\"\" \/><\/figure><div class=\"elementor-image-box-content\"><h4 class=\"elementor-image-box-title\"><span style=\"color: var( --e-global-color-primary );font-family: var( --e-global-typography-primary-font-family ), Sans-serif;font-size: var(--wp--preset--font-size--large);font-weight: var( --e-global-typography-primary-font-weight );background-color: var(--wp--preset--color--base)\">Fundacja ULICA<\/span><\/h4><p class=\"elementor-image-box-description\"><span style=\"font-weight: 700\">Ambasadorzy nie\/mo\u017cliwego<\/span><br>\nNasz wsp\u00f3\u0142praca trwa nieprzerwanie od 2013 roku. Realizowane wsp\u00f3lnie z klientem projekty pozwoli\u0142y fundacji da\u0107 wsparcie i obj\u0105\u0107 opiek\u0105 setki podopiecznych. Wsp\u00f3\u0142praca z fundacj\u0105 realizowana jest na wielu p\u0142aszczyznach od przygotowania wniosk\u00f3w, a\u017c po procesy zwi\u0105zane z prowadzeniem i realizacj\u0105 dofinansowanych projekt\u00f3w.<\/p><\/div><\/div>\t\t\t\t<\/div>\n\t\t\t\t<\/div>\n\t\t\t\t<div class=\"elementor-element elementor-element-623dbad elementor-position-left elementor-vertical-align-middle elementor-widget elementor-widget-image-box\" data-id=\"623dbad\" data-element_type=\"widget\" data-e-type=\"widget\" data-widget_type=\"image-box.default\">\n\t\t\t\t<div class=\"elementor-widget-container\">\n\t\t\t\t\t<div class=\"elementor-image-box-wrapper\"><figure class=\"elementor-image-box-img\"><img loading=\"lazy\" decoding=\"async\" width=\"140\" height=\"59\" src=\"https:\/\/auxiliumfoundation.eu\/wp-content\/uploads\/2023\/09\/logo_yellow-Funacja-Gniazdo.webp\" class=\"attachment-medium size-medium wp-image-139\" alt=\"\" \/><\/figure><div class=\"elementor-image-box-content\"><h4 class=\"elementor-image-box-title\"><span style=\"color: var( --e-global-color-primary );font-family: var( --e-global-typography-primary-font-family ), Sans-serif;font-size: var(--wp--preset--font-size--large);font-weight: var( --e-global-typography-primary-font-weight );background-color: var(--wp--preset--color--base)\">Fundacja GNIAZDO<\/span><\/h4><p class=\"elementor-image-box-description\"><div data-testid=\"richTextElement\" data-angle=\"0\" data-angle-style-location=\"style\" data-screen-in-hide=\"done\"><p><span style=\"font-weight: bolder\">W ka\u017cdym tkwi potencja\u0142 do czynienia rzeczy wielkich<\/span><\/p><\/div>Wsp\u00f3\u0142praca z fundacj\u0105 realizowana jest na wielu p\u0142aszczyznach od wsp\u00f3lnego przygotowania wniosk\u00f3w, a\u017c po konsultowanie proces\u00f3w zwi\u0105zanych z prowadzeniem i realizacj\u0105 dofinansowanych projekt\u00f3w.<\/p><\/div><\/div>\t\t\t\t<\/div>\n\t\t\t\t<\/div>\n\t\t\t\t\t<\/div>\n\t\t\t\t<\/div>\n\t\t\t\t<\/div>\n\t\t","protected":false},"excerpt":{"rendered":"<p>Razem mo\u017cemy wi\u0119cej Z kim wsp\u00f3\u0142pracujemy BariMed Bielsko-Bia\u0142a Normabaria Nasza Fundacja wsp\u00f3\u0142pracuje z firm\u0105 Barimed od roku 2022. Wsp\u00f3\u0142praca umo\u017cliwia nam jeszcze skuteczniejsze wspieranie naszych podopiecznych. Komora normabaryczna to sprawdzone rozwi\u0105zanie, kt\u00f3re polega na przebywaniu w komorze normobarycznej o zwi\u0119kszonym ci\u015bnieniu, wi\u0119kszej zawarto\u015bci tlenu i dwutlenku w\u0119gla, a tak\u017ce atmosferze wzbogaconej o cz\u0105steczkowy wod\u00f3r. Dzi\u0119kujemy firmie Barimed za zaufanie i gotowo\u015b\u0107 do wsparcia naszej misji. Razem dzia\u0142amy na rzecz zdrowia i dobrobytu naszych podopiecznych. Centrum Us\u0142ug Spo\u0142ecznych w \u0141aziskach G\u00f3rnych Fundacja AUXILIUM dla CUS w \u0141aziskach G\u00f3rnych w latach 2022 i 2023 mieli\u015bmy przyjemno\u015b\u0107 prowadzi\u0107 projekt zwi\u0105zany z us\u0142ugami wytchnieniowymi, kt\u00f3ry oferowa\u0142 wsparcie rodzicom i opiekunom os\u00f3b niepe\u0142nosprawnych. Nasza wsp\u00f3\u0142praca pozwoli\u0142a wielu rodzinom znale\u017a\u0107 chwil\u0119 oddechu i wsparcia w trudnych chwilach. W roku 2023, w ramach projektu &#8222;Aktywizacja 40+&#8221;, kontynuujemy nasz\u0105 misj\u0119 wspierania spo\u0142eczno\u015bci. D\u0105\u017cymy do aktywizacji os\u00f3b powy\u017cej 40. roku \u017cycia, pomagaj\u0105c im rozwija\u0107 swoje zainteresowania i umiej\u0119tno\u015bci. Ta wsp\u00f3\u0142praca to kolejny krok w naszym wsp\u00f3lnym wysi\u0142ku na rzecz lepszego \u017cycia i wsparcia dla tych, kt\u00f3rzy tego potrzebuj\u0105. Dzi\u0119kujemy Centrum Us\u0142ug Spo\u0142ecznych w \u0141aziskach G\u00f3rnych za zaufanie i mo\u017cliwo\u015b\u0107 dzia\u0142ania razem. Razem zmieniamy \u017cycie wielu os\u00f3b i tworzymy lepsz\u0105 przysz\u0142o\u015b\u0107 dla naszej spo\u0142eczno\u015bci. Fundacja ULICA Ambasadorzy nie\/mo\u017cliwego Nasz wsp\u00f3\u0142praca trwa nieprzerwanie od 2013 roku. Realizowane wsp\u00f3lnie z klientem projekty pozwoli\u0142y fundacji da\u0107 wsparcie i obj\u0105\u0107 opiek\u0105 setki podopiecznych. Wsp\u00f3\u0142praca z fundacj\u0105 realizowana jest na wielu p\u0142aszczyznach od przygotowania wniosk\u00f3w, a\u017c po procesy zwi\u0105zane z prowadzeniem i realizacj\u0105 dofinansowanych projekt\u00f3w. Fundacja GNIAZDO W ka\u017cdym tkwi potencja\u0142 do czynienia rzeczy wielkich Wsp\u00f3\u0142praca z fundacj\u0105 realizowana jest na wielu p\u0142aszczyznach od wsp\u00f3lnego przygotowania wniosk\u00f3w, a\u017c po konsultowanie proces\u00f3w zwi\u0105zanych z prowadzeniem i realizacj\u0105 dofinansowanych projekt\u00f3w.<\/p>\n","protected":false},"author":1,"featured_media":0,"parent":0,"menu_order":0,"comment_status":"closed","ping_status":"closed","template":"","meta":{"footnotes":""},"class_list":["post-14","page","type-page","status-publish","hentry"],"yoast_head":"<!-- This site is optimized with the Yoast SEO plugin v27.4 - https:\/\/yoast.com\/product\/yoast-seo-wordpress\/ -->\n<title>Nasza wsp\u00f3\u0142praca - wordpressplugins<\/title>\n<meta name=\"robots\" content=\"index, follow, max-snippet:-1, max-image-preview:large, max-video-preview:-1\" \/>\n<link rel=\"canonical\" href=\"https:\/\/auxiliumfoundation.eu\/index.php\/nasza-wspolpraca\/\" \/>\n<meta property=\"og:locale\" content=\"pl_PL\" \/>\n<meta property=\"og:type\" content=\"article\" \/>\n<meta property=\"og:title\" content=\"Nasza wsp\u00f3\u0142praca - wordpressplugins\" \/>\n<meta property=\"og:description\" content=\"Razem mo\u017cemy wi\u0119cej Z kim wsp\u00f3\u0142pracujemy BariMed Bielsko-Bia\u0142a Normabaria Nasza Fundacja wsp\u00f3\u0142pracuje z firm\u0105 Barimed od roku 2022. Wsp\u00f3\u0142praca umo\u017cliwia nam jeszcze skuteczniejsze wspieranie naszych podopiecznych. Komora normabaryczna to sprawdzone rozwi\u0105zanie, kt\u00f3re polega na przebywaniu w komorze normobarycznej o zwi\u0119kszonym ci\u015bnieniu, wi\u0119kszej zawarto\u015bci tlenu i dwutlenku w\u0119gla, a tak\u017ce atmosferze wzbogaconej o cz\u0105steczkowy wod\u00f3r. Dzi\u0119kujemy firmie Barimed za zaufanie i gotowo\u015b\u0107 do wsparcia naszej misji. Razem dzia\u0142amy na rzecz zdrowia i dobrobytu naszych podopiecznych. Centrum Us\u0142ug Spo\u0142ecznych w \u0141aziskach G\u00f3rnych Fundacja AUXILIUM dla CUS w \u0141aziskach G\u00f3rnych w latach 2022 i 2023 mieli\u015bmy przyjemno\u015b\u0107 prowadzi\u0107 projekt zwi\u0105zany z us\u0142ugami wytchnieniowymi, kt\u00f3ry oferowa\u0142 wsparcie rodzicom i opiekunom os\u00f3b niepe\u0142nosprawnych. Nasza wsp\u00f3\u0142praca pozwoli\u0142a wielu rodzinom znale\u017a\u0107 chwil\u0119 oddechu i wsparcia w trudnych chwilach. W roku 2023, w ramach projektu &#8222;Aktywizacja 40+&#8221;, kontynuujemy nasz\u0105 misj\u0119 wspierania spo\u0142eczno\u015bci. D\u0105\u017cymy do aktywizacji os\u00f3b powy\u017cej 40. roku \u017cycia, pomagaj\u0105c im rozwija\u0107 swoje zainteresowania i umiej\u0119tno\u015bci. Ta wsp\u00f3\u0142praca to kolejny krok w naszym wsp\u00f3lnym wysi\u0142ku na rzecz lepszego \u017cycia i wsparcia dla tych, kt\u00f3rzy tego potrzebuj\u0105. Dzi\u0119kujemy Centrum Us\u0142ug Spo\u0142ecznych w \u0141aziskach G\u00f3rnych za zaufanie i mo\u017cliwo\u015b\u0107 dzia\u0142ania razem. Razem zmieniamy \u017cycie wielu os\u00f3b i tworzymy lepsz\u0105 przysz\u0142o\u015b\u0107 dla naszej spo\u0142eczno\u015bci. Fundacja ULICA Ambasadorzy nie\/mo\u017cliwego Nasz wsp\u00f3\u0142praca trwa nieprzerwanie od 2013 roku. Realizowane wsp\u00f3lnie z klientem projekty pozwoli\u0142y fundacji da\u0107 wsparcie i obj\u0105\u0107 opiek\u0105 setki podopiecznych. Wsp\u00f3\u0142praca z fundacj\u0105 realizowana jest na wielu p\u0142aszczyznach od przygotowania wniosk\u00f3w, a\u017c po procesy zwi\u0105zane z prowadzeniem i realizacj\u0105 dofinansowanych projekt\u00f3w. Fundacja GNIAZDO W ka\u017cdym tkwi potencja\u0142 do czynienia rzeczy wielkich Wsp\u00f3\u0142praca z fundacj\u0105 realizowana jest na wielu p\u0142aszczyznach od wsp\u00f3lnego przygotowania wniosk\u00f3w, a\u017c po konsultowanie proces\u00f3w zwi\u0105zanych z prowadzeniem i realizacj\u0105 dofinansowanych projekt\u00f3w.\" \/>\n<meta property=\"og:url\" content=\"https:\/\/auxiliumfoundation.eu\/index.php\/nasza-wspolpraca\/\" \/>\n<meta property=\"og:site_name\" content=\"wordpressplugins\" \/>\n<meta property=\"article:modified_time\" content=\"2025-09-12T08:56:19+00:00\" \/>\n<meta property=\"og:image\" content=\"https:\/\/auxiliumfoundation.eu\/wp-content\/uploads\/2023\/09\/logo-normabaria.webp\" \/>\n\t<meta property=\"og:image:width\" content=\"140\" \/>\n\t<meta property=\"og:image:height\" content=\"69\" \/>\n\t<meta property=\"og:image:type\" content=\"image\/webp\" \/>\n<meta name=\"twitter:card\" content=\"summary_large_image\" \/>\n<meta name=\"twitter:label1\" content=\"Szacowany czas czytania\" \/>\n\t<meta name=\"twitter:data1\" content=\"3 minuty\" \/>\n<script type=\"application\/ld+json\" class=\"yoast-schema-graph\">{\"@context\":\"https:\\\/\\\/schema.org\",\"@graph\":[{\"@type\":\"WebPage\",\"@id\":\"https:\\\/\\\/auxiliumfoundation.eu\\\/index.php\\\/nasza-wspolpraca\\\/\",\"url\":\"https:\\\/\\\/auxiliumfoundation.eu\\\/index.php\\\/nasza-wspolpraca\\\/\",\"name\":\"Nasza wsp\u00f3\u0142praca - wordpressplugins\",\"isPartOf\":{\"@id\":\"https:\\\/\\\/auxiliumfoundation.eu\\\/#website\"},\"primaryImageOfPage\":{\"@id\":\"https:\\\/\\\/auxiliumfoundation.eu\\\/index.php\\\/nasza-wspolpraca\\\/#primaryimage\"},\"image\":{\"@id\":\"https:\\\/\\\/auxiliumfoundation.eu\\\/index.php\\\/nasza-wspolpraca\\\/#primaryimage\"},\"thumbnailUrl\":\"https:\\\/\\\/auxiliumfoundation.eu\\\/wp-content\\\/uploads\\\/2023\\\/09\\\/logo-normabaria.webp\",\"datePublished\":\"2023-09-14T07:39:48+00:00\",\"dateModified\":\"2025-09-12T08:56:19+00:00\",\"breadcrumb\":{\"@id\":\"https:\\\/\\\/auxiliumfoundation.eu\\\/index.php\\\/nasza-wspolpraca\\\/#breadcrumb\"},\"inLanguage\":\"pl-PL\",\"potentialAction\":[{\"@type\":\"ReadAction\",\"target\":[\"https:\\\/\\\/auxiliumfoundation.eu\\\/index.php\\\/nasza-wspolpraca\\\/\"]}]},{\"@type\":\"ImageObject\",\"inLanguage\":\"pl-PL\",\"@id\":\"https:\\\/\\\/auxiliumfoundation.eu\\\/index.php\\\/nasza-wspolpraca\\\/#primaryimage\",\"url\":\"https:\\\/\\\/auxiliumfoundation.eu\\\/wp-content\\\/uploads\\\/2023\\\/09\\\/logo-normabaria.webp\",\"contentUrl\":\"https:\\\/\\\/auxiliumfoundation.eu\\\/wp-content\\\/uploads\\\/2023\\\/09\\\/logo-normabaria.webp\",\"width\":140,\"height\":69},{\"@type\":\"BreadcrumbList\",\"@id\":\"https:\\\/\\\/auxiliumfoundation.eu\\\/index.php\\\/nasza-wspolpraca\\\/#breadcrumb\",\"itemListElement\":[{\"@type\":\"ListItem\",\"position\":1,\"name\":\"Home\",\"item\":\"https:\\\/\\\/auxiliumfoundation.eu\\\/\"},{\"@type\":\"ListItem\",\"position\":2,\"name\":\"Nasza wsp\u00f3\u0142praca\"}]},{\"@type\":\"WebSite\",\"@id\":\"https:\\\/\\\/auxiliumfoundation.eu\\\/#website\",\"url\":\"https:\\\/\\\/auxiliumfoundation.eu\\\/\",\"name\":\"wordpressplugins\",\"description\":\"\",\"potentialAction\":[{\"@type\":\"SearchAction\",\"target\":{\"@type\":\"EntryPoint\",\"urlTemplate\":\"https:\\\/\\\/auxiliumfoundation.eu\\\/?s={search_term_string}\"},\"query-input\":{\"@type\":\"PropertyValueSpecification\",\"valueRequired\":true,\"valueName\":\"search_term_string\"}}],\"inLanguage\":\"pl-PL\"}]}<\/script>\n<!-- \/ Yoast SEO plugin. -->","yoast_head_json":{"title":"Nasza wsp\u00f3\u0142praca - wordpressplugins","robots":{"index":"index","follow":"follow","max-snippet":"max-snippet:-1","max-image-preview":"max-image-preview:large","max-video-preview":"max-video-preview:-1"},"canonical":"https:\/\/auxiliumfoundation.eu\/index.php\/nasza-wspolpraca\/","og_locale":"pl_PL","og_type":"article","og_title":"Nasza wsp\u00f3\u0142praca - wordpressplugins","og_description":"Razem mo\u017cemy wi\u0119cej Z kim wsp\u00f3\u0142pracujemy BariMed Bielsko-Bia\u0142a Normabaria Nasza Fundacja wsp\u00f3\u0142pracuje z firm\u0105 Barimed od roku 2022. Wsp\u00f3\u0142praca umo\u017cliwia nam jeszcze skuteczniejsze wspieranie naszych podopiecznych. Komora normabaryczna to sprawdzone rozwi\u0105zanie, kt\u00f3re polega na przebywaniu w komorze normobarycznej o zwi\u0119kszonym ci\u015bnieniu, wi\u0119kszej zawarto\u015bci tlenu i dwutlenku w\u0119gla, a tak\u017ce atmosferze wzbogaconej o cz\u0105steczkowy wod\u00f3r. Dzi\u0119kujemy firmie Barimed za zaufanie i gotowo\u015b\u0107 do wsparcia naszej misji. Razem dzia\u0142amy na rzecz zdrowia i dobrobytu naszych podopiecznych. Centrum Us\u0142ug Spo\u0142ecznych w \u0141aziskach G\u00f3rnych Fundacja AUXILIUM dla CUS w \u0141aziskach G\u00f3rnych w latach 2022 i 2023 mieli\u015bmy przyjemno\u015b\u0107 prowadzi\u0107 projekt zwi\u0105zany z us\u0142ugami wytchnieniowymi, kt\u00f3ry oferowa\u0142 wsparcie rodzicom i opiekunom os\u00f3b niepe\u0142nosprawnych. Nasza wsp\u00f3\u0142praca pozwoli\u0142a wielu rodzinom znale\u017a\u0107 chwil\u0119 oddechu i wsparcia w trudnych chwilach. W roku 2023, w ramach projektu &#8222;Aktywizacja 40+&#8221;, kontynuujemy nasz\u0105 misj\u0119 wspierania spo\u0142eczno\u015bci. D\u0105\u017cymy do aktywizacji os\u00f3b powy\u017cej 40. roku \u017cycia, pomagaj\u0105c im rozwija\u0107 swoje zainteresowania i umiej\u0119tno\u015bci. Ta wsp\u00f3\u0142praca to kolejny krok w naszym wsp\u00f3lnym wysi\u0142ku na rzecz lepszego \u017cycia i wsparcia dla tych, kt\u00f3rzy tego potrzebuj\u0105. Dzi\u0119kujemy Centrum Us\u0142ug Spo\u0142ecznych w \u0141aziskach G\u00f3rnych za zaufanie i mo\u017cliwo\u015b\u0107 dzia\u0142ania razem. Razem zmieniamy \u017cycie wielu os\u00f3b i tworzymy lepsz\u0105 przysz\u0142o\u015b\u0107 dla naszej spo\u0142eczno\u015bci. Fundacja ULICA Ambasadorzy nie\/mo\u017cliwego Nasz wsp\u00f3\u0142praca trwa nieprzerwanie od 2013 roku. Realizowane wsp\u00f3lnie z klientem projekty pozwoli\u0142y fundacji da\u0107 wsparcie i obj\u0105\u0107 opiek\u0105 setki podopiecznych. Wsp\u00f3\u0142praca z fundacj\u0105 realizowana jest na wielu p\u0142aszczyznach od przygotowania wniosk\u00f3w, a\u017c po procesy zwi\u0105zane z prowadzeniem i realizacj\u0105 dofinansowanych projekt\u00f3w. Fundacja GNIAZDO W ka\u017cdym tkwi potencja\u0142 do czynienia rzeczy wielkich Wsp\u00f3\u0142praca z fundacj\u0105 realizowana jest na wielu p\u0142aszczyznach od wsp\u00f3lnego przygotowania wniosk\u00f3w, a\u017c po konsultowanie proces\u00f3w zwi\u0105zanych z prowadzeniem i realizacj\u0105 dofinansowanych projekt\u00f3w.","og_url":"https:\/\/auxiliumfoundation.eu\/index.php\/nasza-wspolpraca\/","og_site_name":"wordpressplugins","article_modified_time":"2025-09-12T08:56:19+00:00","og_image":[{"width":140,"height":69,"url":"https:\/\/auxiliumfoundation.eu\/wp-content\/uploads\/2023\/09\/logo-normabaria.webp","type":"image\/webp"}],"twitter_card":"summary_large_image","twitter_misc":{"Szacowany czas czytania":"3 minuty"},"schema":{"@context":"https:\/\/schema.org","@graph":[{"@type":"WebPage","@id":"https:\/\/auxiliumfoundation.eu\/index.php\/nasza-wspolpraca\/","url":"https:\/\/auxiliumfoundation.eu\/index.php\/nasza-wspolpraca\/","name":"Nasza wsp\u00f3\u0142praca - wordpressplugins","isPartOf":{"@id":"https:\/\/auxiliumfoundation.eu\/#website"},"primaryImageOfPage":{"@id":"https:\/\/auxiliumfoundation.eu\/index.php\/nasza-wspolpraca\/#primaryimage"},"image":{"@id":"https:\/\/auxiliumfoundation.eu\/index.php\/nasza-wspolpraca\/#primaryimage"},"thumbnailUrl":"https:\/\/auxiliumfoundation.eu\/wp-content\/uploads\/2023\/09\/logo-normabaria.webp","datePublished":"2023-09-14T07:39:48+00:00","dateModified":"2025-09-12T08:56:19+00:00","breadcrumb":{"@id":"https:\/\/auxiliumfoundation.eu\/index.php\/nasza-wspolpraca\/#breadcrumb"},"inLanguage":"pl-PL","potentialAction":[{"@type":"ReadAction","target":["https:\/\/auxiliumfoundation.eu\/index.php\/nasza-wspolpraca\/"]}]},{"@type":"ImageObject","inLanguage":"pl-PL","@id":"https:\/\/auxiliumfoundation.eu\/index.php\/nasza-wspolpraca\/#primaryimage","url":"https:\/\/auxiliumfoundation.eu\/wp-content\/uploads\/2023\/09\/logo-normabaria.webp","contentUrl":"https:\/\/auxiliumfoundation.eu\/wp-content\/uploads\/2023\/09\/logo-normabaria.webp","width":140,"height":69},{"@type":"BreadcrumbList","@id":"https:\/\/auxiliumfoundation.eu\/index.php\/nasza-wspolpraca\/#breadcrumb","itemListElement":[{"@type":"ListItem","position":1,"name":"Home","item":"https:\/\/auxiliumfoundation.eu\/"},{"@type":"ListItem","position":2,"name":"Nasza wsp\u00f3\u0142praca"}]},{"@type":"WebSite","@id":"https:\/\/auxiliumfoundation.eu\/#website","url":"https:\/\/auxiliumfoundation.eu\/","name":"wordpressplugins","description":"","potentialAction":[{"@type":"SearchAction","target":{"@type":"EntryPoint","urlTemplate":"https:\/\/auxiliumfoundation.eu\/?s={search_term_string}"},"query-input":{"@type":"PropertyValueSpecification","valueRequired":true,"valueName":"search_term_string"}}],"inLanguage":"pl-PL"}]}},"_links":{"self":[{"href":"https:\/\/auxiliumfoundation.eu\/index.php\/wp-json\/wp\/v2\/pages\/14","targetHints":{"allow":["GET"]}}],"collection":[{"href":"https:\/\/auxiliumfoundation.eu\/index.php\/wp-json\/wp\/v2\/pages"}],"about":[{"href":"https:\/\/auxiliumfoundation.eu\/index.php\/wp-json\/wp\/v2\/types\/page"}],"author":[{"embeddable":true,"href":"https:\/\/auxiliumfoundation.eu\/index.php\/wp-json\/wp\/v2\/users\/1"}],"replies":[{"embeddable":true,"href":"https:\/\/auxiliumfoundation.eu\/index.php\/wp-json\/wp\/v2\/comments?post=14"}],"version-history":[{"count":34,"href":"https:\/\/auxiliumfoundation.eu\/index.php\/wp-json\/wp\/v2\/pages\/14\/revisions"}],"predecessor-version":[{"id":1434,"href":"https:\/\/auxiliumfoundation.eu\/index.php\/wp-json\/wp\/v2\/pages\/14\/revisions\/1434"}],"wp:attachment":[{"href":"https:\/\/auxiliumfoundation.eu\/index.php\/wp-json\/wp\/v2\/media?parent=14"}],"curies":[{"name":"wp","href":"https:\/\/api.w.org\/{rel}","templated":true}]}}