{"id":17,"date":"2023-09-14T09:40:23","date_gmt":"2023-09-14T07:40:23","guid":{"rendered":"https:\/\/serwer2225583.home.pl\/autoinstalator\/wordpressplugins\/?page_id=17"},"modified":"2024-04-21T12:20:34","modified_gmt":"2024-04-21T10:20:34","slug":"jak-nas-wspierac","status":"publish","type":"page","link":"https:\/\/auxiliumfoundation.eu\/index.php\/jak-nas-wspierac\/","title":{"rendered":"Jak nas wspiera\u0107?"},"content":{"rendered":"\t\t<div data-elementor-type=\"wp-page\" data-elementor-id=\"17\" class=\"elementor elementor-17\">\n\t\t\t\t<div class=\"elementor-element elementor-element-4f1054d e-flex e-con-boxed wpr-particle-no wpr-jarallax-no wpr-parallax-no wpr-sticky-section-no wpr-equal-height-no e-con e-parent\" data-id=\"4f1054d\" data-element_type=\"container\" data-e-type=\"container\">\n\t\t\t\t\t<div class=\"e-con-inner\">\n\t\t\t\t<div class=\"elementor-element elementor-element-1b03b5d elementor-widget elementor-widget-text-editor\" data-id=\"1b03b5d\" data-element_type=\"widget\" data-e-type=\"widget\" data-widget_type=\"text-editor.default\">\n\t\t\t\t<div class=\"elementor-widget-container\">\n\t\t\t\t\t\t\t\t\t<div id=\"comp-l115w5gq1\" class=\"BaOVQ8 tz5f0K comp-l115w5gq1 wixui-rich-text\" data-testid=\"richTextElement\" data-angle=\"0\" data-angle-style-location=\"style\" data-screen-in-hide=\"done\"><h1 class=\"font_6 wixui-rich-text__text\" style=\"text-align: center;\"><span class=\"color_18 wixui-rich-text__text\" style=\"color: #d8ac53;\">Jak wspiera\u0107 nasze dzia\u0142ania?<\/span><\/h1><\/div><div id=\"comp-l115w5gq2\" class=\"BaOVQ8 tz5f0K comp-l115w5gq2 wixui-rich-text\" style=\"text-align: center;\" data-testid=\"richTextElement\" data-angle=\"0\" data-angle-style-location=\"style\" data-screen-in-hide=\"done\"><p class=\"font_8 wixui-rich-text__text\"><strong><span class=\"color_15 wixui-rich-text__text\" style=\"color: #333333;\"><span class=\"wixui-rich-text__text\">Mo\u017cesz to zrobi\u0107 na szereg r\u00f3\u017cnych sposob\u00f3w<\/span><\/span><\/strong><\/p><\/div><div id=\"comp-l115w5gq3\" class=\"KcpHeO tz5f0K comp-l115w5gq3 wixui-rich-text\" data-testid=\"richTextElement\" data-angle=\"0\" data-angle-style-location=\"style\" data-screen-in-hide=\"done\"><ul class=\"font_9 wix-list-text-align color_15 wixui-rich-text__text\" style=\"text-align: center;\"><li class=\"wixui-rich-text__text\"><p class=\"font_9 wixui-rich-text__text\" style=\"text-align: left;\"><span class=\"wixui-rich-text__text\" style=\"color: #333333;\"><span class=\"color_15 wixui-rich-text__text\">Podczas rocznego rozliczenia podatkowego przeka\u017c 1,5% swoich podatk\u00f3w na Fundacj\u0119 Auxilium umieszczaj\u0105c nasz nr KRS: <strong>0000064561<\/strong> w odpowiednim miejscu formularza. <span class=\"OYPEnA text-decoration-none text-strikethrough-none\">W rubryce <strong>\u201cCel szczeg\u00f3\u0142owy\u201d<\/strong> nale\u017cy dopisa\u0107: <strong>Fundacja AUXILIUM Miko\u0142\u00f3w<\/strong><\/span><\/span><\/span><\/p><\/li><li class=\"wixui-rich-text__text\" style=\"text-align: left;\"><p class=\"font_9 wixui-rich-text__text\"><span class=\"wixui-rich-text__text\" style=\"color: #333333;\"><span class=\"color_15 wixui-rich-text__text\">Robi\u0105c zakupy w internecie te\u017c mo\u017cesz nam pomaga\u0107 w dodatku bezp\u0142atnie. P\u0142acisz tyle, co zawsze, a \u015brednio 2,5% warto\u015bci Twoich zakup\u00f3w trafi do organizacji, kt\u00f3r\u0105 wybierzesz &#8211; wejd\u017a na\u00a0<strong><span style=\"color: #000000;\"><a class=\"wixui-rich-text__text\" style=\"color: #000000;\" href=\"https:\/\/fanimani.pl\/\" target=\"_blank\" rel=\"noreferrer noopener\">https:\/\/fanimani.pl\/<\/a><\/span><\/strong>\u00a0za\u0142\u00f3\u017c tam sw\u00f3j profil i wybierz w\u0142a\u015bnie nasz\u0105 fundacj\u0119.\u00a0<\/span><\/span><\/p><\/li><li class=\"wixui-rich-text__text\" style=\"text-align: left;\"><p class=\"font_9 wixui-rich-text__text\"><span class=\"wixui-rich-text__text\" style=\"color: #333333;\"><span class=\"color_15 wixui-rich-text__text\">Wp\u0142acaj\u0105c od serca dowoln\u0105 kwot\u0119 darowizny na nasz rachunek bankowy<br class=\"wixui-rich-text__text\" \/>FUNDACJA AUXILIUM<br class=\"wixui-rich-text__text\" \/>os. Norwida 4\/6<br class=\"wixui-rich-text__text\" \/>43-190 Miko\u0142\u00f3w<br class=\"wixui-rich-text__text\" \/>NR RACHUNKU<br class=\"wixui-rich-text__text\" \/>82 1140 2004 0000 3102 7649 5592<\/span><\/span><\/p><\/li><li class=\"wixui-rich-text__text\"><p class=\"font_9 wixui-rich-text__text\" style=\"text-align: left;\"><span class=\"wixui-rich-text__text\" style=\"color: #333333;\"><span class=\"color_15 wixui-rich-text__text\">Albo&#8230; wkr\u0119\u0107 si\u0119 w WOLONTARIAT \ud83d\ude00 Dla naszych podopiecznych zawsze jest co\u015b do zrobienia, do za\u0142atwienia, zawsze mo\u017cna w czym\u015b pom\u00f3c.\u00a0<\/span><\/span><\/p><\/li><\/ul><p class=\"font_9 wixui-rich-text__text\" style=\"text-align: center;\"><span class=\"wixui-rich-text__text\" style=\"color: #333333;\"><span class=\"color_15 wixui-rich-text__text\">Je\u015bli chcesz zosta\u0107 naszym PARTNEREM STA\u0141YM zapraszamy Ci\u0119 do kontaktu. Ustalimy wsp\u00f3lnie strategi\u0119 sta\u0142ej formy wsparcia jaka b\u0119dzie dla Ciebie najdogodniejsza \ud83d\ude42<\/span><\/span><\/p><\/div>\t\t\t\t\t\t\t\t<\/div>\n\t\t\t\t<\/div>\n\t\t\t\t<div class=\"elementor-element elementor-element-9821aba elementor-widget elementor-widget-image\" data-id=\"9821aba\" data-element_type=\"widget\" data-e-type=\"widget\" data-widget_type=\"image.default\">\n\t\t\t\t<div class=\"elementor-widget-container\">\n\t\t\t\t\t\t\t\t\t\t\t\t\t\t\t<img fetchpriority=\"high\" decoding=\"async\" width=\"974\" height=\"520\" src=\"https:\/\/auxiliumfoundation.eu\/wp-content\/uploads\/2023\/09\/AUXILIUM-15proc.webp\" class=\"attachment-large size-large wp-image-81\" alt=\"\" srcset=\"https:\/\/auxiliumfoundation.eu\/wp-content\/uploads\/2023\/09\/AUXILIUM-15proc.webp 974w, https:\/\/auxiliumfoundation.eu\/wp-content\/uploads\/2023\/09\/AUXILIUM-15proc-300x160.webp 300w, https:\/\/auxiliumfoundation.eu\/wp-content\/uploads\/2023\/09\/AUXILIUM-15proc-768x410.webp 768w\" sizes=\"(max-width: 974px) 100vw, 974px\" \/>\t\t\t\t\t\t\t\t\t\t\t\t\t\t\t<\/div>\n\t\t\t\t<\/div>\n\t\t\t\t\t<\/div>\n\t\t\t\t<\/div>\n\t\t\t\t<\/div>\n\t\t","protected":false},"excerpt":{"rendered":"<p>Jak wspiera\u0107 nasze dzia\u0142ania? Mo\u017cesz to zrobi\u0107 na szereg r\u00f3\u017cnych sposob\u00f3w Podczas rocznego rozliczenia podatkowego przeka\u017c 1,5% swoich podatk\u00f3w na Fundacj\u0119 Auxilium umieszczaj\u0105c nasz nr KRS: 0000064561 w odpowiednim miejscu formularza. W rubryce \u201cCel szczeg\u00f3\u0142owy\u201d nale\u017cy dopisa\u0107: Fundacja AUXILIUM Miko\u0142\u00f3w Robi\u0105c zakupy w internecie te\u017c mo\u017cesz nam pomaga\u0107 w dodatku bezp\u0142atnie. P\u0142acisz tyle, co zawsze, a \u015brednio 2,5% warto\u015bci Twoich zakup\u00f3w trafi do organizacji, kt\u00f3r\u0105 wybierzesz &#8211; wejd\u017a na\u00a0https:\/\/fanimani.pl\/\u00a0za\u0142\u00f3\u017c tam sw\u00f3j profil i wybierz w\u0142a\u015bnie nasz\u0105 fundacj\u0119.\u00a0 Wp\u0142acaj\u0105c od serca dowoln\u0105 kwot\u0119 darowizny na nasz rachunek bankowyFUNDACJA AUXILIUMos. Norwida 4\/643-190 Miko\u0142\u00f3wNR RACHUNKU82 1140 2004 0000 3102 7649 5592 Albo&#8230; wkr\u0119\u0107 si\u0119 w WOLONTARIAT \ud83d\ude00 Dla naszych podopiecznych zawsze jest co\u015b do zrobienia, do za\u0142atwienia, zawsze mo\u017cna w czym\u015b pom\u00f3c.\u00a0 Je\u015bli chcesz zosta\u0107 naszym PARTNEREM STA\u0141YM zapraszamy Ci\u0119 do kontaktu. Ustalimy wsp\u00f3lnie strategi\u0119 sta\u0142ej formy wsparcia jaka b\u0119dzie dla Ciebie najdogodniejsza \ud83d\ude42<\/p>\n","protected":false},"author":1,"featured_media":0,"parent":0,"menu_order":0,"comment_status":"closed","ping_status":"closed","template":"","meta":{"footnotes":""},"class_list":["post-17","page","type-page","status-publish","hentry"],"yoast_head":"<!-- This site is optimized with the Yoast SEO plugin v27.4 - https:\/\/yoast.com\/product\/yoast-seo-wordpress\/ -->\n<title>Jak nas wspiera\u0107? - wordpressplugins<\/title>\n<meta name=\"robots\" content=\"index, follow, max-snippet:-1, max-image-preview:large, max-video-preview:-1\" \/>\n<link rel=\"canonical\" href=\"https:\/\/auxiliumfoundation.eu\/index.php\/jak-nas-wspierac\/\" \/>\n<meta property=\"og:locale\" content=\"pl_PL\" \/>\n<meta property=\"og:type\" content=\"article\" \/>\n<meta property=\"og:title\" content=\"Jak nas wspiera\u0107? - wordpressplugins\" \/>\n<meta property=\"og:description\" content=\"Jak wspiera\u0107 nasze dzia\u0142ania? Mo\u017cesz to zrobi\u0107 na szereg r\u00f3\u017cnych sposob\u00f3w Podczas rocznego rozliczenia podatkowego przeka\u017c 1,5% swoich podatk\u00f3w na Fundacj\u0119 Auxilium umieszczaj\u0105c nasz nr KRS: 0000064561 w odpowiednim miejscu formularza. W rubryce \u201cCel szczeg\u00f3\u0142owy\u201d nale\u017cy dopisa\u0107: Fundacja AUXILIUM Miko\u0142\u00f3w Robi\u0105c zakupy w internecie te\u017c mo\u017cesz nam pomaga\u0107 w dodatku bezp\u0142atnie. P\u0142acisz tyle, co zawsze, a \u015brednio 2,5% warto\u015bci Twoich zakup\u00f3w trafi do organizacji, kt\u00f3r\u0105 wybierzesz &#8211; wejd\u017a na\u00a0https:\/\/fanimani.pl\/\u00a0za\u0142\u00f3\u017c tam sw\u00f3j profil i wybierz w\u0142a\u015bnie nasz\u0105 fundacj\u0119.\u00a0 Wp\u0142acaj\u0105c od serca dowoln\u0105 kwot\u0119 darowizny na nasz rachunek bankowyFUNDACJA AUXILIUMos. Norwida 4\/643-190 Miko\u0142\u00f3wNR RACHUNKU82 1140 2004 0000 3102 7649 5592 Albo&#8230; wkr\u0119\u0107 si\u0119 w WOLONTARIAT \ud83d\ude00 Dla naszych podopiecznych zawsze jest co\u015b do zrobienia, do za\u0142atwienia, zawsze mo\u017cna w czym\u015b pom\u00f3c.\u00a0 Je\u015bli chcesz zosta\u0107 naszym PARTNEREM STA\u0141YM zapraszamy Ci\u0119 do kontaktu. Ustalimy wsp\u00f3lnie strategi\u0119 sta\u0142ej formy wsparcia jaka b\u0119dzie dla Ciebie najdogodniejsza \ud83d\ude42\" \/>\n<meta property=\"og:url\" content=\"https:\/\/auxiliumfoundation.eu\/index.php\/jak-nas-wspierac\/\" \/>\n<meta property=\"og:site_name\" content=\"wordpressplugins\" \/>\n<meta property=\"article:modified_time\" content=\"2024-04-21T10:20:34+00:00\" \/>\n<meta property=\"og:image\" content=\"https:\/\/auxiliumfoundation.eu\/wp-content\/uploads\/2023\/09\/AUXILIUM-15proc.webp\" \/>\n<meta name=\"twitter:card\" content=\"summary_large_image\" \/>\n<meta name=\"twitter:label1\" content=\"Szacowany czas czytania\" \/>\n\t<meta name=\"twitter:data1\" content=\"2 minuty\" \/>\n<script type=\"application\/ld+json\" class=\"yoast-schema-graph\">{\"@context\":\"https:\\\/\\\/schema.org\",\"@graph\":[{\"@type\":\"WebPage\",\"@id\":\"https:\\\/\\\/auxiliumfoundation.eu\\\/index.php\\\/jak-nas-wspierac\\\/\",\"url\":\"https:\\\/\\\/auxiliumfoundation.eu\\\/index.php\\\/jak-nas-wspierac\\\/\",\"name\":\"Jak nas wspiera\u0107? - wordpressplugins\",\"isPartOf\":{\"@id\":\"https:\\\/\\\/auxiliumfoundation.eu\\\/#website\"},\"primaryImageOfPage\":{\"@id\":\"https:\\\/\\\/auxiliumfoundation.eu\\\/index.php\\\/jak-nas-wspierac\\\/#primaryimage\"},\"image\":{\"@id\":\"https:\\\/\\\/auxiliumfoundation.eu\\\/index.php\\\/jak-nas-wspierac\\\/#primaryimage\"},\"thumbnailUrl\":\"https:\\\/\\\/auxiliumfoundation.eu\\\/wp-content\\\/uploads\\\/2023\\\/09\\\/AUXILIUM-15proc.webp\",\"datePublished\":\"2023-09-14T07:40:23+00:00\",\"dateModified\":\"2024-04-21T10:20:34+00:00\",\"breadcrumb\":{\"@id\":\"https:\\\/\\\/auxiliumfoundation.eu\\\/index.php\\\/jak-nas-wspierac\\\/#breadcrumb\"},\"inLanguage\":\"pl-PL\",\"potentialAction\":[{\"@type\":\"ReadAction\",\"target\":[\"https:\\\/\\\/auxiliumfoundation.eu\\\/index.php\\\/jak-nas-wspierac\\\/\"]}]},{\"@type\":\"ImageObject\",\"inLanguage\":\"pl-PL\",\"@id\":\"https:\\\/\\\/auxiliumfoundation.eu\\\/index.php\\\/jak-nas-wspierac\\\/#primaryimage\",\"url\":\"https:\\\/\\\/auxiliumfoundation.eu\\\/wp-content\\\/uploads\\\/2023\\\/09\\\/AUXILIUM-15proc.webp\",\"contentUrl\":\"https:\\\/\\\/auxiliumfoundation.eu\\\/wp-content\\\/uploads\\\/2023\\\/09\\\/AUXILIUM-15proc.webp\",\"width\":974,\"height\":520},{\"@type\":\"BreadcrumbList\",\"@id\":\"https:\\\/\\\/auxiliumfoundation.eu\\\/index.php\\\/jak-nas-wspierac\\\/#breadcrumb\",\"itemListElement\":[{\"@type\":\"ListItem\",\"position\":1,\"name\":\"Home\",\"item\":\"https:\\\/\\\/auxiliumfoundation.eu\\\/\"},{\"@type\":\"ListItem\",\"position\":2,\"name\":\"Jak nas wspiera\u0107?\"}]},{\"@type\":\"WebSite\",\"@id\":\"https:\\\/\\\/auxiliumfoundation.eu\\\/#website\",\"url\":\"https:\\\/\\\/auxiliumfoundation.eu\\\/\",\"name\":\"wordpressplugins\",\"description\":\"\",\"potentialAction\":[{\"@type\":\"SearchAction\",\"target\":{\"@type\":\"EntryPoint\",\"urlTemplate\":\"https:\\\/\\\/auxiliumfoundation.eu\\\/?s={search_term_string}\"},\"query-input\":{\"@type\":\"PropertyValueSpecification\",\"valueRequired\":true,\"valueName\":\"search_term_string\"}}],\"inLanguage\":\"pl-PL\"}]}<\/script>\n<!-- \/ Yoast SEO plugin. -->","yoast_head_json":{"title":"Jak nas wspiera\u0107? - wordpressplugins","robots":{"index":"index","follow":"follow","max-snippet":"max-snippet:-1","max-image-preview":"max-image-preview:large","max-video-preview":"max-video-preview:-1"},"canonical":"https:\/\/auxiliumfoundation.eu\/index.php\/jak-nas-wspierac\/","og_locale":"pl_PL","og_type":"article","og_title":"Jak nas wspiera\u0107? - wordpressplugins","og_description":"Jak wspiera\u0107 nasze dzia\u0142ania? Mo\u017cesz to zrobi\u0107 na szereg r\u00f3\u017cnych sposob\u00f3w Podczas rocznego rozliczenia podatkowego przeka\u017c 1,5% swoich podatk\u00f3w na Fundacj\u0119 Auxilium umieszczaj\u0105c nasz nr KRS: 0000064561 w odpowiednim miejscu formularza. W rubryce \u201cCel szczeg\u00f3\u0142owy\u201d nale\u017cy dopisa\u0107: Fundacja AUXILIUM Miko\u0142\u00f3w Robi\u0105c zakupy w internecie te\u017c mo\u017cesz nam pomaga\u0107 w dodatku bezp\u0142atnie. P\u0142acisz tyle, co zawsze, a \u015brednio 2,5% warto\u015bci Twoich zakup\u00f3w trafi do organizacji, kt\u00f3r\u0105 wybierzesz &#8211; wejd\u017a na\u00a0https:\/\/fanimani.pl\/\u00a0za\u0142\u00f3\u017c tam sw\u00f3j profil i wybierz w\u0142a\u015bnie nasz\u0105 fundacj\u0119.\u00a0 Wp\u0142acaj\u0105c od serca dowoln\u0105 kwot\u0119 darowizny na nasz rachunek bankowyFUNDACJA AUXILIUMos. Norwida 4\/643-190 Miko\u0142\u00f3wNR RACHUNKU82 1140 2004 0000 3102 7649 5592 Albo&#8230; wkr\u0119\u0107 si\u0119 w WOLONTARIAT \ud83d\ude00 Dla naszych podopiecznych zawsze jest co\u015b do zrobienia, do za\u0142atwienia, zawsze mo\u017cna w czym\u015b pom\u00f3c.\u00a0 Je\u015bli chcesz zosta\u0107 naszym PARTNEREM STA\u0141YM zapraszamy Ci\u0119 do kontaktu. Ustalimy wsp\u00f3lnie strategi\u0119 sta\u0142ej formy wsparcia jaka b\u0119dzie dla Ciebie najdogodniejsza \ud83d\ude42","og_url":"https:\/\/auxiliumfoundation.eu\/index.php\/jak-nas-wspierac\/","og_site_name":"wordpressplugins","article_modified_time":"2024-04-21T10:20:34+00:00","og_image":[{"url":"https:\/\/auxiliumfoundation.eu\/wp-content\/uploads\/2023\/09\/AUXILIUM-15proc.webp","type":"","width":"","height":""}],"twitter_card":"summary_large_image","twitter_misc":{"Szacowany czas czytania":"2 minuty"},"schema":{"@context":"https:\/\/schema.org","@graph":[{"@type":"WebPage","@id":"https:\/\/auxiliumfoundation.eu\/index.php\/jak-nas-wspierac\/","url":"https:\/\/auxiliumfoundation.eu\/index.php\/jak-nas-wspierac\/","name":"Jak nas wspiera\u0107? - wordpressplugins","isPartOf":{"@id":"https:\/\/auxiliumfoundation.eu\/#website"},"primaryImageOfPage":{"@id":"https:\/\/auxiliumfoundation.eu\/index.php\/jak-nas-wspierac\/#primaryimage"},"image":{"@id":"https:\/\/auxiliumfoundation.eu\/index.php\/jak-nas-wspierac\/#primaryimage"},"thumbnailUrl":"https:\/\/auxiliumfoundation.eu\/wp-content\/uploads\/2023\/09\/AUXILIUM-15proc.webp","datePublished":"2023-09-14T07:40:23+00:00","dateModified":"2024-04-21T10:20:34+00:00","breadcrumb":{"@id":"https:\/\/auxiliumfoundation.eu\/index.php\/jak-nas-wspierac\/#breadcrumb"},"inLanguage":"pl-PL","potentialAction":[{"@type":"ReadAction","target":["https:\/\/auxiliumfoundation.eu\/index.php\/jak-nas-wspierac\/"]}]},{"@type":"ImageObject","inLanguage":"pl-PL","@id":"https:\/\/auxiliumfoundation.eu\/index.php\/jak-nas-wspierac\/#primaryimage","url":"https:\/\/auxiliumfoundation.eu\/wp-content\/uploads\/2023\/09\/AUXILIUM-15proc.webp","contentUrl":"https:\/\/auxiliumfoundation.eu\/wp-content\/uploads\/2023\/09\/AUXILIUM-15proc.webp","width":974,"height":520},{"@type":"BreadcrumbList","@id":"https:\/\/auxiliumfoundation.eu\/index.php\/jak-nas-wspierac\/#breadcrumb","itemListElement":[{"@type":"ListItem","position":1,"name":"Home","item":"https:\/\/auxiliumfoundation.eu\/"},{"@type":"ListItem","position":2,"name":"Jak nas wspiera\u0107?"}]},{"@type":"WebSite","@id":"https:\/\/auxiliumfoundation.eu\/#website","url":"https:\/\/auxiliumfoundation.eu\/","name":"wordpressplugins","description":"","potentialAction":[{"@type":"SearchAction","target":{"@type":"EntryPoint","urlTemplate":"https:\/\/auxiliumfoundation.eu\/?s={search_term_string}"},"query-input":{"@type":"PropertyValueSpecification","valueRequired":true,"valueName":"search_term_string"}}],"inLanguage":"pl-PL"}]}},"_links":{"self":[{"href":"https:\/\/auxiliumfoundation.eu\/index.php\/wp-json\/wp\/v2\/pages\/17","targetHints":{"allow":["GET"]}}],"collection":[{"href":"https:\/\/auxiliumfoundation.eu\/index.php\/wp-json\/wp\/v2\/pages"}],"about":[{"href":"https:\/\/auxiliumfoundation.eu\/index.php\/wp-json\/wp\/v2\/types\/page"}],"author":[{"embeddable":true,"href":"https:\/\/auxiliumfoundation.eu\/index.php\/wp-json\/wp\/v2\/users\/1"}],"replies":[{"embeddable":true,"href":"https:\/\/auxiliumfoundation.eu\/index.php\/wp-json\/wp\/v2\/comments?post=17"}],"version-history":[{"count":28,"href":"https:\/\/auxiliumfoundation.eu\/index.php\/wp-json\/wp\/v2\/pages\/17\/revisions"}],"predecessor-version":[{"id":933,"href":"https:\/\/auxiliumfoundation.eu\/index.php\/wp-json\/wp\/v2\/pages\/17\/revisions\/933"}],"wp:attachment":[{"href":"https:\/\/auxiliumfoundation.eu\/index.php\/wp-json\/wp\/v2\/media?parent=17"}],"curies":[{"name":"wp","href":"https:\/\/api.w.org\/{rel}","templated":true}]}}