{"id":19,"date":"2023-09-14T09:40:44","date_gmt":"2023-09-14T07:40:44","guid":{"rendered":"https:\/\/serwer2225583.home.pl\/autoinstalator\/wordpressplugins\/?page_id=19"},"modified":"2026-04-14T10:18:15","modified_gmt":"2026-04-14T08:18:15","slug":"kontakt","status":"publish","type":"page","link":"https:\/\/auxiliumfoundation.eu\/index.php\/kontakt\/","title":{"rendered":"Kontakt"},"content":{"rendered":"\t\t<div data-elementor-type=\"wp-page\" data-elementor-id=\"19\" class=\"elementor elementor-19\">\n\t\t\t\t<div class=\"elementor-element elementor-element-a297718 e-con-full e-flex wpr-particle-no wpr-jarallax-no wpr-parallax-no wpr-sticky-section-no wpr-equal-height-no e-con e-parent\" data-id=\"a297718\" data-element_type=\"container\" data-e-type=\"container\">\n\t\t<div class=\"elementor-element elementor-element-f7044cf e-con-full e-flex wpr-particle-no wpr-jarallax-no wpr-parallax-no wpr-sticky-section-no wpr-equal-height-no e-con e-child\" data-id=\"f7044cf\" data-element_type=\"container\" data-e-type=\"container\">\n\t\t\t\t<div class=\"elementor-element elementor-element-2a24b1f elementor-widget elementor-widget-text-editor\" data-id=\"2a24b1f\" data-element_type=\"widget\" data-e-type=\"widget\" data-widget_type=\"text-editor.default\">\n\t\t\t\t<div class=\"elementor-widget-container\">\n\t\t\t\t\t\t\t\t\t<div id=\"comp-koloyf5h2\" class=\"BaOVQ8 tz5f0K comp-koloyf5h2 wixui-rich-text\" style=\"background: transparent; border: 0px; margin: 62px 0px 24px calc((100% - 490px) * 0.5); outline: 0px; padding: 0px; vertical-align: baseline; pointer-events: none; direction: var(--text-direction); min-height: var(--min-height); min-width: var(--min-width); overflow-wrap: break-word; position: relative; left: 15px; grid-area: 1 \/ 1 \/ 2 \/ 2; place-self: start; width: 460px; height: auto; color: #000000; font-family: Arial, Helvetica, sans-serif; font-size: 10px; visibility: inherit;\" data-testid=\"richTextElement\" data-angle=\"0\" data-angle-style-location=\"style\" data-screen-in-hide=\"done\"><h1 class=\"font_6 wixui-rich-text__text\" style=\"background: transparent; border: 0px; outline: 0px; padding: 0px; vertical-align: baseline; pointer-events: auto; font-size: 40px; line-height: 1.35em; color: rgb(var(--color_15)); margin-block: 0px; margin: 0px; text-align: center;\"><span class=\"color_18 wixui-rich-text__text\" style=\"background: transparent; border: 0px; margin: 0px; outline: 0px; padding: 0px; vertical-align: baseline; color: #d8ac53;\">Kontakt<\/span><\/h1><\/div><div id=\"comp-koloyf5h3\" class=\"BaOVQ8 tz5f0K comp-koloyf5h3 wixui-rich-text\" style=\"background: transparent; border: 0px; margin: 0px 0px 23px calc((100% - 490px) * 0.5); outline: 0px; padding: 0px; vertical-align: baseline; pointer-events: none; direction: var(--text-direction); min-height: var(--min-height); min-width: var(--min-width); overflow-wrap: break-word; position: relative; left: 15px; grid-area: 2 \/ 1 \/ 3 \/ 2; place-self: start; width: 460px; height: auto; --min-height: 57px; color: #000000; font-family: Arial, Helvetica, sans-serif; font-size: 10px; visibility: inherit; text-align: center;\" data-testid=\"richTextElement\" data-angle=\"0\" data-angle-style-location=\"style\" data-screen-in-hide=\"done\"><p class=\"font_9 wixui-rich-text__text\" style=\"background: transparent; border: 0px; outline: 0px; padding: 0px; vertical-align: baseline; pointer-events: auto; font-size: 15px; line-height: 1.875em; color: rgb(var(--color_15)); margin-block: 0px; margin: 0px; text-align: center;\"><span class=\"color_15 wixui-rich-text__text\" style=\"background: transparent; border: 0px; margin: 0px; outline: 0px; padding: 0px; vertical-align: baseline; color: rgb(var(--color_15));\"><strong>BIURO FUNDACJI:<\/strong><br \/><strong>ul. Wyzwolenia 27 pok.201<\/strong><br \/><strong>43-190 Miko\u0142\u00f3w<\/strong><\/span><\/p><p>Siedziba rejestrowa:<br \/>ul. Norwida 4\/6<br class=\"wixui-rich-text__text\" \/>43-190 Miko\u0142\u00f3w<\/p><\/div><div id=\"comp-koloyf5i\" class=\"BaOVQ8 tz5f0K comp-koloyf5i wixui-rich-text\" style=\"background: transparent; border: 0px; margin: 0px 0px 22px calc((100% - 490px) * 0.5); outline: 0px; padding: 0px; vertical-align: baseline; pointer-events: none; direction: var(--text-direction); min-height: var(--min-height); min-width: var(--min-width); overflow-wrap: break-word; position: relative; left: 15px; grid-area: 3 \/ 1 \/ 4 \/ 2; place-self: start; width: 460px; height: auto; color: #000000; font-family: Arial, Helvetica, sans-serif; font-size: 10px; visibility: inherit; text-align: center;\" data-testid=\"richTextElement\" data-angle=\"0\" data-angle-style-location=\"style\" data-screen-in-hide=\"done\"><p class=\"font_9 wixui-rich-text__text\" style=\"background: transparent; border: 0px; outline: 0px; padding: 0px; vertical-align: baseline; pointer-events: auto; font-size: 15px; line-height: 1.875em; color: rgb(var(--color_15)); margin-block: 0px; margin: 0px; text-align: center;\"><span class=\"color_15 wixui-rich-text__text\" style=\"background: transparent; border: 0px; margin: 0px; outline: 0px; padding: 0px; vertical-align: baseline; color: rgb(var(--color_15));\"><a class=\"wixui-rich-text__text\" style=\"background-image: initial; background-position: initial; background-size: initial; background-repeat: initial; background-attachment: initial; background-origin: initial; background-clip: initial; border: 0px; margin: 0px; outline: 0px; padding: 0px; vertical-align: baseline; cursor: pointer;\" href=\"mailto:info@auxiliumfoundation.eu\" data-auto-recognition=\"true\">info@auxiliumfoundation.eu<\/a><\/span><\/p><\/div><div id=\"comp-koloyf5i1\" class=\"BaOVQ8 tz5f0K comp-koloyf5i1 wixui-rich-text\" style=\"background: transparent; border: 0px; margin: 0px 0px 10px calc((100% - 490px) * 0.5); outline: 0px; padding: 0px; vertical-align: baseline; pointer-events: none; direction: var(--text-direction); min-height: var(--min-height); min-width: var(--min-width); overflow-wrap: break-word; position: relative; left: 15px; grid-area: 4 \/ 1 \/ 5 \/ 2; place-self: start; width: 460px; height: auto; color: #000000; font-family: Arial, Helvetica, sans-serif; font-size: 10px; visibility: inherit;\" data-testid=\"richTextElement\" data-angle=\"0\" data-angle-style-location=\"style\" data-screen-in-hide=\"done\"><p style=\"text-align: center;\">Zapisy i sprawy projekt\u00f3w:<br \/><a href=\"http:\/\/tel:+48734497589\/\" data-wplink-url-error=\"true\">tel. +48 734 497 589<\/a>\u00a0 &#8211; biuro<br \/><a href=\"http:\/\/tel:+48888834020\" data-wplink-url-error=\"true\">tel. +48 888 834 020<\/a>\u00a0 &#8211; Agata<br \/><a href=\"http:\/\/tel:+48888835275\" data-wplink-url-error=\"true\">tel. +48 888 835 275<\/a>\u00a0 &#8211; Sylwia<br \/><a href=\"http:\/\/tel:+48737599211\" data-wplink-url-error=\"true\"><span style=\"color: #333333;\">tel. +48 737 599 211<\/span><\/a> &#8211; \u0141ukasz<\/p><p class=\"font_9 wixui-rich-text__text\" style=\"background: transparent; border: 0px; outline: 0px; padding: 0px; vertical-align: baseline; pointer-events: auto; font-size: 15px; line-height: 1.875em; color: rgb(var(--color_15)); margin-block: 0px; margin: 0px; text-align: center;\"><span class=\"color_15 wixui-rich-text__text\" style=\"background: transparent; border: 0px; margin: 0px; outline: 0px; padding: 0px; vertical-align: baseline; color: rgb(var(--color_15));\">\u00a0<\/span><\/p><p class=\"font_9 wixui-rich-text__text\" style=\"background: transparent; border: 0px; outline: 0px; padding: 0px; vertical-align: baseline; pointer-events: auto; font-size: 15px; line-height: 1.875em; color: rgb(var(--color_15)); margin-block: 0px; margin: 0px; text-align: center;\"><span class=\"color_15 wixui-rich-text__text\" style=\"background: transparent; border: 0px; margin: 0px; outline: 0px; padding: 0px; vertical-align: baseline; color: rgb(var(--color_15));\">\u00a0<\/span><\/p><\/div>\t\t\t\t\t\t\t\t<\/div>\n\t\t\t\t<\/div>\n\t\t<div class=\"elementor-element elementor-element-64cafa0 e-flex e-con-boxed wpr-particle-no wpr-jarallax-no wpr-parallax-no wpr-sticky-section-no wpr-equal-height-no e-con e-child\" data-id=\"64cafa0\" data-element_type=\"container\" data-e-type=\"container\">\n\t\t\t\t\t<div class=\"e-con-inner\">\n\t\t\t\t\t<\/div>\n\t\t\t\t<\/div>\n\t\t\t\t<\/div>\n\t\t<div class=\"elementor-element elementor-element-4296cfe e-con-full e-flex wpr-particle-no wpr-jarallax-no wpr-parallax-no wpr-sticky-section-no wpr-equal-height-no e-con e-child\" data-id=\"4296cfe\" data-element_type=\"container\" data-e-type=\"container\">\n\t\t\t\t<div class=\"elementor-element elementor-element-db87ac2 elementor-widget-tablet__width-initial elementor-widget-laptop__width-initial wpr-step-type-number_text wpr-step-content-layout-vertical wpr-custom-styles-yes elementor-widget elementor-widget-wpr-form-builder\" data-id=\"db87ac2\" data-element_type=\"widget\" data-e-type=\"widget\" data-settings=\"{&quot;success_message&quot;:&quot;Submission successful&quot;,&quot;error_message&quot;:&quot;Submission failed&quot;,&quot;button_width&quot;:{&quot;unit&quot;:&quot;%&quot;,&quot;size&quot;:100,&quot;sizes&quot;:[]},&quot;button_width_laptop&quot;:{&quot;unit&quot;:&quot;px&quot;,&quot;size&quot;:&quot;&quot;,&quot;sizes&quot;:[]},&quot;button_width_tablet&quot;:{&quot;unit&quot;:&quot;px&quot;,&quot;size&quot;:&quot;&quot;,&quot;sizes&quot;:[]},&quot;button_width_mobile&quot;:{&quot;unit&quot;:&quot;px&quot;,&quot;size&quot;:&quot;&quot;,&quot;sizes&quot;:[]},&quot;step_type&quot;:&quot;number_text&quot;,&quot;step_content_layout&quot;:&quot;vertical&quot;}\" data-widget_type=\"wpr-form-builder.default\">\n\t\t\t\t<div class=\"elementor-widget-container\">\n\t\t\t\t\t\t\t<form class=\"wpr-form\" method=\"post\" name=\"New Form\" page=\"Kontakt\" page_id=\"19\" novalidate>\n\t\t\t<input type=\"hidden\" name=\"post_id\" value=\"19\"\/>\n\t\t\t<input type=\"hidden\" name=\"form_id\" value=\"db87ac2\"\/>\n\t\t\t<input type=\"hidden\" name=\"referer_title\" value=\"wordpressplugins\" \/>\n\n\t\t\t<div class=\"wpr-step-wrap\"><\/div>\n\t\t\t<div class=\"wpr-form-fields-wrap wpr-labels-above\">\n\t\t\t\t\t\t\t\t\t<div class=\"wpr-form-field-type-text wpr-field-group wpr-column wpr-field-group-name elementor-repeater-item-4dade93\">\n\t\t\t\t\t\t<input size=\"1 \"type=\"text\" name=\"form_fields[name]\" id=\"form-field-name\" class=\"wpr-form-field  wpr-form-field-textual\" placeholder=\"Imi\u0119\">\t\t\t\t\t<\/div>\n\t\t\t\t\t\t\t\t\t<div class=\"wpr-form-field-type-email wpr-field-group wpr-column wpr-field-group-email elementor-repeater-item-0a5c753 wpr-form-field-required\">\n\t\t\t\t\t\t<input size=\"1 \"type=\"email\" name=\"form_fields[email]\" id=\"form-field-email\" class=\"wpr-form-field  wpr-form-field-textual\" placeholder=\"Email\" required=\"required\" aria-required=\"true\">\t\t\t\t\t<\/div>\n\t\t\t\t\t\t\t\t\t<div class=\"wpr-form-field-type-textarea wpr-field-group wpr-column wpr-field-group-message elementor-repeater-item-cfb66d1\">\n\t\t\t\t\t\t<textarea class=\"wpr-form-field-textual wpr-form-field \" name=\"form_fields[message]\" id=\"form-field-message\" rows=\"6\" placeholder=\"Tutaj napisz swoj\u0105 wiadomo\u015b\u0107... Na ko\u0144cu podaj swoje dane kontaktowe: Imi\u0119 i telefon\"><\/textarea>\t\t\t\t\t<\/div>\n\t\t\t\t<div class=\"wpr-field-group wpr-stp-btns-wrap wpr-column wpr-form-field-type-submit\" data-actions=\"[&quot;email&quot;]\" data-redirect-url=\"\" data-mailchimp-fields=\"{&quot;email_field&quot;:&quot;&quot;,&quot;first_name_field&quot;:&quot;&quot;,&quot;last_name_field&quot;:&quot;&quot;,&quot;address_field&quot;:&quot;&quot;,&quot;phone_field&quot;:&quot;&quot;,&quot;birthday_field&quot;:&quot;&quot;,&quot;group_id&quot;:&quot;&quot;}\" data-list-id=\"\">\t\t\t<button type=\"submit\" class=\"wpr-button\">\n\t\t\t\t<span >\n\t\t\t\t\t\t\t\t\t\t\t\t\t\t\t\t<span>Wy\u015blij<\/span>\n\t\t\t\t\t\t\t\t\t\t\t\t\t\t<\/span>\t\n\t\t\t\t<div class=\"wpr-double-bounce wpr-loader-hidden\">\n\t\t\t\t\t<div class=\"wpr-child wpr-double-bounce1\"><\/div>\n\t\t\t\t\t<div class=\"wpr-child wpr-double-bounce2\"><\/div>\n\t\t\t\t<\/div>\n\t\t\t<\/button>\n\t\t<\/div>\t\t\t\t\n\t\t\t<\/div>\n\t\t<\/form>\n\t  \t\t\t\t<\/div>\n\t\t\t\t<\/div>\n\t\t<div class=\"elementor-element elementor-element-3f3224a e-flex e-con-boxed wpr-particle-no wpr-jarallax-no wpr-parallax-no wpr-sticky-section-no wpr-equal-height-no e-con e-child\" data-id=\"3f3224a\" data-element_type=\"container\" data-e-type=\"container\">\n\t\t\t\t\t<div class=\"e-con-inner\">\n\t\t\t\t<div class=\"elementor-element elementor-element-bb55b8f elementor-widget elementor-widget-text-editor\" data-id=\"bb55b8f\" data-element_type=\"widget\" data-e-type=\"widget\" data-widget_type=\"text-editor.default\">\n\t\t\t\t<div class=\"elementor-widget-container\">\n\t\t\t\t\t\t\t\t\t<p style=\"text-align: center;\"><a href=\"https:\/\/auxiliumfoundation.eu\/index.php\/polityka-prywatnosci\/\" target=\"_blank\" rel=\"noopener\" data-wplink-edit=\"true\">Polityka prywatno\u015bci<\/a><\/p>\t\t\t\t\t\t\t\t<\/div>\n\t\t\t\t<\/div>\n\t\t\t\t\t<\/div>\n\t\t\t\t<\/div>\n\t\t\t\t<\/div>\n\t\t\t\t<\/div>\n\t\t<div class=\"elementor-element elementor-element-2265737 e-flex e-con-boxed wpr-particle-no wpr-jarallax-no wpr-parallax-no wpr-sticky-section-no wpr-equal-height-no e-con e-parent\" data-id=\"2265737\" data-element_type=\"container\" data-e-type=\"container\">\n\t\t\t\t\t<div class=\"e-con-inner\">\n\t\t\t\t\t<\/div>\n\t\t\t\t<\/div>\n\t\t\t\t<\/div>\n\t\t","protected":false},"excerpt":{"rendered":"<p>Kontakt BIURO FUNDACJI:ul. Wyzwolenia 27 pok.20143-190 Miko\u0142\u00f3w Siedziba rejestrowa:ul. Norwida 4\/643-190 Miko\u0142\u00f3w info@auxiliumfoundation.eu Zapisy i sprawy projekt\u00f3w:tel. +48 734 497 589\u00a0 &#8211; biurotel. +48 888 834 020\u00a0 &#8211; Agatatel. +48 888 835 275\u00a0 &#8211; Sylwiatel. +48 737 599 211 &#8211; \u0141ukasz \u00a0 \u00a0 Wy\u015blij Polityka prywatno\u015bci<\/p>\n","protected":false},"author":1,"featured_media":0,"parent":0,"menu_order":0,"comment_status":"closed","ping_status":"closed","template":"elementor_header_footer","meta":{"footnotes":""},"class_list":["post-19","page","type-page","status-publish","hentry"],"yoast_head":"<!-- This site is optimized with the Yoast SEO plugin v27.4 - https:\/\/yoast.com\/product\/yoast-seo-wordpress\/ -->\n<title>Kontakt - wordpressplugins<\/title>\n<meta name=\"robots\" content=\"index, follow, max-snippet:-1, max-image-preview:large, max-video-preview:-1\" \/>\n<link rel=\"canonical\" href=\"https:\/\/auxiliumfoundation.eu\/index.php\/kontakt\/\" \/>\n<meta property=\"og:locale\" content=\"pl_PL\" \/>\n<meta property=\"og:type\" content=\"article\" \/>\n<meta property=\"og:title\" content=\"Kontakt - wordpressplugins\" \/>\n<meta property=\"og:description\" content=\"Kontakt BIURO FUNDACJI:ul. Wyzwolenia 27 pok.20143-190 Miko\u0142\u00f3w Siedziba rejestrowa:ul. Norwida 4\/643-190 Miko\u0142\u00f3w info@auxiliumfoundation.eu Zapisy i sprawy projekt\u00f3w:tel. +48 734 497 589\u00a0 &#8211; biurotel. +48 888 834 020\u00a0 &#8211; Agatatel. +48 888 835 275\u00a0 &#8211; Sylwiatel. +48 737 599 211 &#8211; \u0141ukasz \u00a0 \u00a0 Wy\u015blij Polityka prywatno\u015bci\" \/>\n<meta property=\"og:url\" content=\"https:\/\/auxiliumfoundation.eu\/index.php\/kontakt\/\" \/>\n<meta property=\"og:site_name\" content=\"wordpressplugins\" \/>\n<meta property=\"article:modified_time\" content=\"2026-04-14T08:18:15+00:00\" \/>\n<meta name=\"twitter:card\" content=\"summary_large_image\" \/>\n<meta name=\"twitter:label1\" content=\"Szacowany czas czytania\" \/>\n\t<meta name=\"twitter:data1\" content=\"1 minuta\" \/>\n<script type=\"application\/ld+json\" class=\"yoast-schema-graph\">{\"@context\":\"https:\\\/\\\/schema.org\",\"@graph\":[{\"@type\":\"WebPage\",\"@id\":\"https:\\\/\\\/auxiliumfoundation.eu\\\/index.php\\\/kontakt\\\/\",\"url\":\"https:\\\/\\\/auxiliumfoundation.eu\\\/index.php\\\/kontakt\\\/\",\"name\":\"Kontakt - wordpressplugins\",\"isPartOf\":{\"@id\":\"https:\\\/\\\/auxiliumfoundation.eu\\\/#website\"},\"datePublished\":\"2023-09-14T07:40:44+00:00\",\"dateModified\":\"2026-04-14T08:18:15+00:00\",\"breadcrumb\":{\"@id\":\"https:\\\/\\\/auxiliumfoundation.eu\\\/index.php\\\/kontakt\\\/#breadcrumb\"},\"inLanguage\":\"pl-PL\",\"potentialAction\":[{\"@type\":\"ReadAction\",\"target\":[\"https:\\\/\\\/auxiliumfoundation.eu\\\/index.php\\\/kontakt\\\/\"]}]},{\"@type\":\"BreadcrumbList\",\"@id\":\"https:\\\/\\\/auxiliumfoundation.eu\\\/index.php\\\/kontakt\\\/#breadcrumb\",\"itemListElement\":[{\"@type\":\"ListItem\",\"position\":1,\"name\":\"Home\",\"item\":\"https:\\\/\\\/auxiliumfoundation.eu\\\/\"},{\"@type\":\"ListItem\",\"position\":2,\"name\":\"Kontakt\"}]},{\"@type\":\"WebSite\",\"@id\":\"https:\\\/\\\/auxiliumfoundation.eu\\\/#website\",\"url\":\"https:\\\/\\\/auxiliumfoundation.eu\\\/\",\"name\":\"wordpressplugins\",\"description\":\"\",\"potentialAction\":[{\"@type\":\"SearchAction\",\"target\":{\"@type\":\"EntryPoint\",\"urlTemplate\":\"https:\\\/\\\/auxiliumfoundation.eu\\\/?s={search_term_string}\"},\"query-input\":{\"@type\":\"PropertyValueSpecification\",\"valueRequired\":true,\"valueName\":\"search_term_string\"}}],\"inLanguage\":\"pl-PL\"}]}<\/script>\n<!-- \/ Yoast SEO plugin. -->","yoast_head_json":{"title":"Kontakt - wordpressplugins","robots":{"index":"index","follow":"follow","max-snippet":"max-snippet:-1","max-image-preview":"max-image-preview:large","max-video-preview":"max-video-preview:-1"},"canonical":"https:\/\/auxiliumfoundation.eu\/index.php\/kontakt\/","og_locale":"pl_PL","og_type":"article","og_title":"Kontakt - wordpressplugins","og_description":"Kontakt BIURO FUNDACJI:ul. Wyzwolenia 27 pok.20143-190 Miko\u0142\u00f3w Siedziba rejestrowa:ul. Norwida 4\/643-190 Miko\u0142\u00f3w info@auxiliumfoundation.eu Zapisy i sprawy projekt\u00f3w:tel. +48 734 497 589\u00a0 &#8211; biurotel. +48 888 834 020\u00a0 &#8211; Agatatel. +48 888 835 275\u00a0 &#8211; Sylwiatel. +48 737 599 211 &#8211; \u0141ukasz \u00a0 \u00a0 Wy\u015blij Polityka prywatno\u015bci","og_url":"https:\/\/auxiliumfoundation.eu\/index.php\/kontakt\/","og_site_name":"wordpressplugins","article_modified_time":"2026-04-14T08:18:15+00:00","twitter_card":"summary_large_image","twitter_misc":{"Szacowany czas czytania":"1 minuta"},"schema":{"@context":"https:\/\/schema.org","@graph":[{"@type":"WebPage","@id":"https:\/\/auxiliumfoundation.eu\/index.php\/kontakt\/","url":"https:\/\/auxiliumfoundation.eu\/index.php\/kontakt\/","name":"Kontakt - wordpressplugins","isPartOf":{"@id":"https:\/\/auxiliumfoundation.eu\/#website"},"datePublished":"2023-09-14T07:40:44+00:00","dateModified":"2026-04-14T08:18:15+00:00","breadcrumb":{"@id":"https:\/\/auxiliumfoundation.eu\/index.php\/kontakt\/#breadcrumb"},"inLanguage":"pl-PL","potentialAction":[{"@type":"ReadAction","target":["https:\/\/auxiliumfoundation.eu\/index.php\/kontakt\/"]}]},{"@type":"BreadcrumbList","@id":"https:\/\/auxiliumfoundation.eu\/index.php\/kontakt\/#breadcrumb","itemListElement":[{"@type":"ListItem","position":1,"name":"Home","item":"https:\/\/auxiliumfoundation.eu\/"},{"@type":"ListItem","position":2,"name":"Kontakt"}]},{"@type":"WebSite","@id":"https:\/\/auxiliumfoundation.eu\/#website","url":"https:\/\/auxiliumfoundation.eu\/","name":"wordpressplugins","description":"","potentialAction":[{"@type":"SearchAction","target":{"@type":"EntryPoint","urlTemplate":"https:\/\/auxiliumfoundation.eu\/?s={search_term_string}"},"query-input":{"@type":"PropertyValueSpecification","valueRequired":true,"valueName":"search_term_string"}}],"inLanguage":"pl-PL"}]}},"_links":{"self":[{"href":"https:\/\/auxiliumfoundation.eu\/index.php\/wp-json\/wp\/v2\/pages\/19","targetHints":{"allow":["GET"]}}],"collection":[{"href":"https:\/\/auxiliumfoundation.eu\/index.php\/wp-json\/wp\/v2\/pages"}],"about":[{"href":"https:\/\/auxiliumfoundation.eu\/index.php\/wp-json\/wp\/v2\/types\/page"}],"author":[{"embeddable":true,"href":"https:\/\/auxiliumfoundation.eu\/index.php\/wp-json\/wp\/v2\/users\/1"}],"replies":[{"embeddable":true,"href":"https:\/\/auxiliumfoundation.eu\/index.php\/wp-json\/wp\/v2\/comments?post=19"}],"version-history":[{"count":157,"href":"https:\/\/auxiliumfoundation.eu\/index.php\/wp-json\/wp\/v2\/pages\/19\/revisions"}],"predecessor-version":[{"id":1553,"href":"https:\/\/auxiliumfoundation.eu\/index.php\/wp-json\/wp\/v2\/pages\/19\/revisions\/1553"}],"wp:attachment":[{"href":"https:\/\/auxiliumfoundation.eu\/index.php\/wp-json\/wp\/v2\/media?parent=19"}],"curies":[{"name":"wp","href":"https:\/\/api.w.org\/{rel}","templated":true}]}}