{"id":3,"date":"2023-09-14T09:27:27","date_gmt":"2023-09-14T07:27:27","guid":{"rendered":"http:\/\/serwer2225583.home.pl\/autoinstalator\/wordpressplugins\/?page_id=3"},"modified":"2024-06-07T00:11:33","modified_gmt":"2024-06-06T22:11:33","slug":"polityka-prywatnosci","status":"publish","type":"page","link":"https:\/\/auxiliumfoundation.eu\/index.php\/polityka-prywatnosci\/","title":{"rendered":"Polityka prywatno\u015bci"},"content":{"rendered":"\t\t<div data-elementor-type=\"wp-page\" data-elementor-id=\"3\" class=\"elementor elementor-3\">\n\t\t\t\t<div class=\"elementor-element elementor-element-5d59cb76 e-con-full e-flex wpr-particle-no wpr-jarallax-no wpr-parallax-no wpr-sticky-section-no wpr-equal-height-no e-con e-parent\" data-id=\"5d59cb76\" data-element_type=\"container\" data-e-type=\"container\">\n\t\t\t\t<div class=\"elementor-element elementor-element-9ae0883 elementor-widget elementor-widget-spacer\" data-id=\"9ae0883\" data-element_type=\"widget\" data-e-type=\"widget\" data-widget_type=\"spacer.default\">\n\t\t\t\t<div class=\"elementor-widget-container\">\n\t\t\t\t\t\t\t<div class=\"elementor-spacer\">\n\t\t\t<div class=\"elementor-spacer-inner\"><\/div>\n\t\t<\/div>\n\t\t\t\t\t\t<\/div>\n\t\t\t\t<\/div>\n\t\t\t\t<div class=\"elementor-element elementor-element-6373b0a elementor-widget__width-initial elementor-widget elementor-widget-heading\" data-id=\"6373b0a\" data-element_type=\"widget\" data-e-type=\"widget\" data-widget_type=\"heading.default\">\n\t\t\t\t<div class=\"elementor-widget-container\">\n\t\t\t\t\t<h2 class=\"elementor-heading-title elementor-size-default\">Polityka Prywatno\u015bci<\/h2>\t\t\t\t<\/div>\n\t\t\t\t<\/div>\n\t\t\t\t<div class=\"elementor-element elementor-element-3c051eb elementor-widget__width-initial elementor-widget elementor-widget-text-editor\" data-id=\"3c051eb\" data-element_type=\"widget\" data-e-type=\"widget\" data-widget_type=\"text-editor.default\">\n\t\t\t\t<div class=\"elementor-widget-container\">\n\t\t\t\t\t\t\t\t\t\n<p><strong>I. Administrator danych osobowych<\/strong><\/p>\n\n<p>Administratorem danych osobowych jest Fundacja Auxilium z siedzib\u0105 w Miko\u0142owie<\/p>\n\n<p>(os. Norwida 4\/6) KRS: 0000627596 REGON: 365545857.<\/p>\n\n<p><strong>II. Cele oraz podstawa prawna przetwarzania Pani\/Pana danych osobowych<\/strong><\/p>\n\n<p>Administrator przetwarzana dane podane w formularzu w zakresie niezb\u0119dnym do odpowiedzi na zapytania. Podstaw\u0105 prawn\u0105 przetwarzania danych jest art. 6 ust.1 pkt b i d Rozporz\u0105dzenia Parlamentu Europejskiego i Rady (UE) 2016\/679 z dnia 27 kwietnia 2016 r. w sprawie ochrony os\u00f3b fizycznych w zwi\u0105zku z przetwarzaniem danych osobowych i\u00a0w\u00a0sprawie swobodnego przep\u0142ywu takich danych oraz uchylenia dyrektywy 95\/46\/WE (dalej \u201eRODO\u201d).<\/p>\n\n<p><strong>III. Obowi\u0105zek podania danych osobowych<\/strong><\/p>\n\n<p>Podanie danych osobowych jest dobrowolne, lecz w zakresie adresu mailowego niezb\u0119dne do udzielenia odpowiedzi.<\/p>\n\n<p><strong>IV. Informacje o odbiorcach danych osobowych<\/strong><\/p>\n\n<p>W zwi\u0105zku z przetwarzaniem danych osobowych w celach wskazanych w pkt II, Twoje dane osobowe mog\u0105 by\u0107 udost\u0119pniane nast\u0119puj\u0105cym odbiorcom b\u0105d\u017a kategoriom odbiorc\u00f3w:<\/p>\n\n<p>a) podmiotom wspieraj\u0105cym Administratora w wykonywaniu jego obowi\u0105zk\u00f3w, w tym podmiotom przetwarzaj\u0105cym dane osobowe na rzecz Administratora;<\/p>\n\n<p>b) organom administracji publicznej oraz podmiotom wykonuj\u0105cym zadania publiczne lub dzia\u0142aj\u0105cym na zlecenie organ\u00f3w administracji publicznej, w zakresie i w celach, kt\u00f3re wynikaj\u0105 z przepis\u00f3w prawa.\u00a0<\/p>\n\n<p><strong>V. Okresy przetwarzania danych osobowych<\/strong><\/p>\n\n<p>Dane osobowe b\u0119d\u0105 przetwarzane przez okres niezb\u0119dny do prowadzenia komunikacji.<\/p>\n\n<p>Po up\u0142ywie powy\u017cszego okresu dane osobowe mog\u0105 by\u0107 nadal\u00a0przetwarzane w zakresie wymaganym przez przepisy prawa lub dla realizacji przez Administratora prawnie uzasadnionego interesu administratora danych w zakresie okre\u015blonym w pkt II powy\u017cej.<\/p>\n\n<p><strong>VI. Profilowanie oraz zautomatyzowane podejmowanie decyzji<\/strong><\/p>\n\n<p>Administrator nie korzysta ze zautomatyzowanego podejmowania decyzji i profilowania w\u00a0rozumieniu art. 23 RODO.<\/p>\n\n<p><strong>VII. Prawa osoby, kt\u00f3rej dane dotycz\u0105<\/strong><\/p>\n\n<p>Administrator zapewnia, \u017ce wszystkim osobom, kt\u00f3rych danych osobowe s\u0105 przetwarzane przys\u0142uguj\u0105 odpowiednie prawa wynikaj\u0105ce z RODO, tj.:<\/p>\n\n<p>a) prawo dost\u0119pu do danych osobowych, w tym prawo do uzyskania kopii tych danych;<\/p>\n\n<p>b) prawo do \u017c\u0105dania sprostowania (poprawiania) danych osobowych; \u00a0<\/p>\n\n<p>c) prawo do \u017c\u0105dania usuni\u0119cia danych osobowych;<\/p>\n\n<p>d) prawo do \u017c\u0105dania ograniczenia przetwarzania danych osobowych;<\/p>\n\n<p>e) prawo do przenoszenia danych osobowych;<\/p>\n\n<p>Administrator zapewnia ponadto prawo do sprzeciwu wobec przetwarzania danych osobowych.<\/p>\n\n<p><strong>VIII. Prawo do cofni\u0119cia zgody na przetwarzanie danych osobowych<\/strong><\/p>\n\n<p>W zakresie, w jakim przetwarzanie danych osobowych odbywa si\u0119 na podstawie zgody, osobie kt\u00f3rej dane dotycz\u0105 przys\u0142uguje prawo do cofni\u0119cia zgody na przetwarzanie danych osobowych w dowolnym momencie. Cofni\u0119cie zgody nie ma wp\u0142ywu na zgodno\u015b\u0107 z prawem przetwarzania danych, kt\u00f3rego dokonano na podstawie zgody przed jej wycofaniem.<\/p>\n\n<p><strong>IX. Prawo wniesienia skargi do organu nadzorczego<\/strong><\/p>\n\n<p>W przypadku uznania, i\u017c przetwarzanie przez Administratora danych osobowych narusza przepisy RODO, osobie kt\u00f3rej dane dotycz\u0105 przys\u0142uguje prawo do wniesienia skargi do organu nadzorczego tj. do Prezesa Urz\u0119du Ochrony Danych Osobowych.<\/p>\n\n<p><strong>X. Przekazywanie danych osobowych do podmiot\u00f3w spoza Europejskiego Obszaru Gospodarczego (\u201eEOG\u201d) lub organizacji mi\u0119dzynarodowych<\/strong><\/p>\n\n<p>Administrator nie b\u0119dzie przekazywa\u0142 danych osobowych poza Europejski Obszar Gospodarczy (EOG).<\/p>\n\n<p><strong>XI. Kontakt w sprawie danych osobowych<\/strong><\/p>\n\n<p>Kontakt w sprawie danych osobowych mo\u017cliwy jest za po\u015brednictwem poczty elektronicznej pod adresem: <a href=\"info@auxiliumfounation.eu\">info@auxiliumfounation.eu<\/a><\/p>\n\t\t\t\t\t\t\t\t<\/div>\n\t\t\t\t<\/div>\n\t\t\t\t<\/div>\n\t\t\t\t<\/div>\n\t\t","protected":false},"excerpt":{"rendered":"<p>Polityka Prywatno\u015bci I. Administrator danych osobowych Administratorem danych osobowych jest Fundacja Auxilium z siedzib\u0105 w Miko\u0142owie (os. Norwida 4\/6) KRS: 0000627596 REGON: 365545857. II. Cele oraz podstawa prawna przetwarzania Pani\/Pana danych osobowych Administrator przetwarzana dane podane w formularzu w zakresie niezb\u0119dnym do odpowiedzi na zapytania. Podstaw\u0105 prawn\u0105 przetwarzania danych jest art. 6 ust.1 pkt b i d Rozporz\u0105dzenia Parlamentu Europejskiego i Rady (UE) 2016\/679 z dnia 27 kwietnia 2016 r. w sprawie ochrony os\u00f3b fizycznych w zwi\u0105zku z przetwarzaniem danych osobowych i\u00a0w\u00a0sprawie swobodnego przep\u0142ywu takich danych oraz uchylenia dyrektywy 95\/46\/WE (dalej \u201eRODO\u201d). III. Obowi\u0105zek podania danych osobowych Podanie danych osobowych jest dobrowolne, lecz w zakresie adresu mailowego niezb\u0119dne do udzielenia odpowiedzi. IV. Informacje o odbiorcach danych osobowych W zwi\u0105zku z przetwarzaniem danych osobowych w celach wskazanych w pkt II, Twoje dane osobowe mog\u0105 by\u0107 udost\u0119pniane nast\u0119puj\u0105cym odbiorcom b\u0105d\u017a kategoriom odbiorc\u00f3w: a) podmiotom wspieraj\u0105cym Administratora w wykonywaniu jego obowi\u0105zk\u00f3w, w tym podmiotom przetwarzaj\u0105cym dane osobowe na rzecz Administratora; b) organom administracji publicznej oraz podmiotom wykonuj\u0105cym zadania publiczne lub dzia\u0142aj\u0105cym na zlecenie organ\u00f3w administracji publicznej, w zakresie i w celach, kt\u00f3re wynikaj\u0105 z przepis\u00f3w prawa.\u00a0 V. Okresy przetwarzania danych osobowych Dane osobowe b\u0119d\u0105 przetwarzane przez okres niezb\u0119dny do prowadzenia komunikacji. Po up\u0142ywie powy\u017cszego okresu dane osobowe mog\u0105 by\u0107 nadal\u00a0przetwarzane w zakresie wymaganym przez przepisy prawa lub dla realizacji przez Administratora prawnie uzasadnionego interesu administratora danych w zakresie okre\u015blonym w pkt II powy\u017cej. VI. Profilowanie oraz zautomatyzowane podejmowanie decyzji Administrator nie korzysta ze zautomatyzowanego podejmowania decyzji i profilowania w\u00a0rozumieniu art. 23 RODO. VII. Prawa osoby, kt\u00f3rej dane dotycz\u0105 Administrator zapewnia, \u017ce wszystkim osobom, kt\u00f3rych danych osobowe s\u0105 przetwarzane przys\u0142uguj\u0105 odpowiednie prawa wynikaj\u0105ce z RODO, tj.: a) prawo dost\u0119pu do danych osobowych, w tym prawo do uzyskania kopii tych danych; b) prawo do \u017c\u0105dania sprostowania (poprawiania) danych osobowych; \u00a0 c) prawo do \u017c\u0105dania usuni\u0119cia danych osobowych; d) prawo do \u017c\u0105dania ograniczenia przetwarzania danych osobowych; e) prawo do przenoszenia danych osobowych; Administrator zapewnia ponadto prawo do sprzeciwu wobec przetwarzania danych osobowych. VIII. Prawo do cofni\u0119cia zgody na przetwarzanie danych osobowych W zakresie, w jakim przetwarzanie danych osobowych odbywa si\u0119 na podstawie zgody, osobie kt\u00f3rej dane dotycz\u0105 przys\u0142uguje prawo do cofni\u0119cia zgody na przetwarzanie danych osobowych w dowolnym momencie. Cofni\u0119cie zgody nie ma wp\u0142ywu na zgodno\u015b\u0107 z prawem przetwarzania danych, kt\u00f3rego dokonano na podstawie zgody przed jej wycofaniem. IX. Prawo wniesienia skargi do organu nadzorczego W przypadku uznania, i\u017c przetwarzanie przez Administratora danych osobowych narusza przepisy RODO, osobie kt\u00f3rej dane dotycz\u0105 przys\u0142uguje prawo do wniesienia skargi do organu nadzorczego tj. do Prezesa Urz\u0119du Ochrony Danych Osobowych. X. Przekazywanie danych osobowych do podmiot\u00f3w spoza Europejskiego Obszaru Gospodarczego (\u201eEOG\u201d) lub organizacji mi\u0119dzynarodowych Administrator nie b\u0119dzie przekazywa\u0142 danych osobowych poza Europejski Obszar Gospodarczy (EOG). XI. Kontakt w sprawie danych osobowych Kontakt w sprawie danych osobowych mo\u017cliwy jest za po\u015brednictwem poczty elektronicznej pod adresem: info@auxiliumfounation.eu<\/p>\n","protected":false},"author":1,"featured_media":0,"parent":0,"menu_order":0,"comment_status":"closed","ping_status":"open","template":"","meta":{"footnotes":""},"class_list":["post-3","page","type-page","status-publish","hentry"],"yoast_head":"<!-- This site is optimized with the Yoast SEO plugin v27.4 - https:\/\/yoast.com\/product\/yoast-seo-wordpress\/ -->\n<title>Polityka prywatno\u015bci - wordpressplugins<\/title>\n<meta name=\"robots\" content=\"index, follow, max-snippet:-1, max-image-preview:large, max-video-preview:-1\" \/>\n<link rel=\"canonical\" href=\"https:\/\/auxiliumfoundation.eu\/index.php\/polityka-prywatnosci\/\" \/>\n<meta property=\"og:locale\" content=\"pl_PL\" \/>\n<meta property=\"og:type\" content=\"article\" \/>\n<meta property=\"og:title\" content=\"Polityka prywatno\u015bci - wordpressplugins\" \/>\n<meta property=\"og:description\" content=\"Polityka Prywatno\u015bci I. Administrator danych osobowych Administratorem danych osobowych jest Fundacja Auxilium z siedzib\u0105 w Miko\u0142owie (os. Norwida 4\/6) KRS: 0000627596 REGON: 365545857. II. Cele oraz podstawa prawna przetwarzania Pani\/Pana danych osobowych Administrator przetwarzana dane podane w formularzu w zakresie niezb\u0119dnym do odpowiedzi na zapytania. Podstaw\u0105 prawn\u0105 przetwarzania danych jest art. 6 ust.1 pkt b i d Rozporz\u0105dzenia Parlamentu Europejskiego i Rady (UE) 2016\/679 z dnia 27 kwietnia 2016 r. w sprawie ochrony os\u00f3b fizycznych w zwi\u0105zku z przetwarzaniem danych osobowych i\u00a0w\u00a0sprawie swobodnego przep\u0142ywu takich danych oraz uchylenia dyrektywy 95\/46\/WE (dalej \u201eRODO\u201d). III. Obowi\u0105zek podania danych osobowych Podanie danych osobowych jest dobrowolne, lecz w zakresie adresu mailowego niezb\u0119dne do udzielenia odpowiedzi. IV. Informacje o odbiorcach danych osobowych W zwi\u0105zku z przetwarzaniem danych osobowych w celach wskazanych w pkt II, Twoje dane osobowe mog\u0105 by\u0107 udost\u0119pniane nast\u0119puj\u0105cym odbiorcom b\u0105d\u017a kategoriom odbiorc\u00f3w: a) podmiotom wspieraj\u0105cym Administratora w wykonywaniu jego obowi\u0105zk\u00f3w, w tym podmiotom przetwarzaj\u0105cym dane osobowe na rzecz Administratora; b) organom administracji publicznej oraz podmiotom wykonuj\u0105cym zadania publiczne lub dzia\u0142aj\u0105cym na zlecenie organ\u00f3w administracji publicznej, w zakresie i w celach, kt\u00f3re wynikaj\u0105 z przepis\u00f3w prawa.\u00a0 V. Okresy przetwarzania danych osobowych Dane osobowe b\u0119d\u0105 przetwarzane przez okres niezb\u0119dny do prowadzenia komunikacji. Po up\u0142ywie powy\u017cszego okresu dane osobowe mog\u0105 by\u0107 nadal\u00a0przetwarzane w zakresie wymaganym przez przepisy prawa lub dla realizacji przez Administratora prawnie uzasadnionego interesu administratora danych w zakresie okre\u015blonym w pkt II powy\u017cej. VI. Profilowanie oraz zautomatyzowane podejmowanie decyzji Administrator nie korzysta ze zautomatyzowanego podejmowania decyzji i profilowania w\u00a0rozumieniu art. 23 RODO. VII. Prawa osoby, kt\u00f3rej dane dotycz\u0105 Administrator zapewnia, \u017ce wszystkim osobom, kt\u00f3rych danych osobowe s\u0105 przetwarzane przys\u0142uguj\u0105 odpowiednie prawa wynikaj\u0105ce z RODO, tj.: a) prawo dost\u0119pu do danych osobowych, w tym prawo do uzyskania kopii tych danych; b) prawo do \u017c\u0105dania sprostowania (poprawiania) danych osobowych; \u00a0 c) prawo do \u017c\u0105dania usuni\u0119cia danych osobowych; d) prawo do \u017c\u0105dania ograniczenia przetwarzania danych osobowych; e) prawo do przenoszenia danych osobowych; Administrator zapewnia ponadto prawo do sprzeciwu wobec przetwarzania danych osobowych. VIII. Prawo do cofni\u0119cia zgody na przetwarzanie danych osobowych W zakresie, w jakim przetwarzanie danych osobowych odbywa si\u0119 na podstawie zgody, osobie kt\u00f3rej dane dotycz\u0105 przys\u0142uguje prawo do cofni\u0119cia zgody na przetwarzanie danych osobowych w dowolnym momencie. Cofni\u0119cie zgody nie ma wp\u0142ywu na zgodno\u015b\u0107 z prawem przetwarzania danych, kt\u00f3rego dokonano na podstawie zgody przed jej wycofaniem. IX. Prawo wniesienia skargi do organu nadzorczego W przypadku uznania, i\u017c przetwarzanie przez Administratora danych osobowych narusza przepisy RODO, osobie kt\u00f3rej dane dotycz\u0105 przys\u0142uguje prawo do wniesienia skargi do organu nadzorczego tj. do Prezesa Urz\u0119du Ochrony Danych Osobowych. X. Przekazywanie danych osobowych do podmiot\u00f3w spoza Europejskiego Obszaru Gospodarczego (\u201eEOG\u201d) lub organizacji mi\u0119dzynarodowych Administrator nie b\u0119dzie przekazywa\u0142 danych osobowych poza Europejski Obszar Gospodarczy (EOG). XI. Kontakt w sprawie danych osobowych Kontakt w sprawie danych osobowych mo\u017cliwy jest za po\u015brednictwem poczty elektronicznej pod adresem: info@auxiliumfounation.eu\" \/>\n<meta property=\"og:url\" content=\"https:\/\/auxiliumfoundation.eu\/index.php\/polityka-prywatnosci\/\" \/>\n<meta property=\"og:site_name\" content=\"wordpressplugins\" \/>\n<meta property=\"article:modified_time\" content=\"2024-06-06T22:11:33+00:00\" \/>\n<meta name=\"twitter:card\" content=\"summary_large_image\" \/>\n<meta name=\"twitter:label1\" content=\"Szacowany czas czytania\" \/>\n\t<meta name=\"twitter:data1\" content=\"3 minuty\" \/>\n<script type=\"application\/ld+json\" class=\"yoast-schema-graph\">{\"@context\":\"https:\\\/\\\/schema.org\",\"@graph\":[{\"@type\":\"WebPage\",\"@id\":\"https:\\\/\\\/auxiliumfoundation.eu\\\/index.php\\\/polityka-prywatnosci\\\/\",\"url\":\"https:\\\/\\\/auxiliumfoundation.eu\\\/index.php\\\/polityka-prywatnosci\\\/\",\"name\":\"Polityka prywatno\u015bci - wordpressplugins\",\"isPartOf\":{\"@id\":\"https:\\\/\\\/auxiliumfoundation.eu\\\/#website\"},\"datePublished\":\"2023-09-14T07:27:27+00:00\",\"dateModified\":\"2024-06-06T22:11:33+00:00\",\"breadcrumb\":{\"@id\":\"https:\\\/\\\/auxiliumfoundation.eu\\\/index.php\\\/polityka-prywatnosci\\\/#breadcrumb\"},\"inLanguage\":\"pl-PL\",\"potentialAction\":[{\"@type\":\"ReadAction\",\"target\":[\"https:\\\/\\\/auxiliumfoundation.eu\\\/index.php\\\/polityka-prywatnosci\\\/\"]}]},{\"@type\":\"BreadcrumbList\",\"@id\":\"https:\\\/\\\/auxiliumfoundation.eu\\\/index.php\\\/polityka-prywatnosci\\\/#breadcrumb\",\"itemListElement\":[{\"@type\":\"ListItem\",\"position\":1,\"name\":\"Home\",\"item\":\"https:\\\/\\\/auxiliumfoundation.eu\\\/\"},{\"@type\":\"ListItem\",\"position\":2,\"name\":\"Polityka prywatno\u015bci\"}]},{\"@type\":\"WebSite\",\"@id\":\"https:\\\/\\\/auxiliumfoundation.eu\\\/#website\",\"url\":\"https:\\\/\\\/auxiliumfoundation.eu\\\/\",\"name\":\"wordpressplugins\",\"description\":\"\",\"potentialAction\":[{\"@type\":\"SearchAction\",\"target\":{\"@type\":\"EntryPoint\",\"urlTemplate\":\"https:\\\/\\\/auxiliumfoundation.eu\\\/?s={search_term_string}\"},\"query-input\":{\"@type\":\"PropertyValueSpecification\",\"valueRequired\":true,\"valueName\":\"search_term_string\"}}],\"inLanguage\":\"pl-PL\"}]}<\/script>\n<!-- \/ Yoast SEO plugin. -->","yoast_head_json":{"title":"Polityka prywatno\u015bci - wordpressplugins","robots":{"index":"index","follow":"follow","max-snippet":"max-snippet:-1","max-image-preview":"max-image-preview:large","max-video-preview":"max-video-preview:-1"},"canonical":"https:\/\/auxiliumfoundation.eu\/index.php\/polityka-prywatnosci\/","og_locale":"pl_PL","og_type":"article","og_title":"Polityka prywatno\u015bci - wordpressplugins","og_description":"Polityka Prywatno\u015bci I. Administrator danych osobowych Administratorem danych osobowych jest Fundacja Auxilium z siedzib\u0105 w Miko\u0142owie (os. Norwida 4\/6) KRS: 0000627596 REGON: 365545857. II. Cele oraz podstawa prawna przetwarzania Pani\/Pana danych osobowych Administrator przetwarzana dane podane w formularzu w zakresie niezb\u0119dnym do odpowiedzi na zapytania. Podstaw\u0105 prawn\u0105 przetwarzania danych jest art. 6 ust.1 pkt b i d Rozporz\u0105dzenia Parlamentu Europejskiego i Rady (UE) 2016\/679 z dnia 27 kwietnia 2016 r. w sprawie ochrony os\u00f3b fizycznych w zwi\u0105zku z przetwarzaniem danych osobowych i\u00a0w\u00a0sprawie swobodnego przep\u0142ywu takich danych oraz uchylenia dyrektywy 95\/46\/WE (dalej \u201eRODO\u201d). III. Obowi\u0105zek podania danych osobowych Podanie danych osobowych jest dobrowolne, lecz w zakresie adresu mailowego niezb\u0119dne do udzielenia odpowiedzi. IV. Informacje o odbiorcach danych osobowych W zwi\u0105zku z przetwarzaniem danych osobowych w celach wskazanych w pkt II, Twoje dane osobowe mog\u0105 by\u0107 udost\u0119pniane nast\u0119puj\u0105cym odbiorcom b\u0105d\u017a kategoriom odbiorc\u00f3w: a) podmiotom wspieraj\u0105cym Administratora w wykonywaniu jego obowi\u0105zk\u00f3w, w tym podmiotom przetwarzaj\u0105cym dane osobowe na rzecz Administratora; b) organom administracji publicznej oraz podmiotom wykonuj\u0105cym zadania publiczne lub dzia\u0142aj\u0105cym na zlecenie organ\u00f3w administracji publicznej, w zakresie i w celach, kt\u00f3re wynikaj\u0105 z przepis\u00f3w prawa.\u00a0 V. Okresy przetwarzania danych osobowych Dane osobowe b\u0119d\u0105 przetwarzane przez okres niezb\u0119dny do prowadzenia komunikacji. Po up\u0142ywie powy\u017cszego okresu dane osobowe mog\u0105 by\u0107 nadal\u00a0przetwarzane w zakresie wymaganym przez przepisy prawa lub dla realizacji przez Administratora prawnie uzasadnionego interesu administratora danych w zakresie okre\u015blonym w pkt II powy\u017cej. VI. Profilowanie oraz zautomatyzowane podejmowanie decyzji Administrator nie korzysta ze zautomatyzowanego podejmowania decyzji i profilowania w\u00a0rozumieniu art. 23 RODO. VII. Prawa osoby, kt\u00f3rej dane dotycz\u0105 Administrator zapewnia, \u017ce wszystkim osobom, kt\u00f3rych danych osobowe s\u0105 przetwarzane przys\u0142uguj\u0105 odpowiednie prawa wynikaj\u0105ce z RODO, tj.: a) prawo dost\u0119pu do danych osobowych, w tym prawo do uzyskania kopii tych danych; b) prawo do \u017c\u0105dania sprostowania (poprawiania) danych osobowych; \u00a0 c) prawo do \u017c\u0105dania usuni\u0119cia danych osobowych; d) prawo do \u017c\u0105dania ograniczenia przetwarzania danych osobowych; e) prawo do przenoszenia danych osobowych; Administrator zapewnia ponadto prawo do sprzeciwu wobec przetwarzania danych osobowych. VIII. Prawo do cofni\u0119cia zgody na przetwarzanie danych osobowych W zakresie, w jakim przetwarzanie danych osobowych odbywa si\u0119 na podstawie zgody, osobie kt\u00f3rej dane dotycz\u0105 przys\u0142uguje prawo do cofni\u0119cia zgody na przetwarzanie danych osobowych w dowolnym momencie. Cofni\u0119cie zgody nie ma wp\u0142ywu na zgodno\u015b\u0107 z prawem przetwarzania danych, kt\u00f3rego dokonano na podstawie zgody przed jej wycofaniem. IX. Prawo wniesienia skargi do organu nadzorczego W przypadku uznania, i\u017c przetwarzanie przez Administratora danych osobowych narusza przepisy RODO, osobie kt\u00f3rej dane dotycz\u0105 przys\u0142uguje prawo do wniesienia skargi do organu nadzorczego tj. do Prezesa Urz\u0119du Ochrony Danych Osobowych. X. Przekazywanie danych osobowych do podmiot\u00f3w spoza Europejskiego Obszaru Gospodarczego (\u201eEOG\u201d) lub organizacji mi\u0119dzynarodowych Administrator nie b\u0119dzie przekazywa\u0142 danych osobowych poza Europejski Obszar Gospodarczy (EOG). XI. Kontakt w sprawie danych osobowych Kontakt w sprawie danych osobowych mo\u017cliwy jest za po\u015brednictwem poczty elektronicznej pod adresem: info@auxiliumfounation.eu","og_url":"https:\/\/auxiliumfoundation.eu\/index.php\/polityka-prywatnosci\/","og_site_name":"wordpressplugins","article_modified_time":"2024-06-06T22:11:33+00:00","twitter_card":"summary_large_image","twitter_misc":{"Szacowany czas czytania":"3 minuty"},"schema":{"@context":"https:\/\/schema.org","@graph":[{"@type":"WebPage","@id":"https:\/\/auxiliumfoundation.eu\/index.php\/polityka-prywatnosci\/","url":"https:\/\/auxiliumfoundation.eu\/index.php\/polityka-prywatnosci\/","name":"Polityka prywatno\u015bci - wordpressplugins","isPartOf":{"@id":"https:\/\/auxiliumfoundation.eu\/#website"},"datePublished":"2023-09-14T07:27:27+00:00","dateModified":"2024-06-06T22:11:33+00:00","breadcrumb":{"@id":"https:\/\/auxiliumfoundation.eu\/index.php\/polityka-prywatnosci\/#breadcrumb"},"inLanguage":"pl-PL","potentialAction":[{"@type":"ReadAction","target":["https:\/\/auxiliumfoundation.eu\/index.php\/polityka-prywatnosci\/"]}]},{"@type":"BreadcrumbList","@id":"https:\/\/auxiliumfoundation.eu\/index.php\/polityka-prywatnosci\/#breadcrumb","itemListElement":[{"@type":"ListItem","position":1,"name":"Home","item":"https:\/\/auxiliumfoundation.eu\/"},{"@type":"ListItem","position":2,"name":"Polityka prywatno\u015bci"}]},{"@type":"WebSite","@id":"https:\/\/auxiliumfoundation.eu\/#website","url":"https:\/\/auxiliumfoundation.eu\/","name":"wordpressplugins","description":"","potentialAction":[{"@type":"SearchAction","target":{"@type":"EntryPoint","urlTemplate":"https:\/\/auxiliumfoundation.eu\/?s={search_term_string}"},"query-input":{"@type":"PropertyValueSpecification","valueRequired":true,"valueName":"search_term_string"}}],"inLanguage":"pl-PL"}]}},"_links":{"self":[{"href":"https:\/\/auxiliumfoundation.eu\/index.php\/wp-json\/wp\/v2\/pages\/3","targetHints":{"allow":["GET"]}}],"collection":[{"href":"https:\/\/auxiliumfoundation.eu\/index.php\/wp-json\/wp\/v2\/pages"}],"about":[{"href":"https:\/\/auxiliumfoundation.eu\/index.php\/wp-json\/wp\/v2\/types\/page"}],"author":[{"embeddable":true,"href":"https:\/\/auxiliumfoundation.eu\/index.php\/wp-json\/wp\/v2\/users\/1"}],"replies":[{"embeddable":true,"href":"https:\/\/auxiliumfoundation.eu\/index.php\/wp-json\/wp\/v2\/comments?post=3"}],"version-history":[{"count":32,"href":"https:\/\/auxiliumfoundation.eu\/index.php\/wp-json\/wp\/v2\/pages\/3\/revisions"}],"predecessor-version":[{"id":1087,"href":"https:\/\/auxiliumfoundation.eu\/index.php\/wp-json\/wp\/v2\/pages\/3\/revisions\/1087"}],"wp:attachment":[{"href":"https:\/\/auxiliumfoundation.eu\/index.php\/wp-json\/wp\/v2\/media?parent=3"}],"curies":[{"name":"wp","href":"https:\/\/api.w.org\/{rel}","templated":true}]}}