{"id":8,"date":"2023-09-14T09:38:14","date_gmt":"2023-09-14T07:38:14","guid":{"rendered":"https:\/\/serwer2225583.home.pl\/autoinstalator\/wordpressplugins\/?page_id=8"},"modified":"2024-09-17T11:27:57","modified_gmt":"2024-09-17T09:27:57","slug":"info","status":"publish","type":"page","link":"https:\/\/auxiliumfoundation.eu\/index.php\/info\/","title":{"rendered":"INFO"},"content":{"rendered":"\t\t<div data-elementor-type=\"wp-page\" data-elementor-id=\"8\" class=\"elementor elementor-8\">\n\t\t\t\t<div class=\"elementor-element elementor-element-17273b5 e-flex e-con-boxed wpr-particle-no wpr-jarallax-no wpr-parallax-no wpr-sticky-section-no wpr-equal-height-no e-con e-parent\" data-id=\"17273b5\" data-element_type=\"container\" data-e-type=\"container\">\n\t\t\t\t\t<div class=\"e-con-inner\">\n\t\t<div class=\"elementor-element elementor-element-460f93e e-con-full e-flex wpr-particle-no wpr-jarallax-no wpr-parallax-no wpr-sticky-section-no wpr-equal-height-no e-con e-child\" data-id=\"460f93e\" data-element_type=\"container\" data-e-type=\"container\">\n\t\t\t\t<div class=\"elementor-element elementor-element-47b7a27 elementor-widget elementor-widget-heading\" data-id=\"47b7a27\" data-element_type=\"widget\" data-e-type=\"widget\" data-widget_type=\"heading.default\">\n\t\t\t\t<div class=\"elementor-widget-container\">\n\t\t\t\t\t<h3 class=\"elementor-heading-title elementor-size-default\">Kto stoi za AUXILIUM?<\/h3>\t\t\t\t<\/div>\n\t\t\t\t<\/div>\n\t\t\t\t<div class=\"elementor-element elementor-element-51eed1c elementor-widget elementor-widget-text-editor\" data-id=\"51eed1c\" data-element_type=\"widget\" data-e-type=\"widget\" data-widget_type=\"text-editor.default\">\n\t\t\t\t<div class=\"elementor-widget-container\">\n\t\t\t\t\t\t\t\t\t<p><strong>Z potrzeby serca ofiarowuje SERCE<\/strong><\/p>\n<p>Za\u0142o\u017cy\u0142am fundacj\u0119, by da\u0107 szans\u0119 ludziom, kt\u00f3rzy z jakich\u015b powod\u00f3w nie radz\u0105 sobie w dzisiejszym \u015bwiecie.<\/p>\n<p>Dzieci, kt\u00f3re pochodz\u0105 z trudnych \u015brodowisk, m\u0142odzie\u017c poszukuj\u0105ca swojej to\u017csamo\u015bci i seniorzy, kt\u00f3rzy nie nad\u0105\u017caj\u0105 nad tempem zmian w otaczaj\u0105cym ich \u015bwiecie.<\/p>\n<p>Wszyscy ci LUDZIE b\u0119d\u0105cy na r\u00f3\u017cnych etapach swego \u017cycia znale\u017ali si\u0119 w sytuacji, w kt\u00f3rej pomoc z zewn\u0105trz staje si\u0119 jedynym wyj\u015bciem. Fundacja powsta\u0142a by wyci\u0105gn\u0105\u0107 do nich pomocn\u0105 d\u0142o\u0144 i z sercem na tej d\u0142oni otoczy\u0107 ich opiek\u0105.<\/p>\n<p>Izabella Konieczny<\/p>\t\t\t\t\t\t\t\t<\/div>\n\t\t\t\t<\/div>\n\t\t\t\t<div class=\"elementor-element elementor-element-30f581c elementor-widget elementor-widget-premium-addon-button\" data-id=\"30f581c\" data-element_type=\"widget\" data-e-type=\"widget\" data-widget_type=\"premium-addon-button.default\">\n\t\t\t\t<div class=\"elementor-widget-container\">\n\t\t\t\t\t\n\n\t\t<a class=\"premium-button premium-button-style2 premium-btn-md premium-button-style2-shutouthor\" href=\"https:\/\/serwer2225583.home.pl\/autoinstalator\/wordpressplugins\/index.php\/kontakt\/\">\n\t\t\t<div class=\"premium-button-text-icon-wrapper\">\n\t\t\t\t\n\t\t\t\t\t\t\t\t\t<span >\n\t\t\t\t\t\tKontakt\t\t\t\t\t<\/span>\n\t\t\t\t\t\t\t<\/div>\n\n\t\t\t\n\t\t\t\n\t\t\t\n\t\t<\/a>\n\n\n\t\t\t\t\t\t<\/div>\n\t\t\t\t<\/div>\n\t\t\t\t<\/div>\n\t\t<div class=\"elementor-element elementor-element-a8192ed e-con-full e-flex wpr-particle-no wpr-jarallax-no wpr-parallax-no wpr-sticky-section-no wpr-equal-height-no e-con e-child\" data-id=\"a8192ed\" data-element_type=\"container\" data-e-type=\"container\">\n\t\t\t\t<div class=\"elementor-element elementor-element-912fc5e elementor-widget elementor-widget-image\" data-id=\"912fc5e\" data-element_type=\"widget\" data-e-type=\"widget\" data-widget_type=\"image.default\">\n\t\t\t\t<div class=\"elementor-widget-container\">\n\t\t\t\t\t\t\t\t\t\t\t\t\t\t\t<img fetchpriority=\"high\" decoding=\"async\" width=\"952\" height=\"860\" src=\"https:\/\/auxiliumfoundation.eu\/wp-content\/uploads\/2023\/09\/4a3435_66f49f991d81404ba6899437b1ee6d32mv2-2.webp\" class=\"attachment-large size-large wp-image-69\" alt=\"\" srcset=\"https:\/\/auxiliumfoundation.eu\/wp-content\/uploads\/2023\/09\/4a3435_66f49f991d81404ba6899437b1ee6d32mv2-2.webp 952w, https:\/\/auxiliumfoundation.eu\/wp-content\/uploads\/2023\/09\/4a3435_66f49f991d81404ba6899437b1ee6d32mv2-2-300x271.webp 300w, https:\/\/auxiliumfoundation.eu\/wp-content\/uploads\/2023\/09\/4a3435_66f49f991d81404ba6899437b1ee6d32mv2-2-768x694.webp 768w\" sizes=\"(max-width: 952px) 100vw, 952px\" \/>\t\t\t\t\t\t\t\t\t\t\t\t\t\t\t<\/div>\n\t\t\t\t<\/div>\n\t\t\t\t<\/div>\n\t\t\t\t\t<\/div>\n\t\t\t\t<\/div>\n\t\t\t\t<\/div>\n\t\t","protected":false},"excerpt":{"rendered":"<p>Kto stoi za AUXILIUM? Z potrzeby serca ofiarowuje SERCE Za\u0142o\u017cy\u0142am fundacj\u0119, by da\u0107 szans\u0119 ludziom, kt\u00f3rzy z jakich\u015b powod\u00f3w nie radz\u0105 sobie w dzisiejszym \u015bwiecie. Dzieci, kt\u00f3re pochodz\u0105 z trudnych \u015brodowisk, m\u0142odzie\u017c poszukuj\u0105ca swojej to\u017csamo\u015bci i seniorzy, kt\u00f3rzy nie nad\u0105\u017caj\u0105 nad tempem zmian w otaczaj\u0105cym ich \u015bwiecie. Wszyscy ci LUDZIE b\u0119d\u0105cy na r\u00f3\u017cnych etapach swego \u017cycia znale\u017ali si\u0119 w sytuacji, w kt\u00f3rej pomoc z zewn\u0105trz staje si\u0119 jedynym wyj\u015bciem. Fundacja powsta\u0142a by wyci\u0105gn\u0105\u0107 do nich pomocn\u0105 d\u0142o\u0144 i z sercem na tej d\u0142oni otoczy\u0107 ich opiek\u0105. Izabella Konieczny Kontakt<\/p>\n","protected":false},"author":1,"featured_media":0,"parent":0,"menu_order":0,"comment_status":"closed","ping_status":"closed","template":"","meta":{"footnotes":""},"class_list":["post-8","page","type-page","status-publish","hentry"],"yoast_head":"<!-- This site is optimized with the Yoast SEO plugin v27.4 - https:\/\/yoast.com\/product\/yoast-seo-wordpress\/ -->\n<title>INFO - wordpressplugins<\/title>\n<meta name=\"robots\" content=\"index, follow, max-snippet:-1, max-image-preview:large, max-video-preview:-1\" \/>\n<link rel=\"canonical\" href=\"https:\/\/auxiliumfoundation.eu\/index.php\/info\/\" \/>\n<meta property=\"og:locale\" content=\"pl_PL\" \/>\n<meta property=\"og:type\" content=\"article\" \/>\n<meta property=\"og:title\" content=\"INFO - wordpressplugins\" \/>\n<meta property=\"og:description\" content=\"Kto stoi za AUXILIUM? Z potrzeby serca ofiarowuje SERCE Za\u0142o\u017cy\u0142am fundacj\u0119, by da\u0107 szans\u0119 ludziom, kt\u00f3rzy z jakich\u015b powod\u00f3w nie radz\u0105 sobie w dzisiejszym \u015bwiecie. Dzieci, kt\u00f3re pochodz\u0105 z trudnych \u015brodowisk, m\u0142odzie\u017c poszukuj\u0105ca swojej to\u017csamo\u015bci i seniorzy, kt\u00f3rzy nie nad\u0105\u017caj\u0105 nad tempem zmian w otaczaj\u0105cym ich \u015bwiecie. Wszyscy ci LUDZIE b\u0119d\u0105cy na r\u00f3\u017cnych etapach swego \u017cycia znale\u017ali si\u0119 w sytuacji, w kt\u00f3rej pomoc z zewn\u0105trz staje si\u0119 jedynym wyj\u015bciem. Fundacja powsta\u0142a by wyci\u0105gn\u0105\u0107 do nich pomocn\u0105 d\u0142o\u0144 i z sercem na tej d\u0142oni otoczy\u0107 ich opiek\u0105. Izabella Konieczny Kontakt\" \/>\n<meta property=\"og:url\" content=\"https:\/\/auxiliumfoundation.eu\/index.php\/info\/\" \/>\n<meta property=\"og:site_name\" content=\"wordpressplugins\" \/>\n<meta property=\"article:modified_time\" content=\"2024-09-17T09:27:57+00:00\" \/>\n<meta property=\"og:image\" content=\"https:\/\/auxiliumfoundation.eu\/wp-content\/uploads\/2023\/09\/4a3435_66f49f991d81404ba6899437b1ee6d32mv2-2.webp\" \/>\n<meta name=\"twitter:card\" content=\"summary_large_image\" \/>\n<meta name=\"twitter:label1\" content=\"Szacowany czas czytania\" \/>\n\t<meta name=\"twitter:data1\" content=\"1 minuta\" \/>\n<script type=\"application\/ld+json\" class=\"yoast-schema-graph\">{\"@context\":\"https:\\\/\\\/schema.org\",\"@graph\":[{\"@type\":\"WebPage\",\"@id\":\"https:\\\/\\\/auxiliumfoundation.eu\\\/index.php\\\/info\\\/\",\"url\":\"https:\\\/\\\/auxiliumfoundation.eu\\\/index.php\\\/info\\\/\",\"name\":\"INFO - wordpressplugins\",\"isPartOf\":{\"@id\":\"https:\\\/\\\/auxiliumfoundation.eu\\\/#website\"},\"primaryImageOfPage\":{\"@id\":\"https:\\\/\\\/auxiliumfoundation.eu\\\/index.php\\\/info\\\/#primaryimage\"},\"image\":{\"@id\":\"https:\\\/\\\/auxiliumfoundation.eu\\\/index.php\\\/info\\\/#primaryimage\"},\"thumbnailUrl\":\"https:\\\/\\\/auxiliumfoundation.eu\\\/wp-content\\\/uploads\\\/2023\\\/09\\\/4a3435_66f49f991d81404ba6899437b1ee6d32mv2-2.webp\",\"datePublished\":\"2023-09-14T07:38:14+00:00\",\"dateModified\":\"2024-09-17T09:27:57+00:00\",\"breadcrumb\":{\"@id\":\"https:\\\/\\\/auxiliumfoundation.eu\\\/index.php\\\/info\\\/#breadcrumb\"},\"inLanguage\":\"pl-PL\",\"potentialAction\":[{\"@type\":\"ReadAction\",\"target\":[\"https:\\\/\\\/auxiliumfoundation.eu\\\/index.php\\\/info\\\/\"]}]},{\"@type\":\"ImageObject\",\"inLanguage\":\"pl-PL\",\"@id\":\"https:\\\/\\\/auxiliumfoundation.eu\\\/index.php\\\/info\\\/#primaryimage\",\"url\":\"https:\\\/\\\/auxiliumfoundation.eu\\\/wp-content\\\/uploads\\\/2023\\\/09\\\/4a3435_66f49f991d81404ba6899437b1ee6d32mv2-2.webp\",\"contentUrl\":\"https:\\\/\\\/auxiliumfoundation.eu\\\/wp-content\\\/uploads\\\/2023\\\/09\\\/4a3435_66f49f991d81404ba6899437b1ee6d32mv2-2.webp\",\"width\":952,\"height\":860},{\"@type\":\"BreadcrumbList\",\"@id\":\"https:\\\/\\\/auxiliumfoundation.eu\\\/index.php\\\/info\\\/#breadcrumb\",\"itemListElement\":[{\"@type\":\"ListItem\",\"position\":1,\"name\":\"Home\",\"item\":\"https:\\\/\\\/auxiliumfoundation.eu\\\/\"},{\"@type\":\"ListItem\",\"position\":2,\"name\":\"INFO\"}]},{\"@type\":\"WebSite\",\"@id\":\"https:\\\/\\\/auxiliumfoundation.eu\\\/#website\",\"url\":\"https:\\\/\\\/auxiliumfoundation.eu\\\/\",\"name\":\"wordpressplugins\",\"description\":\"\",\"potentialAction\":[{\"@type\":\"SearchAction\",\"target\":{\"@type\":\"EntryPoint\",\"urlTemplate\":\"https:\\\/\\\/auxiliumfoundation.eu\\\/?s={search_term_string}\"},\"query-input\":{\"@type\":\"PropertyValueSpecification\",\"valueRequired\":true,\"valueName\":\"search_term_string\"}}],\"inLanguage\":\"pl-PL\"}]}<\/script>\n<!-- \/ Yoast SEO plugin. -->","yoast_head_json":{"title":"INFO - wordpressplugins","robots":{"index":"index","follow":"follow","max-snippet":"max-snippet:-1","max-image-preview":"max-image-preview:large","max-video-preview":"max-video-preview:-1"},"canonical":"https:\/\/auxiliumfoundation.eu\/index.php\/info\/","og_locale":"pl_PL","og_type":"article","og_title":"INFO - wordpressplugins","og_description":"Kto stoi za AUXILIUM? Z potrzeby serca ofiarowuje SERCE Za\u0142o\u017cy\u0142am fundacj\u0119, by da\u0107 szans\u0119 ludziom, kt\u00f3rzy z jakich\u015b powod\u00f3w nie radz\u0105 sobie w dzisiejszym \u015bwiecie. Dzieci, kt\u00f3re pochodz\u0105 z trudnych \u015brodowisk, m\u0142odzie\u017c poszukuj\u0105ca swojej to\u017csamo\u015bci i seniorzy, kt\u00f3rzy nie nad\u0105\u017caj\u0105 nad tempem zmian w otaczaj\u0105cym ich \u015bwiecie. Wszyscy ci LUDZIE b\u0119d\u0105cy na r\u00f3\u017cnych etapach swego \u017cycia znale\u017ali si\u0119 w sytuacji, w kt\u00f3rej pomoc z zewn\u0105trz staje si\u0119 jedynym wyj\u015bciem. Fundacja powsta\u0142a by wyci\u0105gn\u0105\u0107 do nich pomocn\u0105 d\u0142o\u0144 i z sercem na tej d\u0142oni otoczy\u0107 ich opiek\u0105. Izabella Konieczny Kontakt","og_url":"https:\/\/auxiliumfoundation.eu\/index.php\/info\/","og_site_name":"wordpressplugins","article_modified_time":"2024-09-17T09:27:57+00:00","og_image":[{"url":"https:\/\/auxiliumfoundation.eu\/wp-content\/uploads\/2023\/09\/4a3435_66f49f991d81404ba6899437b1ee6d32mv2-2.webp","type":"","width":"","height":""}],"twitter_card":"summary_large_image","twitter_misc":{"Szacowany czas czytania":"1 minuta"},"schema":{"@context":"https:\/\/schema.org","@graph":[{"@type":"WebPage","@id":"https:\/\/auxiliumfoundation.eu\/index.php\/info\/","url":"https:\/\/auxiliumfoundation.eu\/index.php\/info\/","name":"INFO - wordpressplugins","isPartOf":{"@id":"https:\/\/auxiliumfoundation.eu\/#website"},"primaryImageOfPage":{"@id":"https:\/\/auxiliumfoundation.eu\/index.php\/info\/#primaryimage"},"image":{"@id":"https:\/\/auxiliumfoundation.eu\/index.php\/info\/#primaryimage"},"thumbnailUrl":"https:\/\/auxiliumfoundation.eu\/wp-content\/uploads\/2023\/09\/4a3435_66f49f991d81404ba6899437b1ee6d32mv2-2.webp","datePublished":"2023-09-14T07:38:14+00:00","dateModified":"2024-09-17T09:27:57+00:00","breadcrumb":{"@id":"https:\/\/auxiliumfoundation.eu\/index.php\/info\/#breadcrumb"},"inLanguage":"pl-PL","potentialAction":[{"@type":"ReadAction","target":["https:\/\/auxiliumfoundation.eu\/index.php\/info\/"]}]},{"@type":"ImageObject","inLanguage":"pl-PL","@id":"https:\/\/auxiliumfoundation.eu\/index.php\/info\/#primaryimage","url":"https:\/\/auxiliumfoundation.eu\/wp-content\/uploads\/2023\/09\/4a3435_66f49f991d81404ba6899437b1ee6d32mv2-2.webp","contentUrl":"https:\/\/auxiliumfoundation.eu\/wp-content\/uploads\/2023\/09\/4a3435_66f49f991d81404ba6899437b1ee6d32mv2-2.webp","width":952,"height":860},{"@type":"BreadcrumbList","@id":"https:\/\/auxiliumfoundation.eu\/index.php\/info\/#breadcrumb","itemListElement":[{"@type":"ListItem","position":1,"name":"Home","item":"https:\/\/auxiliumfoundation.eu\/"},{"@type":"ListItem","position":2,"name":"INFO"}]},{"@type":"WebSite","@id":"https:\/\/auxiliumfoundation.eu\/#website","url":"https:\/\/auxiliumfoundation.eu\/","name":"wordpressplugins","description":"","potentialAction":[{"@type":"SearchAction","target":{"@type":"EntryPoint","urlTemplate":"https:\/\/auxiliumfoundation.eu\/?s={search_term_string}"},"query-input":{"@type":"PropertyValueSpecification","valueRequired":true,"valueName":"search_term_string"}}],"inLanguage":"pl-PL"}]}},"_links":{"self":[{"href":"https:\/\/auxiliumfoundation.eu\/index.php\/wp-json\/wp\/v2\/pages\/8","targetHints":{"allow":["GET"]}}],"collection":[{"href":"https:\/\/auxiliumfoundation.eu\/index.php\/wp-json\/wp\/v2\/pages"}],"about":[{"href":"https:\/\/auxiliumfoundation.eu\/index.php\/wp-json\/wp\/v2\/types\/page"}],"author":[{"embeddable":true,"href":"https:\/\/auxiliumfoundation.eu\/index.php\/wp-json\/wp\/v2\/users\/1"}],"replies":[{"embeddable":true,"href":"https:\/\/auxiliumfoundation.eu\/index.php\/wp-json\/wp\/v2\/comments?post=8"}],"version-history":[{"count":35,"href":"https:\/\/auxiliumfoundation.eu\/index.php\/wp-json\/wp\/v2\/pages\/8\/revisions"}],"predecessor-version":[{"id":1144,"href":"https:\/\/auxiliumfoundation.eu\/index.php\/wp-json\/wp\/v2\/pages\/8\/revisions\/1144"}],"wp:attachment":[{"href":"https:\/\/auxiliumfoundation.eu\/index.php\/wp-json\/wp\/v2\/media?parent=8"}],"curies":[{"name":"wp","href":"https:\/\/api.w.org\/{rel}","templated":true}]}}