{"id":839,"date":"2024-04-21T04:17:45","date_gmt":"2024-04-21T02:17:45","guid":{"rendered":"https:\/\/auxiliumfoundation.eu\/?page_id=839"},"modified":"2025-06-16T09:19:32","modified_gmt":"2025-06-16T07:19:32","slug":"dom-opieki-lesny-zakatek-2","status":"publish","type":"page","link":"https:\/\/auxiliumfoundation.eu\/index.php\/dom-opieki-lesny-zakatek-2\/","title":{"rendered":"Dom Opieki Le\u015bny Zak\u0105tek"},"content":{"rendered":"\t\t<div data-elementor-type=\"wp-page\" data-elementor-id=\"839\" class=\"elementor elementor-839\">\n\t\t\t\t<div class=\"elementor-element elementor-element-09ad253 e-flex e-con-boxed wpr-particle-no wpr-jarallax-no wpr-parallax-no wpr-sticky-section-no wpr-equal-height-no e-con e-parent\" data-id=\"09ad253\" data-element_type=\"container\" data-e-type=\"container\">\n\t\t\t\t\t<div class=\"e-con-inner\">\n\t\t<div class=\"elementor-element elementor-element-d7e8697 e-con-full e-flex wpr-particle-no wpr-jarallax-no wpr-parallax-no wpr-sticky-section-no wpr-equal-height-no e-con e-child\" data-id=\"d7e8697\" data-element_type=\"container\" data-e-type=\"container\">\n\t\t\t\t<div class=\"elementor-element elementor-element-9a3284b premium-video__glow-none elementor-invisible elementor-widget elementor-widget-premium-addon-video-box\" data-id=\"9a3284b\" data-element_type=\"widget\" data-e-type=\"widget\" data-settings=\"{&quot;premium_video_box_video_type&quot;:&quot;self&quot;,&quot;_animation&quot;:&quot;zoomIn&quot;,&quot;_animation_mobile&quot;:&quot;none&quot;,&quot;aspect_ratio&quot;:&quot;219&quot;}\" data-widget_type=\"premium-addon-video-box.default\">\n\t\t\t\t<div class=\"elementor-widget-container\">\n\t\t\t\t\t\n\n\t\t\n\t\t\t\t\t<div data-play-viewport=\"true\" id=\"premium-video-box-container-9a3284b\" class=\"premium-video-box-container\" data-overlay=\"true\" data-type=\"self\" data-thumbnail=\"\" data-hover=\"none\">\n\t\t\t\t<div  >\n\t\t\t\t\t\n\t\t\t\t\t<div class=\"premium-video-box-inner-wrap\" data-video-animation=\" animated-\" data-delay-animation=\"\">\n\t\t\t\t\t\t<div class=\"premium-video-box-video-container\">\n\t\t\t\t\t\t\t\n\t\t\t\t\t\t\t\t\t\t\t\t\t\t\t<video src=\"https:\/\/auxiliumfoundation.eu\/wp-content\/uploads\/2024\/04\/Lesne-Zacisze.mp4\" loop playsinline  preload=\"none\" controlsList=\"nodownload\"><\/video>\n\t\t\t\t\t\t\t\t\t\t\t\t\t<\/div>\n\t\t\t\t\t\t\t<div style=\"background-image:transparent\" class=\"premium-video-box-image-container none\"><\/div>\n\t\t\t\t\t\t\t\t\t\t\t\t\t\t\t\t\t\t\t\t\t\t\t\t\t\t\t\t\t\t\t<\/div>\n\n\t\t\t\t<\/div>\n\t\t\t<\/div>\n\t\t\n\t\t\t\t\t\t<\/div>\n\t\t\t\t<\/div>\n\t\t\t\t<\/div>\n\t\t\t\t<div class=\"elementor-element elementor-element-8a5e5eb elementor-widget__width-initial elementor-widget elementor-widget-text-editor\" data-id=\"8a5e5eb\" data-element_type=\"widget\" data-e-type=\"widget\" data-widget_type=\"text-editor.default\">\n\t\t\t\t<div class=\"elementor-widget-container\">\n\t\t\t\t\t\t\t\t\t<p style=\"margin: 0cm; text-align: justify; line-height: 16px;\"><span style=\"color: #000000; font-family: Calibri, sans-serif;\"><span style=\"font-size: 14.6667px;\">DOM OPIEKI\u00a0<strong>\u201eLe\u015bne Zacisze\u201d<\/strong> to miejsce, w kt\u00f3rym misj\u0105 jest zapewnienie kompleksowej opieki medycznej i piel\u0119gniarskiej seniorom potrzebuj\u0105cym codziennej asysty. Priorytetem jest tak\u017ce wspieranie \u017cycia spo\u0142ecznego i intelektualnego naszych pensjonariuszy, aby ka\u017cdy dzie\u0144 by\u0142 dla nich pe\u0142en spokoju i rado\u015bci.<\/span><\/span><\/p><p style=\"margin: 0cm; text-align: justify; line-height: 16px;\"><span style=\"color: #000000; font-family: Calibri, sans-serif;\"><span style=\"font-size: 14.6667px;\">Naszym celem jest stworzenie aktywnej i integruj\u0105cej spo\u0142eczno\u015bci senior\u00f3w, dla kt\u00f3rej <strong>\u201eLe\u015bne Zacisze\u201d<\/strong> staje si\u0119 synonimem spokoju i jako\u015bci \u017cycia\u00a0<\/span><\/span><\/p><p style=\"margin: 0cm; text-align: justify; line-height: 16px;\"><span style=\"color: #000000; font-family: Calibri, sans-serif;\"><span style=\"font-size: 14.6667px;\">&#8211; Domem przez du\u017ce &#8222;D&#8221;. <br \/>Oferujemy r\u00f3\u017cnorodne atrakcje i wydarzenia, kt\u00f3re s\u0105 dost\u0119pne zar\u00f3wno dla mieszka\u0144c\u00f3w o\u015brodka, jak i dla os\u00f3b z zewn\u0105trz rozwa\u017caj\u0105cych do\u0142\u0105czenie do naszej wsp\u00f3lnoty.<\/span><\/span><\/p><p style=\"margin: 0cm; text-align: justify; line-height: 16px;\"><span style=\"color: #000000; font-family: Calibri, sans-serif;\"><span style=\"font-size: 14.6667px;\">\u00a0<\/span><\/span><\/p><p style=\"margin: 0cm; text-align: justify; line-height: 16px;\"><span style=\"color: #000000; font-family: Calibri, sans-serif;\"><span style=\"font-size: 14.6667px;\">Aktywno\u015bci dla Mieszka\u0144c\u00f3w Domu<\/span><\/span><\/p><ul><li style=\"text-align: justify; line-height: 16px;\"><span style=\"color: #000000; font-family: Calibri, sans-serif;\"><span style=\"font-size: 14.6667px;\"><strong>Terapia Zaj\u0119ciowa:<\/strong> Indywidualnie dostosowane sesje z terapeutami zaj\u0119ciowymi maj\u0105ce na celu utrzymanie lub popraw\u0119 zdolno\u015bci ruchowych i umys\u0142owych.<\/span><\/span><strong><span style=\"color: #000000; font-family: Calibri, sans-serif;\"><span style=\"font-size: 14.6667px;\"><br \/><\/span><\/span><\/strong><\/li><li style=\"text-align: justify; line-height: 16px;\"><span style=\"color: #000000; font-family: Calibri, sans-serif;\"><span style=\"font-size: 14.6667px;\"><strong>Rehabilitacja:<\/strong> Codzienne sesje \u0107wicze\u0144 z fizjoterapeut\u0105, zar\u00f3wno grupowe, jak i indywidualne, dostosowane do indywidualnych potrzeb i mo\u017cliwo\u015bci naszych pensjonariuszy.<\/span><\/span><strong><span style=\"color: #000000; font-family: Calibri, sans-serif;\"><span style=\"font-size: 14.6667px;\"><br \/><\/span><\/span><\/strong><\/li><li style=\"text-align: justify; line-height: 16px;\"><span style=\"color: #000000; font-family: Calibri, sans-serif;\"><span style=\"font-size: 14.6667px;\"><strong>Programy Spo\u0142eczne:<\/strong> Grupy wsparcia i spotkania integracyjne, kt\u00f3re pomagaj\u0105 budowa\u0107 silne relacje i poczucie przynale\u017cno\u015bci w\u015br\u00f3d mieszka\u0144c\u00f3w.<\/span><\/span><\/li><li style=\"text-align: justify; line-height: 16px;\"><span style=\"color: #000000; font-family: Calibri, sans-serif;\"><span style=\"font-size: 14.6667px;\"><strong>Zaj\u0119cia Relaksacyjne:<\/strong> Sesje muzykoterapii i aromaterapii w strefie relaksu, kt\u00f3re sprzyjaj\u0105 odpr\u0119\u017ceniu i dobremu samopoczuciu.<\/span><\/span><strong><span style=\"color: #000000; font-family: Calibri, sans-serif;\"><span style=\"font-size: 14.6667px;\"><br \/><\/span><\/span><\/strong><\/li><li style=\"text-align: justify; line-height: 16px;\"><span style=\"color: #000000; font-family: Calibri, sans-serif;\"><span style=\"font-size: 14.6667px;\"><strong>Dost\u0119p do Opieki Zdrowotnej:<\/strong> Mo\u017cliwo\u015b\u0107 zorganizowania wizyty lekarskiej na og\u00f3lnych zasadach korzystania z opieki zdrowotnej 24 godziny na dob\u0119, 7 dni w tygodniu.<\/span><\/span><strong><span style=\"color: #000000; font-family: Calibri, sans-serif;\"><span style=\"font-size: 14.6667px;\"><br \/><\/span><\/span><\/strong><\/li><li style=\"text-align: justify; line-height: 16px;\"><span style=\"color: #000000; font-family: Calibri, sans-serif;\"><span style=\"font-size: 14.6667px;\"><strong>Opieka Psychologiczna:<\/strong> Wsparcie psychologiczne dla pensjonariuszy i ich rodzin, aby pomaga\u0107 im w radzeniu sobie z wyzwaniami \u017cycia w starszym wieku.<\/span><\/span><strong><span style=\"color: #000000; font-family: Calibri, sans-serif;\"><span style=\"font-size: 14.6667px;\"><br \/><\/span><\/span><\/strong><\/li><li style=\"text-align: justify; line-height: 16px;\"><span style=\"color: #000000; font-family: Calibri, sans-serif;\"><span style=\"font-size: 14.6667px;\"><strong>Aktywno\u015bci Kulturalne:<\/strong> Wyj\u015bcia do kina, teatru, na koncerty oraz zaj\u0119cia plastyczne, kt\u00f3re s\u0105 dostosowane do mo\u017cliwo\u015bci i zainteresowa\u0144 senior\u00f3w.<\/span><\/span><strong><span style=\"color: #000000; font-family: Calibri, sans-serif;\"><span style=\"font-size: 14.6667px;\"><br \/><\/span><\/span><\/strong><\/li><li style=\"text-align: justify; line-height: 16px;\"><span style=\"color: #000000; font-family: Calibri, sans-serif;\"><span style=\"font-size: 14.6667px;\"><strong>Dogoterapia:<\/strong> Sesje z psami terapeutycznymi, kt\u00f3re przynosz\u0105 ukojenie i poprawiaj\u0105 nastr\u00f3j naszych mieszka\u0144c\u00f3w.<\/span><\/span><\/li><\/ul><p style=\"margin: 0cm; text-align: justify; line-height: 16px;\"><span style=\"color: #000000; font-family: Calibri, sans-serif;\"><span style=\"font-size: 14.6667px;\">\u00a0<\/span><\/span><\/p><p style=\"margin: 0cm; text-align: justify; line-height: 16px;\"><span style=\"color: #000000; font-family: Calibri, sans-serif;\"><span style=\"font-size: 14.6667px;\">W <strong>\u201eLe\u015bnym Zaciszu\u201d<\/strong> ka\u017cdy dzie\u0144 jest szans\u0105 na czerpanie rado\u015bci z \u017cycia w bezpiecznym i pe\u0142nym wsparcia \u015brodowisku.\u00a0<\/span><\/span><\/p><p style=\"margin: 0cm; text-align: justify; line-height: 16px;\"><span style=\"color: #000000; font-family: Calibri, sans-serif;\"><span style=\"font-size: 14.6667px;\">\u00a0<\/span><\/span><\/p><p style=\"margin: 0cm; text-align: justify; line-height: 16px;\"><span style=\"color: #000000; font-family: Calibri, sans-serif;\"><span style=\"font-size: 14.6667px;\">Zapraszamy do odwiedzenia nas i do\u0142\u0105czenia do naszej wsp\u00f3lnoty, gdzie dbamy o to, aby ka\u017cdy senior czu\u0142 si\u0119 jak w domu.<\/span><\/span><\/p>\t\t\t\t\t\t\t\t<\/div>\n\t\t\t\t<\/div>\n\t\t\t\t<div class=\"elementor-element elementor-element-05151bf elementor-widget elementor-widget-spacer\" data-id=\"05151bf\" data-element_type=\"widget\" data-e-type=\"widget\" data-widget_type=\"spacer.default\">\n\t\t\t\t<div class=\"elementor-widget-container\">\n\t\t\t\t\t\t\t<div class=\"elementor-spacer\">\n\t\t\t<div class=\"elementor-spacer-inner\"><\/div>\n\t\t<\/div>\n\t\t\t\t\t\t<\/div>\n\t\t\t\t<\/div>\n\t\t\t\t<div class=\"elementor-element elementor-element-35efdfb elementor-widget__width-initial elementor-widget elementor-widget-text-editor\" data-id=\"35efdfb\" data-element_type=\"widget\" data-e-type=\"widget\" data-widget_type=\"text-editor.default\">\n\t\t\t\t<div class=\"elementor-widget-container\">\n\t\t\t\t\t\t\t\t\t<p><a href=\"https:\/\/auxiliumfoundation.eu\/index.php\/pliki-do-pobrania\/\"><strong>Pliki do pobrania<\/strong><\/a><\/p>\t\t\t\t\t\t\t\t<\/div>\n\t\t\t\t<\/div>\n\t\t\t\t\t<\/div>\n\t\t\t\t<\/div>\n\t\t<div class=\"elementor-element elementor-element-96f732c e-flex e-con-boxed wpr-particle-no wpr-jarallax-no wpr-parallax-no wpr-sticky-section-no wpr-equal-height-no e-con e-parent\" data-id=\"96f732c\" data-element_type=\"container\" data-e-type=\"container\">\n\t\t\t\t\t<div class=\"e-con-inner\">\n\t\t\t\t\t<\/div>\n\t\t\t\t<\/div>\n\t\t\t\t<\/div>\n\t\t","protected":false},"excerpt":{"rendered":"<p>DOM OPIEKI\u00a0\u201eLe\u015bne Zacisze\u201d to miejsce, w kt\u00f3rym misj\u0105 jest zapewnienie kompleksowej opieki medycznej i piel\u0119gniarskiej seniorom potrzebuj\u0105cym codziennej asysty. Priorytetem jest tak\u017ce wspieranie \u017cycia spo\u0142ecznego i intelektualnego naszych pensjonariuszy, aby ka\u017cdy dzie\u0144 by\u0142 dla nich pe\u0142en spokoju i rado\u015bci. Naszym celem jest stworzenie aktywnej i integruj\u0105cej spo\u0142eczno\u015bci senior\u00f3w, dla kt\u00f3rej \u201eLe\u015bne Zacisze\u201d staje si\u0119 synonimem spokoju i jako\u015bci \u017cycia\u00a0 &#8211; Domem przez du\u017ce &#8222;D&#8221;. Oferujemy r\u00f3\u017cnorodne atrakcje i wydarzenia, kt\u00f3re s\u0105 dost\u0119pne zar\u00f3wno dla mieszka\u0144c\u00f3w o\u015brodka, jak i dla os\u00f3b z zewn\u0105trz rozwa\u017caj\u0105cych do\u0142\u0105czenie do naszej wsp\u00f3lnoty. \u00a0 Aktywno\u015bci dla Mieszka\u0144c\u00f3w Domu Terapia Zaj\u0119ciowa: Indywidualnie dostosowane sesje z terapeutami zaj\u0119ciowymi maj\u0105ce na celu utrzymanie lub popraw\u0119 zdolno\u015bci ruchowych i umys\u0142owych. Rehabilitacja: Codzienne sesje \u0107wicze\u0144 z fizjoterapeut\u0105, zar\u00f3wno grupowe, jak i indywidualne, dostosowane do indywidualnych potrzeb i mo\u017cliwo\u015bci naszych pensjonariuszy. Programy Spo\u0142eczne: Grupy wsparcia i spotkania integracyjne, kt\u00f3re pomagaj\u0105 budowa\u0107 silne relacje i poczucie przynale\u017cno\u015bci w\u015br\u00f3d mieszka\u0144c\u00f3w. Zaj\u0119cia Relaksacyjne: Sesje muzykoterapii i aromaterapii w strefie relaksu, kt\u00f3re sprzyjaj\u0105 odpr\u0119\u017ceniu i dobremu samopoczuciu. Dost\u0119p do Opieki Zdrowotnej: Mo\u017cliwo\u015b\u0107 zorganizowania wizyty lekarskiej na og\u00f3lnych zasadach korzystania z opieki zdrowotnej 24 godziny na dob\u0119, 7 dni w tygodniu. Opieka Psychologiczna: Wsparcie psychologiczne dla pensjonariuszy i ich rodzin, aby pomaga\u0107 im w radzeniu sobie z wyzwaniami \u017cycia w starszym wieku. Aktywno\u015bci Kulturalne: Wyj\u015bcia do kina, teatru, na koncerty oraz zaj\u0119cia plastyczne, kt\u00f3re s\u0105 dostosowane do mo\u017cliwo\u015bci i zainteresowa\u0144 senior\u00f3w. Dogoterapia: Sesje z psami terapeutycznymi, kt\u00f3re przynosz\u0105 ukojenie i poprawiaj\u0105 nastr\u00f3j naszych mieszka\u0144c\u00f3w. \u00a0 W \u201eLe\u015bnym Zaciszu\u201d ka\u017cdy dzie\u0144 jest szans\u0105 na czerpanie rado\u015bci z \u017cycia w bezpiecznym i pe\u0142nym wsparcia \u015brodowisku.\u00a0 \u00a0 Zapraszamy do odwiedzenia nas i do\u0142\u0105czenia do naszej wsp\u00f3lnoty, gdzie dbamy o to, aby ka\u017cdy senior czu\u0142 si\u0119 jak w domu. Pliki do pobrania<\/p>\n","protected":false},"author":1,"featured_media":0,"parent":0,"menu_order":0,"comment_status":"closed","ping_status":"closed","template":"","meta":{"footnotes":""},"class_list":["post-839","page","type-page","status-publish","hentry"],"yoast_head":"<!-- This site is optimized with the Yoast SEO plugin v27.4 - https:\/\/yoast.com\/product\/yoast-seo-wordpress\/ -->\n<title>Dom Opieki Le\u015bny Zak\u0105tek - wordpressplugins<\/title>\n<meta name=\"robots\" content=\"index, follow, max-snippet:-1, max-image-preview:large, max-video-preview:-1\" \/>\n<link rel=\"canonical\" href=\"https:\/\/auxiliumfoundation.eu\/index.php\/dom-opieki-lesny-zakatek-2\/\" \/>\n<meta property=\"og:locale\" content=\"pl_PL\" \/>\n<meta property=\"og:type\" content=\"article\" \/>\n<meta property=\"og:title\" content=\"Dom Opieki Le\u015bny Zak\u0105tek - wordpressplugins\" \/>\n<meta property=\"og:description\" content=\"DOM OPIEKI\u00a0\u201eLe\u015bne Zacisze\u201d to miejsce, w kt\u00f3rym misj\u0105 jest zapewnienie kompleksowej opieki medycznej i piel\u0119gniarskiej seniorom potrzebuj\u0105cym codziennej asysty. Priorytetem jest tak\u017ce wspieranie \u017cycia spo\u0142ecznego i intelektualnego naszych pensjonariuszy, aby ka\u017cdy dzie\u0144 by\u0142 dla nich pe\u0142en spokoju i rado\u015bci. Naszym celem jest stworzenie aktywnej i integruj\u0105cej spo\u0142eczno\u015bci senior\u00f3w, dla kt\u00f3rej \u201eLe\u015bne Zacisze\u201d staje si\u0119 synonimem spokoju i jako\u015bci \u017cycia\u00a0 &#8211; Domem przez du\u017ce &#8222;D&#8221;. Oferujemy r\u00f3\u017cnorodne atrakcje i wydarzenia, kt\u00f3re s\u0105 dost\u0119pne zar\u00f3wno dla mieszka\u0144c\u00f3w o\u015brodka, jak i dla os\u00f3b z zewn\u0105trz rozwa\u017caj\u0105cych do\u0142\u0105czenie do naszej wsp\u00f3lnoty. \u00a0 Aktywno\u015bci dla Mieszka\u0144c\u00f3w Domu Terapia Zaj\u0119ciowa: Indywidualnie dostosowane sesje z terapeutami zaj\u0119ciowymi maj\u0105ce na celu utrzymanie lub popraw\u0119 zdolno\u015bci ruchowych i umys\u0142owych. Rehabilitacja: Codzienne sesje \u0107wicze\u0144 z fizjoterapeut\u0105, zar\u00f3wno grupowe, jak i indywidualne, dostosowane do indywidualnych potrzeb i mo\u017cliwo\u015bci naszych pensjonariuszy. Programy Spo\u0142eczne: Grupy wsparcia i spotkania integracyjne, kt\u00f3re pomagaj\u0105 budowa\u0107 silne relacje i poczucie przynale\u017cno\u015bci w\u015br\u00f3d mieszka\u0144c\u00f3w. Zaj\u0119cia Relaksacyjne: Sesje muzykoterapii i aromaterapii w strefie relaksu, kt\u00f3re sprzyjaj\u0105 odpr\u0119\u017ceniu i dobremu samopoczuciu. Dost\u0119p do Opieki Zdrowotnej: Mo\u017cliwo\u015b\u0107 zorganizowania wizyty lekarskiej na og\u00f3lnych zasadach korzystania z opieki zdrowotnej 24 godziny na dob\u0119, 7 dni w tygodniu. Opieka Psychologiczna: Wsparcie psychologiczne dla pensjonariuszy i ich rodzin, aby pomaga\u0107 im w radzeniu sobie z wyzwaniami \u017cycia w starszym wieku. Aktywno\u015bci Kulturalne: Wyj\u015bcia do kina, teatru, na koncerty oraz zaj\u0119cia plastyczne, kt\u00f3re s\u0105 dostosowane do mo\u017cliwo\u015bci i zainteresowa\u0144 senior\u00f3w. Dogoterapia: Sesje z psami terapeutycznymi, kt\u00f3re przynosz\u0105 ukojenie i poprawiaj\u0105 nastr\u00f3j naszych mieszka\u0144c\u00f3w. \u00a0 W \u201eLe\u015bnym Zaciszu\u201d ka\u017cdy dzie\u0144 jest szans\u0105 na czerpanie rado\u015bci z \u017cycia w bezpiecznym i pe\u0142nym wsparcia \u015brodowisku.\u00a0 \u00a0 Zapraszamy do odwiedzenia nas i do\u0142\u0105czenia do naszej wsp\u00f3lnoty, gdzie dbamy o to, aby ka\u017cdy senior czu\u0142 si\u0119 jak w domu. Pliki do pobrania\" \/>\n<meta property=\"og:url\" content=\"https:\/\/auxiliumfoundation.eu\/index.php\/dom-opieki-lesny-zakatek-2\/\" \/>\n<meta property=\"og:site_name\" content=\"wordpressplugins\" \/>\n<meta property=\"article:modified_time\" content=\"2025-06-16T07:19:32+00:00\" \/>\n<meta name=\"twitter:card\" content=\"summary_large_image\" \/>\n<meta name=\"twitter:label1\" content=\"Szacowany czas czytania\" \/>\n\t<meta name=\"twitter:data1\" content=\"2 minuty\" \/>\n<script type=\"application\/ld+json\" class=\"yoast-schema-graph\">{\"@context\":\"https:\\\/\\\/schema.org\",\"@graph\":[{\"@type\":\"WebPage\",\"@id\":\"https:\\\/\\\/auxiliumfoundation.eu\\\/index.php\\\/dom-opieki-lesny-zakatek-2\\\/\",\"url\":\"https:\\\/\\\/auxiliumfoundation.eu\\\/index.php\\\/dom-opieki-lesny-zakatek-2\\\/\",\"name\":\"Dom Opieki Le\u015bny Zak\u0105tek - wordpressplugins\",\"isPartOf\":{\"@id\":\"https:\\\/\\\/auxiliumfoundation.eu\\\/#website\"},\"datePublished\":\"2024-04-21T02:17:45+00:00\",\"dateModified\":\"2025-06-16T07:19:32+00:00\",\"breadcrumb\":{\"@id\":\"https:\\\/\\\/auxiliumfoundation.eu\\\/index.php\\\/dom-opieki-lesny-zakatek-2\\\/#breadcrumb\"},\"inLanguage\":\"pl-PL\",\"potentialAction\":[{\"@type\":\"ReadAction\",\"target\":[\"https:\\\/\\\/auxiliumfoundation.eu\\\/index.php\\\/dom-opieki-lesny-zakatek-2\\\/\"]}]},{\"@type\":\"BreadcrumbList\",\"@id\":\"https:\\\/\\\/auxiliumfoundation.eu\\\/index.php\\\/dom-opieki-lesny-zakatek-2\\\/#breadcrumb\",\"itemListElement\":[{\"@type\":\"ListItem\",\"position\":1,\"name\":\"Home\",\"item\":\"https:\\\/\\\/auxiliumfoundation.eu\\\/\"},{\"@type\":\"ListItem\",\"position\":2,\"name\":\"Dom Opieki Le\u015bny Zak\u0105tek\"}]},{\"@type\":\"WebSite\",\"@id\":\"https:\\\/\\\/auxiliumfoundation.eu\\\/#website\",\"url\":\"https:\\\/\\\/auxiliumfoundation.eu\\\/\",\"name\":\"wordpressplugins\",\"description\":\"\",\"potentialAction\":[{\"@type\":\"SearchAction\",\"target\":{\"@type\":\"EntryPoint\",\"urlTemplate\":\"https:\\\/\\\/auxiliumfoundation.eu\\\/?s={search_term_string}\"},\"query-input\":{\"@type\":\"PropertyValueSpecification\",\"valueRequired\":true,\"valueName\":\"search_term_string\"}}],\"inLanguage\":\"pl-PL\"}]}<\/script>\n<!-- \/ Yoast SEO plugin. -->","yoast_head_json":{"title":"Dom Opieki Le\u015bny Zak\u0105tek - wordpressplugins","robots":{"index":"index","follow":"follow","max-snippet":"max-snippet:-1","max-image-preview":"max-image-preview:large","max-video-preview":"max-video-preview:-1"},"canonical":"https:\/\/auxiliumfoundation.eu\/index.php\/dom-opieki-lesny-zakatek-2\/","og_locale":"pl_PL","og_type":"article","og_title":"Dom Opieki Le\u015bny Zak\u0105tek - wordpressplugins","og_description":"DOM OPIEKI\u00a0\u201eLe\u015bne Zacisze\u201d to miejsce, w kt\u00f3rym misj\u0105 jest zapewnienie kompleksowej opieki medycznej i piel\u0119gniarskiej seniorom potrzebuj\u0105cym codziennej asysty. Priorytetem jest tak\u017ce wspieranie \u017cycia spo\u0142ecznego i intelektualnego naszych pensjonariuszy, aby ka\u017cdy dzie\u0144 by\u0142 dla nich pe\u0142en spokoju i rado\u015bci. Naszym celem jest stworzenie aktywnej i integruj\u0105cej spo\u0142eczno\u015bci senior\u00f3w, dla kt\u00f3rej \u201eLe\u015bne Zacisze\u201d staje si\u0119 synonimem spokoju i jako\u015bci \u017cycia\u00a0 &#8211; Domem przez du\u017ce &#8222;D&#8221;. Oferujemy r\u00f3\u017cnorodne atrakcje i wydarzenia, kt\u00f3re s\u0105 dost\u0119pne zar\u00f3wno dla mieszka\u0144c\u00f3w o\u015brodka, jak i dla os\u00f3b z zewn\u0105trz rozwa\u017caj\u0105cych do\u0142\u0105czenie do naszej wsp\u00f3lnoty. \u00a0 Aktywno\u015bci dla Mieszka\u0144c\u00f3w Domu Terapia Zaj\u0119ciowa: Indywidualnie dostosowane sesje z terapeutami zaj\u0119ciowymi maj\u0105ce na celu utrzymanie lub popraw\u0119 zdolno\u015bci ruchowych i umys\u0142owych. Rehabilitacja: Codzienne sesje \u0107wicze\u0144 z fizjoterapeut\u0105, zar\u00f3wno grupowe, jak i indywidualne, dostosowane do indywidualnych potrzeb i mo\u017cliwo\u015bci naszych pensjonariuszy. Programy Spo\u0142eczne: Grupy wsparcia i spotkania integracyjne, kt\u00f3re pomagaj\u0105 budowa\u0107 silne relacje i poczucie przynale\u017cno\u015bci w\u015br\u00f3d mieszka\u0144c\u00f3w. Zaj\u0119cia Relaksacyjne: Sesje muzykoterapii i aromaterapii w strefie relaksu, kt\u00f3re sprzyjaj\u0105 odpr\u0119\u017ceniu i dobremu samopoczuciu. Dost\u0119p do Opieki Zdrowotnej: Mo\u017cliwo\u015b\u0107 zorganizowania wizyty lekarskiej na og\u00f3lnych zasadach korzystania z opieki zdrowotnej 24 godziny na dob\u0119, 7 dni w tygodniu. Opieka Psychologiczna: Wsparcie psychologiczne dla pensjonariuszy i ich rodzin, aby pomaga\u0107 im w radzeniu sobie z wyzwaniami \u017cycia w starszym wieku. Aktywno\u015bci Kulturalne: Wyj\u015bcia do kina, teatru, na koncerty oraz zaj\u0119cia plastyczne, kt\u00f3re s\u0105 dostosowane do mo\u017cliwo\u015bci i zainteresowa\u0144 senior\u00f3w. Dogoterapia: Sesje z psami terapeutycznymi, kt\u00f3re przynosz\u0105 ukojenie i poprawiaj\u0105 nastr\u00f3j naszych mieszka\u0144c\u00f3w. \u00a0 W \u201eLe\u015bnym Zaciszu\u201d ka\u017cdy dzie\u0144 jest szans\u0105 na czerpanie rado\u015bci z \u017cycia w bezpiecznym i pe\u0142nym wsparcia \u015brodowisku.\u00a0 \u00a0 Zapraszamy do odwiedzenia nas i do\u0142\u0105czenia do naszej wsp\u00f3lnoty, gdzie dbamy o to, aby ka\u017cdy senior czu\u0142 si\u0119 jak w domu. Pliki do pobrania","og_url":"https:\/\/auxiliumfoundation.eu\/index.php\/dom-opieki-lesny-zakatek-2\/","og_site_name":"wordpressplugins","article_modified_time":"2025-06-16T07:19:32+00:00","twitter_card":"summary_large_image","twitter_misc":{"Szacowany czas czytania":"2 minuty"},"schema":{"@context":"https:\/\/schema.org","@graph":[{"@type":"WebPage","@id":"https:\/\/auxiliumfoundation.eu\/index.php\/dom-opieki-lesny-zakatek-2\/","url":"https:\/\/auxiliumfoundation.eu\/index.php\/dom-opieki-lesny-zakatek-2\/","name":"Dom Opieki Le\u015bny Zak\u0105tek - wordpressplugins","isPartOf":{"@id":"https:\/\/auxiliumfoundation.eu\/#website"},"datePublished":"2024-04-21T02:17:45+00:00","dateModified":"2025-06-16T07:19:32+00:00","breadcrumb":{"@id":"https:\/\/auxiliumfoundation.eu\/index.php\/dom-opieki-lesny-zakatek-2\/#breadcrumb"},"inLanguage":"pl-PL","potentialAction":[{"@type":"ReadAction","target":["https:\/\/auxiliumfoundation.eu\/index.php\/dom-opieki-lesny-zakatek-2\/"]}]},{"@type":"BreadcrumbList","@id":"https:\/\/auxiliumfoundation.eu\/index.php\/dom-opieki-lesny-zakatek-2\/#breadcrumb","itemListElement":[{"@type":"ListItem","position":1,"name":"Home","item":"https:\/\/auxiliumfoundation.eu\/"},{"@type":"ListItem","position":2,"name":"Dom Opieki Le\u015bny Zak\u0105tek"}]},{"@type":"WebSite","@id":"https:\/\/auxiliumfoundation.eu\/#website","url":"https:\/\/auxiliumfoundation.eu\/","name":"wordpressplugins","description":"","potentialAction":[{"@type":"SearchAction","target":{"@type":"EntryPoint","urlTemplate":"https:\/\/auxiliumfoundation.eu\/?s={search_term_string}"},"query-input":{"@type":"PropertyValueSpecification","valueRequired":true,"valueName":"search_term_string"}}],"inLanguage":"pl-PL"}]}},"_links":{"self":[{"href":"https:\/\/auxiliumfoundation.eu\/index.php\/wp-json\/wp\/v2\/pages\/839","targetHints":{"allow":["GET"]}}],"collection":[{"href":"https:\/\/auxiliumfoundation.eu\/index.php\/wp-json\/wp\/v2\/pages"}],"about":[{"href":"https:\/\/auxiliumfoundation.eu\/index.php\/wp-json\/wp\/v2\/types\/page"}],"author":[{"embeddable":true,"href":"https:\/\/auxiliumfoundation.eu\/index.php\/wp-json\/wp\/v2\/users\/1"}],"replies":[{"embeddable":true,"href":"https:\/\/auxiliumfoundation.eu\/index.php\/wp-json\/wp\/v2\/comments?post=839"}],"version-history":[{"count":79,"href":"https:\/\/auxiliumfoundation.eu\/index.php\/wp-json\/wp\/v2\/pages\/839\/revisions"}],"predecessor-version":[{"id":1268,"href":"https:\/\/auxiliumfoundation.eu\/index.php\/wp-json\/wp\/v2\/pages\/839\/revisions\/1268"}],"wp:attachment":[{"href":"https:\/\/auxiliumfoundation.eu\/index.php\/wp-json\/wp\/v2\/media?parent=839"}],"curies":[{"name":"wp","href":"https:\/\/api.w.org\/{rel}","templated":true}]}}